{"id":49220,"date":"2024-02-27T20:07:48","date_gmt":"2024-02-27T12:07:48","guid":{"rendered":"https:\/\/gretasexylingerie.com\/?post_type=product&#038;p=49220"},"modified":"2024-02-29T13:46:42","modified_gmt":"2024-02-29T05:46:42","slug":"grossist-inspirerad-bondage-set","status":"publish","type":"product","link":"https:\/\/gretasexylingerie.com\/sv\/products\/wholesale-inspired-bondage-set\/","title":{"rendered":"Partihandel med femtio nyanser av gr\u00e5tt inspirerad Bondage Set"},"content":{"rendered":"<p><strong>F\u00f6rtrollande fj\u00e4rilstema<\/strong>: Ge dig in i en fantasisf\u00e4r med ett bondage-set som sammanfl\u00e4tar sk\u00f6nhet och \u00e5terh\u00e5llsamhet. De elektropl\u00e4terade metallfj\u00e4rilarna l\u00e4gger till en touch av nyckfullhet och elegans, vilket s\u00e4tter detta <strong>l\u00e4tt bondageutrustning<\/strong> f\u00f6rutom som ett konstverk lika mycket som en samling begr\u00e4nsningar.<\/p>\n\n\n\n<p><strong>Levande kontrasterande f\u00e4rger<\/strong>: Den sl\u00e5ende kontrasten mellan svart-r\u00f6da och bl\u00e5-r\u00f6da nyanser ger upps\u00e4ttningen ett extra lager av visuell tilltalande. Dessa f\u00e4rger f\u00f6rst\u00e4rker inte bara det estetiska utan symboliserar ocks\u00e5 passionen och intensiteten i upplevelserna den lovar att l\u00e5sa upp.<\/p>\n\n\n\n<p><strong>Omfattande samling f\u00f6r utforskning<\/strong>: Designad f\u00f6r dem som ger sig ut p\u00e5 sin S&amp;M-resa, detta <strong>s&amp;m startpaket<\/strong> inkluderar en l\u00e4derpaddel, \u00f6gonbindel, koppel, handbojor, ankelmanschetter, kragar, ett korssp\u00e4nne och en gag. Det \u00e4r ett kurerat urval av v\u00e4sentligheter som erbjuder en s\u00e4ker och elegant introduktion till dynamiken i maktspel.<\/p>\n\n\n\n<p><strong>Material av h\u00f6gsta kvalitet<\/strong>: Tillverkad med h\u00f6gkvalitativ PU och robust h\u00e5rdvara, varje del i setet \u00e4r byggd f\u00f6r h\u00e5llbarhet och komfort. Materialen \u00e4r valda f\u00f6r att s\u00e4kerst\u00e4lla en s\u00e4ker passform och f\u00f6r att motst\u00e5 p\u00e5frestningarna av passionerad anv\u00e4ndning, vilket ger sinnesfrid tillsammans med n\u00f6je.<\/p>\n\n\n\n<p><strong>Tematisk sammanh\u00e5llning och m\u00e5ngsidighet<\/strong>: Korsfj\u00e4rilstemat g\u00e5r igenom varje pj\u00e4s och skapar en sammanh\u00e5llen och uppslukande upplevelse. Detta set \u00e4r tillr\u00e4ckligt m\u00e5ngsidigt f\u00f6r att tillgodose en m\u00e4ngd olika preferenser, fr\u00e5n de som s\u00f6ker tjusningen av l\u00e4tt bondage till entusiaster som vill l\u00e4gga till ett tematiskt element till sitt spel.<\/p>\n\n\n\n<p><strong>Diskret f\u00f6rvaring och sk\u00f6tsel<\/strong>: Setets genomt\u00e4nkta design str\u00e4cker sig till f\u00f6rvaring, med varje del l\u00e4tt att organisera f\u00f6r diskretion. Det \u00e4r en nick till vikten av integritet och v\u00e5rden av din investering, vilket s\u00e4kerst\u00e4ller att setet f\u00f6rblir en omhuldad del av din samling.<\/p>\n\n\n\n<p>Dyk ner i beg\u00e4rets djup med v\u00e5rt bondageset med fj\u00e4rilstema, inspirerat av de ikoniska &quot;Fifty Shades of Grey&quot;. Det \u00e4r en inbjudan att utforska gr\u00e4nserna f\u00f6r njutning och \u00e5terh\u00e5llsamhet, insvept i sk\u00f6nheten i en fj\u00e4rils f\u00f6rvandling. Best\u00e4ll nu och vik ut din fantasis vingar!<\/p>","protected":false},"excerpt":{"rendered":"<p>F\u00f6rdjupa dig i v\u00e5r k\u00e4nsliga men v\u00e5gade v\u00e4rld <strong>femtio nyanser av gr\u00e5 bondage set<\/strong>, med ett korsfj\u00e4rilstema utsmyckat med metallelektropl\u00e4terade fj\u00e4rilar. Detta omfattande set kombinerar h\u00f6gkvalitativ PU-h\u00e5rdvara i f\u00e4ngslande svart-r\u00f6da och bl\u00e5-r\u00f6da kontraster.<\/p>","protected":false},"featured_media":49214,"template":"","meta":[],"product_brand":[],"product_cat":[1059,1061],"product_tag":[],"class_list":{"0":"post-49220","1":"product","2":"type-product","3":"status-publish","4":"has-post-thumbnail","6":"product_cat-wholesale-bondage-equipment","7":"product_cat-wholesale-bondage-gear","8":"pa_color-black","9":"pa_color-red-women-sexy-lingerie","11":"first","12":"instock","13":"taxable","14":"shipping-taxable","15":"purchasable","16":"product-type-variable"},"tiered_pricing_type":"fixed","tiered_pricing_fixed_rules":[],"tiered_pricing_product_settings":{"layout":"table","base_unit_name":{"singular":null,"plural":null},"default_variation":null},"tiered_pricing_minimum_quantity":null,"tiered_pricing_roles_data":[],"tiered_pricing_percentage_rules":[],"tiered_pricing_maximum_quantity":null,"tiered_pricing_quantity_step":null,"_links":{"self":[{"href":"https:\/\/gretasexylingerie.com\/sv\/wp-json\/wp\/v2\/product\/49220","targetHints":{"allow":["GET"]}}],"collection":[{"href":"https:\/\/gretasexylingerie.com\/sv\/wp-json\/wp\/v2\/product"}],"about":[{"href":"https:\/\/gretasexylingerie.com\/sv\/wp-json\/wp\/v2\/types\/product"}],"wp:featuredmedia":[{"embeddable":true,"href":"https:\/\/gretasexylingerie.com\/sv\/wp-json\/wp\/v2\/media\/49214"}],"wp:attachment":[{"href":"https:\/\/gretasexylingerie.com\/sv\/wp-json\/wp\/v2\/media?parent=49220"}],"wp:term":[{"taxonomy":"product_brand","embeddable":true,"href":"https:\/\/gretasexylingerie.com\/sv\/wp-json\/wp\/v2\/product_brand?post=49220"},{"taxonomy":"product_cat","embeddable":true,"href":"https:\/\/gretasexylingerie.com\/sv\/wp-json\/wp\/v2\/product_cat?post=49220"},{"taxonomy":"product_tag","embeddable":true,"href":"https:\/\/gretasexylingerie.com\/sv\/wp-json\/wp\/v2\/product_tag?post=49220"}],"curies":[{"name":"wp","href":"https:\/\/api.w.org\/{rel}","templated":true}]}}