{"id":49154,"date":"2024-02-27T20:03:04","date_gmt":"2024-02-27T12:03:04","guid":{"rendered":"https:\/\/gretasexylingerie.com\/?post_type=product&#038;p=49154"},"modified":"2024-02-29T12:22:35","modified_gmt":"2024-02-29T04:22:35","slug":"grossist-lader-lasning-bondage-redskap-med-strass","status":"publish","type":"product","link":"https:\/\/gretasexylingerie.com\/sv\/products\/wholesale-leather-locking-bondage-gear-with-rhinestones\/","title":{"rendered":"Partihandel l\u00e4der l\u00e5sning Bondage Gear med strass"},"content":{"rendered":"<p><strong>Eleganta spets- och diamantaccenter<\/strong>: Lyft din utforskning med denna upps\u00e4ttnings unika blandning av elegans och sp\u00e4nning. Den delikata spetsen prydd med skimrande diamanter ger en touch av glamour till det traditionella <strong>s&amp;m bondage utrustning<\/strong>, inbjudande till ett sensuellt spel av ljus och skugga som retar sinnena.<\/p>\n\n\n\n<p><strong>Omfattande samling f\u00f6r par<\/strong>: Det h\u00e4r setet inneh\u00e5ller allt som beh\u00f6vs f\u00f6r en razzia in i SM-flirting och bondage. Med en l\u00e4derpaddel, \u00f6gonbindel, dragrep, handbojor, benmanschetter och ett korssp\u00e4nne erbjuder den en komplett verktygsl\u00e5da f\u00f6r \u00e4ventyrliga par som vill f\u00f6rdjupa sin kontakt.<\/p>\n\n\n\n<p><strong>H\u00f6gkvalitativ PU och h\u00e5rdvara<\/strong>: Tillverkad av premium PU-l\u00e4der och h\u00f6gkvalitativ h\u00e5rdvara, varje del i detta set kombinerar h\u00e5llbarhet med komfort. Materialen \u00e4r valda inte bara f\u00f6r deras estetiska tilltal utan ocks\u00e5 f\u00f6r deras f\u00f6rm\u00e5ga att motst\u00e5 intensiteten i passionerade m\u00f6ten.<\/p>\n\n\n\n<p><strong>M\u00e5ngsidig svartvit design<\/strong>: Finns i b\u00e5de klassisk svart och or\u00f6rd vit, detta <strong>sexigt slavpaket<\/strong> tillgodoser olika smaker och milj\u00f6er. Oavsett om du dras till det dj\u00e4rva svarta eller renheten av vitt, lovar det h\u00e4r setet att matcha ditt hum\u00f6r och din inredning.<\/p>\n\n\n\n<p><strong>L\u00e5sfunktioner f\u00f6r f\u00f6rb\u00e4ttrat spel<\/strong>: L\u00e5smekanismen p\u00e5 v\u00e4xeln l\u00e4gger till ett extra lager av sp\u00e4nning och kontroll, perfekt f\u00f6r dem som vill utforska kraftdynamik p\u00e5 ett s\u00e4kert och samf\u00f6rst\u00e5ndsfullt s\u00e4tt. Det \u00e4r en idealisk funktion f\u00f6r b\u00e5de nyb\u00f6rjare och erfarna ut\u00f6vare som uppskattar den psykologiska sp\u00e4nningen med \u00e5terh\u00e5llsamhet.<\/p>\n\n\n\n<p><strong>Diskret och bekv\u00e4m f\u00f6rvaring<\/strong>: Det h\u00e4r setet lovar inte bara att l\u00e5sa upp nya upplevelser utan kommer ocks\u00e5 med en praktisk l\u00f6sning f\u00f6r f\u00f6rvaring. H\u00e5ll dina skatter undang\u00f6mda diskret, redo att avt\u00e4ckas n\u00e4rhelst \u00f6gonblicket infinner sig.<\/p>\n\n\n\n<p>Dyk in i en v\u00e4rld d\u00e4r fantasi m\u00f6ter verklighet med v\u00e5rt l\u00e5sande bondage-set. Det \u00e4r mer \u00e4n bara en samling f\u00f6rem\u00e5l; det \u00e4r en ink\u00f6rsport till nya niv\u00e5er av tillit, intimitet och njutning. Best\u00e4ll nu och f\u00f6rvandla vanliga \u00f6gonblick till extraordin\u00e4ra minnen med en touch av sofistikering<\/p>","protected":false},"excerpt":{"rendered":"<p>Ge dig ut p\u00e5 en uts\u00f6kt uppt\u00e4cktsresa med v\u00e5r <strong>l\u00e5sande bondage redskap<\/strong>, ett lyxigt tr\u00e4ningsset i l\u00e4der prydd med spets och diamanter, designat f\u00f6r par som vill utforska nya dimensioner av intimitet.<\/p>","protected":false},"featured_media":49145,"template":"","meta":[],"product_brand":[],"product_cat":[1059,1061],"product_tag":[],"class_list":{"0":"post-49154","1":"product","2":"type-product","3":"status-publish","4":"has-post-thumbnail","6":"product_cat-wholesale-bondage-equipment","7":"product_cat-wholesale-bondage-gear","8":"pa_color-black","9":"pa_color-white","11":"first","12":"instock","13":"taxable","14":"shipping-taxable","15":"purchasable","16":"product-type-variable"},"tiered_pricing_type":"fixed","tiered_pricing_fixed_rules":[],"tiered_pricing_product_settings":{"layout":"table","base_unit_name":{"singular":null,"plural":null},"default_variation":null},"tiered_pricing_minimum_quantity":null,"tiered_pricing_roles_data":[],"tiered_pricing_percentage_rules":[],"tiered_pricing_maximum_quantity":null,"tiered_pricing_quantity_step":null,"_links":{"self":[{"href":"https:\/\/gretasexylingerie.com\/sv\/wp-json\/wp\/v2\/product\/49154","targetHints":{"allow":["GET"]}}],"collection":[{"href":"https:\/\/gretasexylingerie.com\/sv\/wp-json\/wp\/v2\/product"}],"about":[{"href":"https:\/\/gretasexylingerie.com\/sv\/wp-json\/wp\/v2\/types\/product"}],"wp:featuredmedia":[{"embeddable":true,"href":"https:\/\/gretasexylingerie.com\/sv\/wp-json\/wp\/v2\/media\/49145"}],"wp:attachment":[{"href":"https:\/\/gretasexylingerie.com\/sv\/wp-json\/wp\/v2\/media?parent=49154"}],"wp:term":[{"taxonomy":"product_brand","embeddable":true,"href":"https:\/\/gretasexylingerie.com\/sv\/wp-json\/wp\/v2\/product_brand?post=49154"},{"taxonomy":"product_cat","embeddable":true,"href":"https:\/\/gretasexylingerie.com\/sv\/wp-json\/wp\/v2\/product_cat?post=49154"},{"taxonomy":"product_tag","embeddable":true,"href":"https:\/\/gretasexylingerie.com\/sv\/wp-json\/wp\/v2\/product_tag?post=49154"}],"curies":[{"name":"wp","href":"https:\/\/api.w.org\/{rel}","templated":true}]}}