{"id":49078,"date":"2024-02-26T14:59:16","date_gmt":"2024-02-26T06:59:16","guid":{"rendered":"https:\/\/gretasexylingerie.com\/?post_type=product&#038;p=49078"},"modified":"2024-02-26T16:45:21","modified_gmt":"2024-02-26T08:45:21","slug":"grossist-svart-strumpa-klanning-med-rygglos-utskarning","status":"publish","type":"product","link":"https:\/\/gretasexylingerie.com\/sv\/products\/wholesale-black-stocking-dress-with-backless-cutout\/","title":{"rendered":"Svart strumpkl\u00e4nning i grossistledet med ryggl\u00f6s design"},"content":{"rendered":"<p><strong>Ryggl\u00f6s design med sexiga utsk\u00e4rningar<\/strong>: Den h\u00e4r bodystocking-kl\u00e4nningen f\u00e4ngslar med sin v\u00e5gade ryggl\u00f6sa design, prydd med strategiskt placerade utsk\u00e4rningar som f\u00f6rst\u00e4rker dess lockelse. Denna funktion \u00e4r perfekt f\u00f6r dem som s\u00f6ker <strong>mesh t\u00e4ckkl\u00e4nningar<\/strong> som g\u00f6r ett dj\u00e4rvt uttalande.<\/p>\n\n\n\n<p><strong>Svart strumpa elegans<\/strong>: Den h\u00e4r kl\u00e4nningen \u00e4r gjord i klassisk svart och utstr\u00e5lar sofistikering och m\u00e5ngsidighet. Strumpmaterialet l\u00e4gger till ett lager av intriger, vilket g\u00f6r den till en framst\u00e5ende pj\u00e4s i alla <strong>bodycon kl\u00e4nning med fiskn\u00e4t<\/strong> samling.<\/p>\n\n\n\n<p><strong>Mesh Coverup med Bodycon Appeal<\/strong>: Meshmaterialet fungerar som en lockande t\u00e4ckmantel, medan bodycon-passformen framh\u00e4ver b\u00e4rarens siluett och erbjuder en perfekt blandning av tjusning och stil.<\/p>\n\n\n\n<p><strong>M\u00e5ngsidig och Fashion-Forward<\/strong>: Idealisk f\u00f6r olika tillf\u00e4llen, fr\u00e5n intima sammankomster till h\u00f6gmodeevenemang, den h\u00e4r kl\u00e4nningen ger b\u00e4rare m\u00f6jlighet att uttrycka sin unika stil och sj\u00e4lvf\u00f6rtroende.<\/p>\n\n\n\n<p><strong>Perfekt f\u00f6r olika samlingar<\/strong>: Oavsett om det g\u00e4ller en boutique eller en st\u00f6rre butik \u00e4r den h\u00e4r bodystocking-kl\u00e4nningen ett utm\u00e4rkt val. Det tilltalar kunder som s\u00f6ker innovativa, dj\u00e4rva och h\u00f6gkvalitativa underkl\u00e4der eller modeplagg.<\/p>\n\n\n\n<p>Bjud in dina kunder att omfamna deras dj\u00e4rva sida med v\u00e5r svarta strumpkl\u00e4nning. Dess unika design och uppm\u00e4rksamhet p\u00e5 detaljer g\u00f6r den till ett m\u00e5ste f\u00f6r alla kollektioner som vill erbjuda en blandning av edginess och stil. Best\u00e4ll nu och l\u00e4gg till en touch av v\u00e5gad elegans till dina erbjudanden!<\/p>","protected":false},"excerpt":{"rendered":"<p>Dyk in i tjusningen med v\u00e5r <strong>svart strumpkl\u00e4nning<\/strong>, en hypnotiserande mesh-coverup som kombinerar slankheten hos en bodycon-kl\u00e4nning med n\u00e4tens edginess, med sexiga ryggl\u00f6sa utsk\u00e4rningar.<\/p>","protected":false},"featured_media":49077,"template":"","meta":[],"product_brand":[],"product_cat":[405,406,404],"product_tag":[446,453],"class_list":{"0":"post-49078","1":"product","2":"type-product","3":"status-publish","4":"has-post-thumbnail","6":"product_cat-wholesale-bodystocking","7":"product_cat-wholesale-fishnet-dress","8":"product_cat-sexy-stocking","9":"product_tag-wholesale-sexy-see-through-lingerie","10":"product_tag-wholesale-sexy-naughty-lingerie","11":"pa_color-black","12":"pa_size-free","14":"first","15":"instock","16":"taxable","17":"shipping-taxable","18":"purchasable","19":"product-type-variable"},"tiered_pricing_type":"fixed","tiered_pricing_fixed_rules":[],"tiered_pricing_product_settings":{"layout":"table","base_unit_name":{"singular":null,"plural":null},"default_variation":null},"tiered_pricing_minimum_quantity":null,"tiered_pricing_roles_data":[],"tiered_pricing_percentage_rules":[],"tiered_pricing_maximum_quantity":null,"tiered_pricing_quantity_step":null,"_links":{"self":[{"href":"https:\/\/gretasexylingerie.com\/sv\/wp-json\/wp\/v2\/product\/49078","targetHints":{"allow":["GET"]}}],"collection":[{"href":"https:\/\/gretasexylingerie.com\/sv\/wp-json\/wp\/v2\/product"}],"about":[{"href":"https:\/\/gretasexylingerie.com\/sv\/wp-json\/wp\/v2\/types\/product"}],"wp:featuredmedia":[{"embeddable":true,"href":"https:\/\/gretasexylingerie.com\/sv\/wp-json\/wp\/v2\/media\/49077"}],"wp:attachment":[{"href":"https:\/\/gretasexylingerie.com\/sv\/wp-json\/wp\/v2\/media?parent=49078"}],"wp:term":[{"taxonomy":"product_brand","embeddable":true,"href":"https:\/\/gretasexylingerie.com\/sv\/wp-json\/wp\/v2\/product_brand?post=49078"},{"taxonomy":"product_cat","embeddable":true,"href":"https:\/\/gretasexylingerie.com\/sv\/wp-json\/wp\/v2\/product_cat?post=49078"},{"taxonomy":"product_tag","embeddable":true,"href":"https:\/\/gretasexylingerie.com\/sv\/wp-json\/wp\/v2\/product_tag?post=49078"}],"curies":[{"name":"wp","href":"https:\/\/api.w.org\/{rel}","templated":true}]}}