{"id":49071,"date":"2024-02-26T14:58:02","date_gmt":"2024-02-26T06:58:02","guid":{"rendered":"https:\/\/gretasexylingerie.com\/?post_type=product&#038;p=49071"},"modified":"2024-02-26T16:43:51","modified_gmt":"2024-02-26T08:43:51","slug":"grossist-oppen-gren-helkroppsnatstrumpa","status":"publish","type":"product","link":"https:\/\/gretasexylingerie.com\/sv\/products\/wholesale-open-crotch-full-body-fishnet-stocking\/","title":{"rendered":"Grossist n\u00e4tstrumpa med \u00f6ppen gren"},"content":{"rendered":"<p><strong>Halter Neck Design<\/strong>: Halterneck-designen p\u00e5 denna bodystocking ger en klassisk men sexig touch och ramar in axlarna och nacken vackert. Det \u00e4r perfekt f\u00f6r dem som s\u00f6ker en kombination av elegans och lockelse i sin <strong>kroppsstrumpa i \u00f6ppen gren<\/strong>.<\/p>\n\n\n\n<p><strong>Intrikata linjedetaljer<\/strong>: Denna kroppsstrumpa \u00e4r prydd med intrikata linjedesigner som konturer och framh\u00e4ver kroppens naturliga kurvor. Detaljerna tillf\u00f6r djup och textur, vilket g\u00f6r den till en framst\u00e5ende pj\u00e4s i alla <strong>outvert bodystocking<\/strong> samling.<\/p>\n\n\n\n<p><strong>\u00d6ppna grenfunktionen<\/strong>: Den \u00f6ppna grendesignen tillf\u00f6r ett element av dj\u00e4rvhet och sensualitet, och passar dem som vill l\u00e4gga till en v\u00e5gad del till sin underkl\u00e4dersgarderob. Den \u00e4r idealisk f\u00f6r intima tillf\u00e4llen och l\u00e4gger till ett lager av intriger och sp\u00e4nning.<\/p>\n\n\n\n<p><strong>Supersexigt tilltal<\/strong>: Denna helkroppsn\u00e4tstrumpa \u00e4r symbolen f\u00f6r sexiga underkl\u00e4der. Dess skira, genomskinliga tyg och kroppsn\u00e4ra passform ger en lockande inblick, vilket g\u00f6r den till ett m\u00e5ste f\u00f6r alla som vill lyfta sitt underkl\u00e4derspel.<\/p>\n\n\n\n<p><strong>M\u00e5ngsidig och st\u00e4rkande<\/strong>: Perfekt f\u00f6r olika tillf\u00e4llen, fr\u00e5n privata kv\u00e4llar till temafester, denna bodystocking ger b\u00e4rare m\u00f6jlighet att uttrycka sin unika stil och sj\u00e4lvf\u00f6rtroende.<\/p>\n\n\n\n<p><strong>Perfekt f\u00f6r olika samlingar<\/strong>: Oavsett om det g\u00e4ller en butik eller en st\u00f6rre butik, \u00e4r denna bodystocking ett utm\u00e4rkt val. Det tilltalar kunder som s\u00f6ker innovativa, dj\u00e4rva och h\u00f6gkvalitativa underkl\u00e4der.<\/p>\n\n\n\n<p>Bjud in dina kunder att omfamna deras dj\u00e4rva sida med v\u00e5r \u00f6ppna grenn\u00e4tstrumpa. Dess unika design och uppm\u00e4rksamhet p\u00e5 detaljer g\u00f6r den till ett m\u00e5ste f\u00f6r alla kollektioner som vill erbjuda en blandning av edginess och stil. Best\u00e4ll nu och l\u00e4gg till en touch av v\u00e5gad elegans till dina erbjudanden!<\/p>","protected":false},"excerpt":{"rendered":"<p>Dyk in i tjusningen med v\u00e5r <strong>sexig helkroppsstrumpa<\/strong>, en f\u00e4ngslande halterhalsdesign med intrikata linjedetaljer, med en \u00f6ppen gren f\u00f6r en extra touch av f\u00f6rf\u00f6relse.<\/p>","protected":false},"featured_media":49070,"template":"","meta":[],"product_brand":[],"product_cat":[405,407,404],"product_tag":[528,451,449,866],"class_list":{"0":"post-49071","1":"product","2":"type-product","3":"status-publish","4":"has-post-thumbnail","6":"product_cat-wholesale-bodystocking","7":"product_cat-wholesale-full-body-stocking","8":"product_cat-sexy-stocking","9":"product_tag-halter-lingerie","10":"product_tag-wholesale-revealing-lingerie","11":"product_tag-wholesale-sexy-crotchless-lingerie","12":"product_tag-sexy-romper-lingerie","13":"pa_color-black","14":"pa_size-free","16":"first","17":"instock","18":"taxable","19":"shipping-taxable","20":"purchasable","21":"product-type-variable"},"tiered_pricing_type":"fixed","tiered_pricing_fixed_rules":[],"tiered_pricing_product_settings":{"layout":"table","base_unit_name":{"singular":null,"plural":null},"default_variation":null},"tiered_pricing_minimum_quantity":null,"tiered_pricing_roles_data":[],"tiered_pricing_percentage_rules":[],"tiered_pricing_maximum_quantity":null,"tiered_pricing_quantity_step":null,"_links":{"self":[{"href":"https:\/\/gretasexylingerie.com\/sv\/wp-json\/wp\/v2\/product\/49071","targetHints":{"allow":["GET"]}}],"collection":[{"href":"https:\/\/gretasexylingerie.com\/sv\/wp-json\/wp\/v2\/product"}],"about":[{"href":"https:\/\/gretasexylingerie.com\/sv\/wp-json\/wp\/v2\/types\/product"}],"wp:featuredmedia":[{"embeddable":true,"href":"https:\/\/gretasexylingerie.com\/sv\/wp-json\/wp\/v2\/media\/49070"}],"wp:attachment":[{"href":"https:\/\/gretasexylingerie.com\/sv\/wp-json\/wp\/v2\/media?parent=49071"}],"wp:term":[{"taxonomy":"product_brand","embeddable":true,"href":"https:\/\/gretasexylingerie.com\/sv\/wp-json\/wp\/v2\/product_brand?post=49071"},{"taxonomy":"product_cat","embeddable":true,"href":"https:\/\/gretasexylingerie.com\/sv\/wp-json\/wp\/v2\/product_cat?post=49071"},{"taxonomy":"product_tag","embeddable":true,"href":"https:\/\/gretasexylingerie.com\/sv\/wp-json\/wp\/v2\/product_tag?post=49071"}],"curies":[{"name":"wp","href":"https:\/\/api.w.org\/{rel}","templated":true}]}}