{"id":48791,"date":"2024-01-26T11:15:32","date_gmt":"2024-01-26T03:15:32","guid":{"rendered":"https:\/\/gretasexylingerie.com\/?post_type=product&#038;p=48791"},"modified":"2024-02-20T11:40:26","modified_gmt":"2024-02-20T03:40:26","slug":"broderade-bh-och-trosor-i-grossistledet","status":"publish","type":"product","link":"https:\/\/gretasexylingerie.com\/sv\/products\/wholesale-embroidered-bra-and-panty-set\/","title":{"rendered":"Grossistf\u00f6rs\u00e4ljning av broderade bh och trosor med rosa n\u00e4tkjol"},"content":{"rendered":"<p><strong>Uts\u00f6kt broderade detaljer<\/strong>: Det h\u00e4r setet visar vackert broderade blommor och erbjuder ett lyxigt och sofistikerat utseende. Det intrikata broderiet \u00e4r idealiskt f\u00f6r dem som uppskattar de finare detaljerna i sina <strong>dyrt BH och trosset<\/strong>, vilket g\u00f6r det till ett perfekt val f\u00f6r exklusiva butiker.<\/p>\n<p><strong>Rosa Mesh kjol<\/strong>: Till\u00e4gget av en rosa mesh-kjol ger en unik och lekfull touch till setet. Denna funktion f\u00f6rst\u00e4rker inte bara den estetiska \u00f6verklagandet utan l\u00e4gger ocks\u00e5 till en k\u00e4nsla av nyckfullhet och charm, som skiljer den \u00e5t i alla <strong>set underkl\u00e4nning<\/strong> samling.<\/p>\n<p><strong>Transparent Mesh-tyg<\/strong>Anv\u00e4ndningen av transparent mesh i bh- och trossetet ger en lockande glimt av vad som finns under, och skapar en perfekt balans mellan lockelse och elegans. Det \u00e4r ett idealiskt val f\u00f6r kunder som s\u00f6ker underkl\u00e4der som \u00e4r b\u00e5de f\u00f6rf\u00f6riska och smakfullt designade.<\/p>\n<p><strong>Lyxigt och feminint<\/strong>: Kombinationen av rosa mesh och delikat broderi skapar en lyxig och feminin look. Detta set \u00e4r perfekt f\u00f6r kunder som vill ha underkl\u00e4der som k\u00e4nns lika \u00f6verd\u00e5diga som de ser ut.<\/p>\n<p><strong>M\u00e5ngsidig och tidl\u00f6s<\/strong>: Detta BH- och trosset \u00e4r ett m\u00e5ngsidigt tillskott till alla underkl\u00e4deskollektioner. Dess tidl\u00f6sa design s\u00e4kerst\u00e4ller att den f\u00f6rblir ett favoritval f\u00f6r en m\u00e4ngd olika tillf\u00e4llen, fr\u00e5n speciella kv\u00e4llar till vardagslyx.<\/p>\n<p><strong>Perfekt f\u00f6r olika samlingar<\/strong>: Oavsett om det g\u00e4ller en boutique eller en st\u00f6rre butik \u00e4r detta set ett utm\u00e4rkt val. Den tilltalar ett brett spektrum av kunder som s\u00f6ker kvalitet, elegans och stil i sina underkl\u00e4der.<\/p>\n<p>Bjud in dina kunder att uppleva den lyxiga charmen med v\u00e5rt broderade BH- och trosset. Dess unika design och uppm\u00e4rksamhet p\u00e5 detaljer g\u00f6r den till ett m\u00e5ste f\u00f6r alla kollektioner som vill erbjuda en blandning av sofistikering och modern stil. Best\u00e4ll nu f\u00f6r att l\u00e4gga till en touch av raffinerad sk\u00f6nhet till dina erbjudanden!<\/p>\n\n\n<figure class=\"wp-block-table\"><table><tbody><tr><td class=\"has-text-align-center\" data-align=\"center\" colspan=\"7\"><strong>Storlekstabell (CM)<\/strong><\/td><\/tr><tr><td class=\"has-text-align-center\" data-align=\"center\"><strong>Storlek<\/strong><\/td><td class=\"has-text-align-center\" data-align=\"center\"><strong>Kopph\u00f6jd (cm)<\/strong><\/td><td class=\"has-text-align-center\" data-align=\"center\"><strong>Underbyst (cm)<\/strong><\/td><td class=\"has-text-align-center\" data-align=\"center\"><strong>Trosor midja (cm)<\/strong><\/td><td class=\"has-text-align-center\" data-align=\"center\"><strong>Trosan L\u00e4ngd (cm)<\/strong><\/td><td><strong>Midja (cm)<\/strong><\/td><\/tr><tr><td class=\"has-text-align-center\" data-align=\"center\">S<\/td><td class=\"has-text-align-center\" data-align=\"center\">16<\/td><td class=\"has-text-align-center\" data-align=\"center\">68<\/td><td class=\"has-text-align-center\" data-align=\"center\">64<\/td><td class=\"has-text-align-center\" data-align=\"center\">24<\/td><td>64<\/td><\/tr><tr><td class=\"has-text-align-center\" data-align=\"center\">M<\/td><td class=\"has-text-align-center\" data-align=\"center\">17<\/td><td class=\"has-text-align-center\" data-align=\"center\">72<\/td><td class=\"has-text-align-center\" data-align=\"center\">68<\/td><td class=\"has-text-align-center\" data-align=\"center\">25<\/td><td>68<\/td><\/tr><tr><td class=\"has-text-align-center\" data-align=\"center\">L<\/td><td class=\"has-text-align-center\" data-align=\"center\">18<\/td><td class=\"has-text-align-center\" data-align=\"center\">76<\/td><td class=\"has-text-align-center\" data-align=\"center\">72<\/td><td class=\"has-text-align-center\" data-align=\"center\">26<\/td><td>72<\/td><\/tr><tr><td class=\"has-text-align-center\" data-align=\"center\">XL<\/td><td class=\"has-text-align-center\" data-align=\"center\">19<\/td><td class=\"has-text-align-center\" data-align=\"center\">80<\/td><td class=\"has-text-align-center\" data-align=\"center\">76<\/td><td class=\"has-text-align-center\" data-align=\"center\">27<\/td><td>76<\/td><\/tr><tr><td class=\"has-text-align-center\" data-align=\"center\" colspan=\"7\"><strong>Storlekstabell (INCH)<\/strong><\/td><\/tr><tr><td class=\"has-text-align-center\" data-align=\"center\"><strong>Storlek<\/strong><\/td><td class=\"has-text-align-center\" data-align=\"center\"><strong>Kopph\u00f6jd (in)<\/strong><\/td><td class=\"has-text-align-center\" data-align=\"center\"><strong>Underbyst (in)<\/strong><\/td><td class=\"has-text-align-center\" data-align=\"center\"><strong>Trosor midja (in)<\/strong><\/td><td class=\"has-text-align-center\" data-align=\"center\"><strong>Trosan L\u00e4ngd (in)<\/strong><\/td><td><strong>Midja (in)<\/strong><\/td><\/tr><tr><td class=\"has-text-align-center\" data-align=\"center\">S<\/td><td class=\"has-text-align-center\" data-align=\"center\">6.30<\/td><td class=\"has-text-align-center\" data-align=\"center\">26.77<\/td><td class=\"has-text-align-center\" data-align=\"center\">25.20<\/td><td class=\"has-text-align-center\" data-align=\"center\">9.45<\/td><td>25.20<\/td><\/tr><tr><td class=\"has-text-align-center\" data-align=\"center\">M<\/td><td class=\"has-text-align-center\" data-align=\"center\">6.69<\/td><td class=\"has-text-align-center\" data-align=\"center\">28.35<\/td><td class=\"has-text-align-center\" data-align=\"center\">26.77<\/td><td class=\"has-text-align-center\" data-align=\"center\">9.84<\/td><td>26.77<\/td><\/tr><tr><td class=\"has-text-align-center\" data-align=\"center\">L<\/td><td class=\"has-text-align-center\" data-align=\"center\">7.09<\/td><td class=\"has-text-align-center\" data-align=\"center\">29.92<\/td><td class=\"has-text-align-center\" data-align=\"center\">28.35<\/td><td class=\"has-text-align-center\" data-align=\"center\">10.24<\/td><td>28.35<\/td><\/tr><tr><td class=\"has-text-align-center\" data-align=\"center\">XL<\/td><td class=\"has-text-align-center\" data-align=\"center\">7.48<\/td><td class=\"has-text-align-center\" data-align=\"center\">31.50<\/td><td class=\"has-text-align-center\" data-align=\"center\">29.92<\/td><td class=\"has-text-align-center\" data-align=\"center\">10.63<\/td><td>29.92<\/td><\/tr><\/tbody><\/table><\/figure>","protected":false},"excerpt":{"rendered":"<p>Njut av v\u00e5r elegans <strong>broderad bh och trosa set<\/strong>, med en rosa mesh-kjol med vackert broderade blommor p\u00e5 transparent mesh, som symboliserar lyxiga underkl\u00e4der.<\/p>","protected":false},"featured_media":48783,"template":"","meta":[],"product_brand":[],"product_cat":[378,379,367],"product_tag":[507,448,454,446],"class_list":{"0":"post-48791","1":"product","2":"type-product","3":"status-publish","4":"has-post-thumbnail","6":"product_cat-wholesale-garter-straps","7":"product_cat-wholesale-harness-bodysuit","8":"product_cat-sexy-lingerie","9":"product_tag-three-pcs-set","10":"product_tag-wholesale-elegant-sexy-lingerie","11":"product_tag-wholesale-sexy-embroidered-lingerie","12":"product_tag-wholesale-sexy-see-through-lingerie","13":"pa_color-pink-women-sexy-lingerie","14":"pa_size-wholesale-large-size-women-sexy-lingerie","15":"pa_size-wholesale-medium-size-women-sexy-lingerie","16":"pa_size-wholesale-small-size-sexy-lingerie","17":"pa_size-wholesale-extra-large-sexy-lingerie","19":"first","20":"instock","21":"taxable","22":"shipping-taxable","23":"purchasable","24":"product-type-variable"},"tiered_pricing_type":"fixed","tiered_pricing_fixed_rules":[],"tiered_pricing_product_settings":{"layout":"table","base_unit_name":{"singular":null,"plural":null},"default_variation":null},"tiered_pricing_minimum_quantity":null,"tiered_pricing_roles_data":[],"tiered_pricing_percentage_rules":[],"tiered_pricing_maximum_quantity":null,"tiered_pricing_quantity_step":null,"_links":{"self":[{"href":"https:\/\/gretasexylingerie.com\/sv\/wp-json\/wp\/v2\/product\/48791","targetHints":{"allow":["GET"]}}],"collection":[{"href":"https:\/\/gretasexylingerie.com\/sv\/wp-json\/wp\/v2\/product"}],"about":[{"href":"https:\/\/gretasexylingerie.com\/sv\/wp-json\/wp\/v2\/types\/product"}],"wp:featuredmedia":[{"embeddable":true,"href":"https:\/\/gretasexylingerie.com\/sv\/wp-json\/wp\/v2\/media\/48783"}],"wp:attachment":[{"href":"https:\/\/gretasexylingerie.com\/sv\/wp-json\/wp\/v2\/media?parent=48791"}],"wp:term":[{"taxonomy":"product_brand","embeddable":true,"href":"https:\/\/gretasexylingerie.com\/sv\/wp-json\/wp\/v2\/product_brand?post=48791"},{"taxonomy":"product_cat","embeddable":true,"href":"https:\/\/gretasexylingerie.com\/sv\/wp-json\/wp\/v2\/product_cat?post=48791"},{"taxonomy":"product_tag","embeddable":true,"href":"https:\/\/gretasexylingerie.com\/sv\/wp-json\/wp\/v2\/product_tag?post=48791"}],"curies":[{"name":"wp","href":"https:\/\/api.w.org\/{rel}","templated":true}]}}