{"id":48685,"date":"2024-01-26T11:03:04","date_gmt":"2024-01-26T03:03:04","guid":{"rendered":"https:\/\/gretasexylingerie.com\/?post_type=product&#038;p=48685"},"modified":"2024-02-23T00:27:26","modified_gmt":"2024-02-22T16:27:26","slug":"grossist-modern-bh-och-trosor-set","status":"publish","type":"product","link":"https:\/\/gretasexylingerie.com\/sv\/products\/wholesale-modern-bra-and-panties-set\/","title":{"rendered":"Grossist modern bh och trosor Set med strumpeband"},"content":{"rendered":"<p><strong>Korsade axelremmar<\/strong>: Korsaxelremmarna i detta set ger en modern och snygg twist till den klassiska bh-designen. Denna funktion f\u00f6rst\u00e4rker inte bara den estetiska \u00f6verklagandet utan ger ocks\u00e5 en s\u00e4ker och bekv\u00e4m passform, vilket g\u00f6r den till ett popul\u00e4rt val i alla <strong>modern bh och trosor<\/strong> samling.<\/p>\n\n\n\n<p><strong>Transparent n\u00e4tmaterial<\/strong>: Anv\u00e4ndningen av transparent meshmaterial i b\u00e5de bh:n och trosorna ger en lockande men \u00e4nd\u00e5 sofistikerad look. Denna rena elegans \u00e4r perfekt f\u00f6r dem som uppskattar tjusningen av subtilitet i sina underkl\u00e4der, vilket g\u00f6r det till en framst\u00e5ende pj\u00e4s i alla <strong>underkl\u00e4der set transparent<\/strong> r\u00e4ckvidd.<\/p>\n\n\n\n<p><strong>Fyra lager midjeband och ben\u00f6glor<\/strong>: Midjebandet och ben\u00f6glorna \u00e4r sammansatta av fyra lager remmar, vilket ger setet en unik och f\u00e4ngslande dimension. Dessa intrikata detaljer \u00e4r idealiska f\u00f6r kunder som letar efter underkl\u00e4der som kombinerar dj\u00e4rv design med en touch av elegans.<\/p>\n\n\n\n<p><strong>M\u00e5ngsidig och Fashion-Forward<\/strong>: Det h\u00e4r setet \u00e4r inte bara underkl\u00e4der; det \u00e4r ett fashion statement. Dess unika design och uppm\u00e4rksamhet p\u00e5 detaljer g\u00f6r den till ett m\u00e5ste f\u00f6r alla kollektioner som vill erbjuda en blandning av modern stil och sensualitet.<\/p>\n\n\n\n<p><strong>Perfekt f\u00f6r olika tillf\u00e4llen<\/strong>: Oavsett om det \u00e4r f\u00f6r en speciell utekv\u00e4ll, en romantisk kv\u00e4ll eller som ett dj\u00e4rvt modestatement, \u00e4r detta set med bh och strumpeband m\u00e5ngsidigt nog att passa olika tillf\u00e4llen, vilket g\u00f6r det till ett v\u00e4rdefullt tillskott till alla underkl\u00e4der eller modekollektioner.<\/p>\n\n\n\n<p>Bjud in dina kunder att uppleva den moderna charmen med v\u00e5rt set med bh och strumpeband. Dess moderna design och uppm\u00e4rksamhet p\u00e5 detaljer g\u00f6r den till ett enast\u00e5ende tillskott till alla exklusiva underkl\u00e4deskollektioner. Best\u00e4ll nu och ge dina kunder en touch av sofistikering, stil och modern elegans!<\/p>\n\n\n\n<figure class=\"wp-block-table\"><table><tbody><tr><td class=\"has-text-align-center\" data-align=\"center\" colspan=\"6\"><strong>Storlekstabell (CM)<\/strong><\/td><\/tr><tr><td class=\"has-text-align-center\" data-align=\"center\"><strong>Storlek<\/strong><\/td><td class=\"has-text-align-center\" data-align=\"center\"><strong>L\u00e4ngd (cm)<\/strong><\/td><td class=\"has-text-align-center\" data-align=\"center\"><strong>Under byst (cm)<\/strong><\/td><td class=\"has-text-align-center\" data-align=\"center\"><strong>Trosor midja (cm)<\/strong><\/td><td class=\"has-text-align-center\" data-align=\"center\"><strong>Midja (cm)<\/strong><\/td><td class=\"has-text-align-center\" data-align=\"center\"><strong>Trosan L\u00e4ngd (cm)<\/strong><\/td><\/tr><tr><td class=\"has-text-align-center\" data-align=\"center\">S<\/td><td class=\"has-text-align-center\" data-align=\"center\">14<\/td><td class=\"has-text-align-center\" data-align=\"center\">64-84<\/td><td class=\"has-text-align-center\" data-align=\"center\">64-88<\/td><td class=\"has-text-align-center\" data-align=\"center\">66<\/td><td class=\"has-text-align-center\" data-align=\"center\">21<\/td><\/tr><tr><td class=\"has-text-align-center\" data-align=\"center\">M<\/td><td class=\"has-text-align-center\" data-align=\"center\">14.5<\/td><td class=\"has-text-align-center\" data-align=\"center\">68-88<\/td><td class=\"has-text-align-center\" data-align=\"center\">68-92<\/td><td class=\"has-text-align-center\" data-align=\"center\">70<\/td><td class=\"has-text-align-center\" data-align=\"center\">22<\/td><\/tr><tr><td class=\"has-text-align-center\" data-align=\"center\">L<\/td><td class=\"has-text-align-center\" data-align=\"center\">15<\/td><td class=\"has-text-align-center\" data-align=\"center\">72-92<\/td><td class=\"has-text-align-center\" data-align=\"center\">72-96<\/td><td class=\"has-text-align-center\" data-align=\"center\">74<\/td><td class=\"has-text-align-center\" data-align=\"center\">23<\/td><\/tr><tr><td class=\"has-text-align-center\" data-align=\"center\" colspan=\"6\"><strong>Storlekstabell (INCH)<\/strong><\/td><\/tr><tr><td class=\"has-text-align-center\" data-align=\"center\"><strong>Storlek<\/strong><\/td><td class=\"has-text-align-center\" data-align=\"center\"><strong>L\u00e4ngd (tum)<\/strong><\/td><td class=\"has-text-align-center\" data-align=\"center\"><strong>Under byst (in)<\/strong><\/td><td class=\"has-text-align-center\" data-align=\"center\"><strong>Trosor midja (in)<\/strong><\/td><td class=\"has-text-align-center\" data-align=\"center\"><strong>Midja (in)<\/strong><\/td><td class=\"has-text-align-center\" data-align=\"center\"><strong>Trosan L\u00e4ngd (in)<\/strong><\/td><\/tr><tr><td class=\"has-text-align-center\" data-align=\"center\">S<\/td><td class=\"has-text-align-center\" data-align=\"center\">5.51<\/td><td class=\"has-text-align-center\" data-align=\"center\">25.20-33.07<\/td><td class=\"has-text-align-center\" data-align=\"center\">25.20-34.65<\/td><td class=\"has-text-align-center\" data-align=\"center\">25.98<\/td><td class=\"has-text-align-center\" data-align=\"center\">8.27<\/td><\/tr><tr><td class=\"has-text-align-center\" data-align=\"center\">M<\/td><td class=\"has-text-align-center\" data-align=\"center\">5.71<\/td><td class=\"has-text-align-center\" data-align=\"center\">26.77-34.65<\/td><td class=\"has-text-align-center\" data-align=\"center\">26.77-36.22<\/td><td class=\"has-text-align-center\" data-align=\"center\">27.56<\/td><td class=\"has-text-align-center\" data-align=\"center\">8.66<\/td><\/tr><tr><td class=\"has-text-align-center\" data-align=\"center\">L<\/td><td class=\"has-text-align-center\" data-align=\"center\">5.91<\/td><td class=\"has-text-align-center\" data-align=\"center\">28.35-36.22<\/td><td class=\"has-text-align-center\" data-align=\"center\">28.35-37.80<\/td><td class=\"has-text-align-center\" data-align=\"center\">29.13<\/td><td class=\"has-text-align-center\" data-align=\"center\">9.06<\/td><\/tr><\/tbody><\/table><\/figure>","protected":false},"excerpt":{"rendered":"<p>Omfamna modern tjusning med v\u00e5r <strong>BH och strumpebandset<\/strong>, med korsade axelremmar och genomskinligt meshmaterial, kompletterat med ett unikt fyralagers midjeband och ben\u00f6glor.<\/p>","protected":false},"featured_media":48653,"template":"","meta":[],"product_brand":[],"product_cat":[378,367,375],"product_tag":[507,452,524,447],"class_list":{"0":"post-48685","1":"product","2":"type-product","3":"status-publish","4":"has-post-thumbnail","6":"product_cat-wholesale-garter-straps","7":"product_cat-sexy-lingerie","8":"product_cat-whoelsale-sheer-bra-and-panty-sets","9":"product_tag-three-pcs-set","10":"product_tag-wholesale-boudoir-lingerie","11":"product_tag-metal-lingerie","12":"product_tag-wholesale-strappy-sexy-lingerie","13":"pa_color-bisque-women-sexy-lingerie","14":"pa_color-black","15":"pa_color-lime-women-sexy-lingerie","16":"pa_color-red-women-sexy-lingerie","17":"pa_size-wholesale-large-size-women-sexy-lingerie","18":"pa_size-wholesale-medium-size-women-sexy-lingerie","19":"pa_size-wholesale-small-size-sexy-lingerie","21":"first","22":"instock","23":"taxable","24":"shipping-taxable","25":"purchasable","26":"product-type-variable"},"tiered_pricing_type":"fixed","tiered_pricing_fixed_rules":[],"tiered_pricing_product_settings":{"layout":"table","base_unit_name":{"singular":null,"plural":null},"default_variation":null},"tiered_pricing_minimum_quantity":null,"tiered_pricing_roles_data":[],"tiered_pricing_percentage_rules":[],"tiered_pricing_maximum_quantity":null,"tiered_pricing_quantity_step":null,"_links":{"self":[{"href":"https:\/\/gretasexylingerie.com\/sv\/wp-json\/wp\/v2\/product\/48685","targetHints":{"allow":["GET"]}}],"collection":[{"href":"https:\/\/gretasexylingerie.com\/sv\/wp-json\/wp\/v2\/product"}],"about":[{"href":"https:\/\/gretasexylingerie.com\/sv\/wp-json\/wp\/v2\/types\/product"}],"wp:featuredmedia":[{"embeddable":true,"href":"https:\/\/gretasexylingerie.com\/sv\/wp-json\/wp\/v2\/media\/48653"}],"wp:attachment":[{"href":"https:\/\/gretasexylingerie.com\/sv\/wp-json\/wp\/v2\/media?parent=48685"}],"wp:term":[{"taxonomy":"product_brand","embeddable":true,"href":"https:\/\/gretasexylingerie.com\/sv\/wp-json\/wp\/v2\/product_brand?post=48685"},{"taxonomy":"product_cat","embeddable":true,"href":"https:\/\/gretasexylingerie.com\/sv\/wp-json\/wp\/v2\/product_cat?post=48685"},{"taxonomy":"product_tag","embeddable":true,"href":"https:\/\/gretasexylingerie.com\/sv\/wp-json\/wp\/v2\/product_tag?post=48685"}],"curies":[{"name":"wp","href":"https:\/\/api.w.org\/{rel}","templated":true}]}}