{"id":48618,"date":"2024-01-26T10:54:06","date_gmt":"2024-01-26T02:54:06","guid":{"rendered":"https:\/\/gretasexylingerie.com\/?post_type=product&#038;p=48618"},"modified":"2024-12-29T17:27:29","modified_gmt":"2024-12-29T09:27:29","slug":"grossist-snygg-genomskinlig-bh-trosa-set","status":"publish","type":"product","link":"https:\/\/gretasexylingerie.com\/sv\/products\/wholesale-stylish-see-through-bra-panty-set\/","title":{"rendered":"Snygga genomskinliga bh-byxor i grossistledet med broderier"},"content":{"rendered":"<p><strong>Transparent Mesh Elegance<\/strong>: Setets genomskinliga meshtyg erbjuder en lockande men \u00e4nd\u00e5 sofistikerad look, perfekt f\u00f6r dem som uppskattar tjusningen med genomskinliga m\u00f6nster. Denna funktion g\u00f6r setet till ett enast\u00e5ende val i alla <strong>se igenom bh och trosor set<\/strong> samling.<\/p>\n\n\n\n<p><strong>Uts\u00f6kt broderidetaljer<\/strong>: Varje del \u00e4r prydd med delikat broderi, vilket ger en touch av lyx och kr\u00e5nglighet. Detta fina hantverk tilltalar kunder som v\u00e4rdes\u00e4tter detaljerad och konstn\u00e4rlig design i sina underkl\u00e4der, och erbjuder en unik och elegant touch.<\/p>\n\n\n\n<p><strong>Halter hals och axelremsdesign<\/strong>: Den innovativa kombinationen av grimma och axelband ger b\u00e5de stil och st\u00f6d. Detta designelement l\u00e4gger till en modern twist till setet, vilket g\u00f6r det till ett moderiktigt val f\u00f6r <strong>bh trosa senaste design<\/strong> s\u00f6kare.<\/p>\n\n\n\n<p><strong>Komplett ensemble i fyra delar<\/strong>: Inklusive en bh, trosa, strumpeband och benring, erbjuder detta set en koordinerad och komplett look som \u00e4r b\u00e5de lyxig och lockande. Det \u00e4r perfekt f\u00f6r kunder som letar efter en helt\u00e4ckande l\u00f6sning f\u00f6r underkl\u00e4der.<\/p>\n\n\n\n<p><strong>M\u00e5ngsidig och Fashion-Forward<\/strong>: Det h\u00e4r setet \u00e4r inte bara underkl\u00e4der; det \u00e4r ett fashion statement. Dess unika design och uppm\u00e4rksamhet p\u00e5 detaljer g\u00f6r den till ett m\u00e5ste f\u00f6r alla kollektioner som vill erbjuda en blandning av modern stil och klassisk elegans.<\/p>\n\n\n\n<p><strong>Perfekt f\u00f6r olika samlingar<\/strong>: Oavsett om det g\u00e4ller en boutique eller en st\u00f6rre butik \u00e4r detta set ett utm\u00e4rkt val. Den tilltalar ett brett spektrum av kunder som s\u00f6ker kvalitet, komfort och stil i sina underkl\u00e4der.<\/p>\n\n\n\n<p>Bjud in dina kunder att uppleva den lyxiga charmen med v\u00e5rt snygga set med bh och trosor. Dess uts\u00f6kta design och uppm\u00e4rksamhet p\u00e5 detaljer g\u00f6r den till ett m\u00e5ste f\u00f6r alla exklusiva underkl\u00e4deskollektioner. Best\u00e4ll nu f\u00f6r att erbjuda dina kunder en touch av sofistikering och modern stil!<\/p>\n\n\n\n<figure class=\"wp-block-table\"><table><tbody><tr><td class=\"has-text-align-center\" data-align=\"center\" colspan=\"6\"><strong>Storlekstabell (CM)<\/strong><\/td><\/tr><tr><td class=\"has-text-align-center\" data-align=\"center\"><strong>Storlek<\/strong><\/td><td class=\"has-text-align-center\" data-align=\"center\"><strong>L\u00e4ngd (cm)<\/strong><\/td><td class=\"has-text-align-center\" data-align=\"center\"><strong>Underbyst (cm)<\/strong><\/td><td class=\"has-text-align-center\" data-align=\"center\"><strong>Trosor midja (cm)<\/strong><\/td><td class=\"has-text-align-center\" data-align=\"center\"><strong>Midja (cm)<\/strong><\/td><td class=\"has-text-align-center\" data-align=\"center\"><strong>Trosan L\u00e4ngd (cm)<\/strong><\/td><\/tr><tr><td class=\"has-text-align-center\" data-align=\"center\">S<\/td><td class=\"has-text-align-center\" data-align=\"center\">16<\/td><td class=\"has-text-align-center\" data-align=\"center\">70-84<\/td><td class=\"has-text-align-center\" data-align=\"center\">66-94<\/td><td class=\"has-text-align-center\" data-align=\"center\">60<\/td><td class=\"has-text-align-center\" data-align=\"center\">21<\/td><\/tr><tr><td class=\"has-text-align-center\" data-align=\"center\">M<\/td><td class=\"has-text-align-center\" data-align=\"center\">17<\/td><td class=\"has-text-align-center\" data-align=\"center\">74-88<\/td><td class=\"has-text-align-center\" data-align=\"center\">70-98<\/td><td class=\"has-text-align-center\" data-align=\"center\">64<\/td><td class=\"has-text-align-center\" data-align=\"center\">22<\/td><\/tr><tr><td class=\"has-text-align-center\" data-align=\"center\">L<\/td><td class=\"has-text-align-center\" data-align=\"center\">18<\/td><td class=\"has-text-align-center\" data-align=\"center\">78-92<\/td><td class=\"has-text-align-center\" data-align=\"center\">74-102<\/td><td class=\"has-text-align-center\" data-align=\"center\">68<\/td><td class=\"has-text-align-center\" data-align=\"center\">23<\/td><\/tr><tr><td class=\"has-text-align-center\" data-align=\"center\" colspan=\"6\"><strong>Storlekstabell (INCH)<\/strong><\/td><\/tr><tr><td class=\"has-text-align-center\" data-align=\"center\"><strong>Storlek<\/strong><\/td><td class=\"has-text-align-center\" data-align=\"center\"><strong>L\u00e4ngd (tum)<\/strong><\/td><td class=\"has-text-align-center\" data-align=\"center\"><strong>Underbyst (in)<\/strong><\/td><td class=\"has-text-align-center\" data-align=\"center\"><strong>Trosor midja (in)<\/strong><\/td><td class=\"has-text-align-center\" data-align=\"center\"><strong>Midja (in)<\/strong><\/td><td class=\"has-text-align-center\" data-align=\"center\"><strong>Trosan L\u00e4ngd (in)<\/strong><\/td><\/tr><tr><td class=\"has-text-align-center\" data-align=\"center\">S<\/td><td class=\"has-text-align-center\" data-align=\"center\">6.30<\/td><td class=\"has-text-align-center\" data-align=\"center\">27.56-33.07<\/td><td class=\"has-text-align-center\" data-align=\"center\">25.98-37.01<\/td><td class=\"has-text-align-center\" data-align=\"center\">23.62<\/td><td class=\"has-text-align-center\" data-align=\"center\">8.27<\/td><\/tr><tr><td class=\"has-text-align-center\" data-align=\"center\">M<\/td><td class=\"has-text-align-center\" data-align=\"center\">6.69<\/td><td class=\"has-text-align-center\" data-align=\"center\">29.13-34.65<\/td><td class=\"has-text-align-center\" data-align=\"center\">27.56-38.58<\/td><td class=\"has-text-align-center\" data-align=\"center\">25.20<\/td><td class=\"has-text-align-center\" data-align=\"center\">8.66<\/td><\/tr><tr><td class=\"has-text-align-center\" data-align=\"center\">L<\/td><td class=\"has-text-align-center\" data-align=\"center\">7.09<\/td><td class=\"has-text-align-center\" data-align=\"center\">30.71-36.22<\/td><td class=\"has-text-align-center\" data-align=\"center\">29.13-40.16<\/td><td class=\"has-text-align-center\" data-align=\"center\">26.77<\/td><td class=\"has-text-align-center\" data-align=\"center\">8.66<\/td><\/tr><\/tbody><\/table><\/figure>","protected":false},"excerpt":{"rendered":"<p>Omfamna modern elegans med v\u00e5r <strong>snygg bh trosa set<\/strong>, med genomskinligt mesh med uts\u00f6kt broderi och en unik design med grimma hals och axelrem.<\/p>","protected":false},"featured_media":48601,"template":"","meta":[],"product_brand":[],"product_cat":[378,367,375],"product_tag":[507,452,454,522,865],"class_list":{"0":"post-48618","1":"product","2":"type-product","3":"status-publish","4":"has-post-thumbnail","6":"product_cat-wholesale-garter-straps","7":"product_cat-sexy-lingerie","8":"product_cat-whoelsale-sheer-bra-and-panty-sets","9":"product_tag-three-pcs-set","10":"product_tag-wholesale-boudoir-lingerie","11":"product_tag-wholesale-sexy-embroidered-lingerie","12":"product_tag-eyelash-lingerie","13":"product_tag-sexy-skimpy-lingerie","14":"pa_color-blue-women-sexy-lingerie","15":"pa_color-white","16":"pa_size-wholesale-large-size-women-sexy-lingerie","17":"pa_size-wholesale-medium-size-women-sexy-lingerie","18":"pa_size-wholesale-small-size-sexy-lingerie","20":"first","21":"outofstock","22":"taxable","23":"shipping-taxable","24":"purchasable","25":"product-type-variable"},"tiered_pricing_type":"fixed","tiered_pricing_fixed_rules":[],"tiered_pricing_product_settings":{"layout":"table","base_unit_name":{"singular":null,"plural":null},"default_variation":null},"tiered_pricing_minimum_quantity":null,"tiered_pricing_roles_data":[],"tiered_pricing_percentage_rules":[],"tiered_pricing_maximum_quantity":null,"tiered_pricing_quantity_step":null,"_links":{"self":[{"href":"https:\/\/gretasexylingerie.com\/sv\/wp-json\/wp\/v2\/product\/48618","targetHints":{"allow":["GET"]}}],"collection":[{"href":"https:\/\/gretasexylingerie.com\/sv\/wp-json\/wp\/v2\/product"}],"about":[{"href":"https:\/\/gretasexylingerie.com\/sv\/wp-json\/wp\/v2\/types\/product"}],"wp:featuredmedia":[{"embeddable":true,"href":"https:\/\/gretasexylingerie.com\/sv\/wp-json\/wp\/v2\/media\/48601"}],"wp:attachment":[{"href":"https:\/\/gretasexylingerie.com\/sv\/wp-json\/wp\/v2\/media?parent=48618"}],"wp:term":[{"taxonomy":"product_brand","embeddable":true,"href":"https:\/\/gretasexylingerie.com\/sv\/wp-json\/wp\/v2\/product_brand?post=48618"},{"taxonomy":"product_cat","embeddable":true,"href":"https:\/\/gretasexylingerie.com\/sv\/wp-json\/wp\/v2\/product_cat?post=48618"},{"taxonomy":"product_tag","embeddable":true,"href":"https:\/\/gretasexylingerie.com\/sv\/wp-json\/wp\/v2\/product_tag?post=48618"}],"curies":[{"name":"wp","href":"https:\/\/api.w.org\/{rel}","templated":true}]}}