{"id":48489,"date":"2024-01-24T19:30:41","date_gmt":"2024-01-24T11:30:41","guid":{"rendered":"https:\/\/gretasexylingerie.com\/?post_type=product&#038;p=48489"},"modified":"2024-02-20T12:02:42","modified_gmt":"2024-02-20T04:02:42","slug":"grossist-bur-sele-bodysuit","status":"publish","type":"product","link":"https:\/\/gretasexylingerie.com\/sv\/products\/wholesale-cage-harness-bodysuit\/","title":{"rendered":"Grossist Cage Harness Body med integrerade h\u00e4ngslen"},"content":{"rendered":"<p><strong>Integrerade h\u00e4ngslen och ben\u00f6glor<\/strong>: Denna bodys design inkluderar integrerade h\u00e4ngslen och ben\u00f6glor, vilket skapar ett sl\u00e5ende burliknande utseende. Denna funktion ger inte bara en edgy estetik utan ger ocks\u00e5 ett unikt och f\u00e4ngslande utseende, perfekt f\u00f6r dem som vill sticka ut <strong>sele sexiga underkl\u00e4der<\/strong>.<\/p>\n\n\n\n<p><strong>Justerbar sele<\/strong>: Den justerbara selen s\u00e4kerst\u00e4ller en perfekt passform och erbjuder b\u00e5de komfort och stil. Denna anpassning \u00e4r idealisk f\u00f6r en m\u00e4ngd olika kroppstyper, vilket g\u00f6r bodysuit till ett m\u00e5ngsidigt tillskott till alla <strong>kroppssele underkl\u00e4der<\/strong> samling.<\/p>\n\n\n\n<p><strong>Body Restraint Design<\/strong>: Omfamnar essensen av kroppsliga underkl\u00e4der, den h\u00e4r bodyn \u00e4r designad f\u00f6r dem som v\u00e5gar utforska gr\u00e4nserna f\u00f6r mode och sensualitet. Den \u00e4r perfekt f\u00f6r att skapa ett dj\u00e4rvt uttalande och t\u00e4nja p\u00e5 gr\u00e4nserna f\u00f6r traditionell underkl\u00e4desdesign.<\/p>\n\n\n\n<p><strong>Edgy och Fashion-Forward<\/strong>: Den h\u00e4r bodyn \u00e4r inte bara underkl\u00e4der; det \u00e4r ett fashion statement. Dess burseledesign \u00e4r b\u00e5de edgy och modeinriktad och tilltalar trends\u00e4ttare och stilentusiaster.<\/p>\n\n\n\n<p><strong>M\u00e5ngsidig och st\u00e4rkande<\/strong>: Idealisk f\u00f6r olika tillf\u00e4llen, fr\u00e5n intima milj\u00f6er till modeinriktade evenemang, den h\u00e4r bodyn ger b\u00e4rare m\u00f6jlighet att uttrycka sin unika stil och sj\u00e4lvf\u00f6rtroende.<\/p>\n\n\n\n<p><strong>Perfekt f\u00f6r olika samlingar<\/strong>: Oavsett om det g\u00e4ller en boutique eller en st\u00f6rre butik \u00e4r den h\u00e4r bodyn ett utm\u00e4rkt val. Det tilltalar kunder som s\u00f6ker innovativa, dj\u00e4rva och h\u00f6gkvalitativa underkl\u00e4der.<\/p>\n\n\n\n<p>Bjud in dina kunder att omfamna deras dj\u00e4rva sida med v\u00e5r bursele-body. Dess unika design och uppm\u00e4rksamhet p\u00e5 detaljer g\u00f6r den till ett m\u00e5ste f\u00f6r alla kollektioner som vill erbjuda en blandning av edginess och stil. Best\u00e4ll nu och l\u00e4gg till en touch av v\u00e5gad elegans till dina erbjudanden!<\/p>","protected":false},"excerpt":{"rendered":"<p>Utforska v\u00e5r dj\u00e4rva v\u00e4rld <strong>bursele underkl\u00e4der<\/strong>, en edgy bodysuit med integrerade h\u00e4ngslen och ben\u00f6glor med en justerbar sele, som omdefinierar kroppsunderkl\u00e4der.<\/p>","protected":false},"featured_media":48488,"template":"","meta":[],"product_brand":[],"product_cat":[380,377,367],"product_tag":[451,449,866,504],"class_list":{"0":"post-48489","1":"product","2":"type-product","3":"status-publish","4":"has-post-thumbnail","6":"product_cat-wholesale-harness-bra-and-panty-set","7":"product_cat-harness-lingerie","8":"product_cat-sexy-lingerie","9":"product_tag-wholesale-revealing-lingerie","10":"product_tag-wholesale-sexy-crotchless-lingerie","11":"product_tag-sexy-romper-lingerie","12":"product_tag-ultra-sexy","13":"pa_color-black","14":"pa_size-free","16":"first","17":"instock","18":"taxable","19":"shipping-taxable","20":"purchasable","21":"product-type-variable"},"tiered_pricing_type":"fixed","tiered_pricing_fixed_rules":[],"tiered_pricing_product_settings":{"layout":"table","base_unit_name":{"singular":null,"plural":null},"default_variation":null},"tiered_pricing_minimum_quantity":null,"tiered_pricing_roles_data":[],"tiered_pricing_percentage_rules":[],"tiered_pricing_maximum_quantity":null,"tiered_pricing_quantity_step":null,"_links":{"self":[{"href":"https:\/\/gretasexylingerie.com\/sv\/wp-json\/wp\/v2\/product\/48489","targetHints":{"allow":["GET"]}}],"collection":[{"href":"https:\/\/gretasexylingerie.com\/sv\/wp-json\/wp\/v2\/product"}],"about":[{"href":"https:\/\/gretasexylingerie.com\/sv\/wp-json\/wp\/v2\/types\/product"}],"wp:featuredmedia":[{"embeddable":true,"href":"https:\/\/gretasexylingerie.com\/sv\/wp-json\/wp\/v2\/media\/48488"}],"wp:attachment":[{"href":"https:\/\/gretasexylingerie.com\/sv\/wp-json\/wp\/v2\/media?parent=48489"}],"wp:term":[{"taxonomy":"product_brand","embeddable":true,"href":"https:\/\/gretasexylingerie.com\/sv\/wp-json\/wp\/v2\/product_brand?post=48489"},{"taxonomy":"product_cat","embeddable":true,"href":"https:\/\/gretasexylingerie.com\/sv\/wp-json\/wp\/v2\/product_cat?post=48489"},{"taxonomy":"product_tag","embeddable":true,"href":"https:\/\/gretasexylingerie.com\/sv\/wp-json\/wp\/v2\/product_tag?post=48489"}],"curies":[{"name":"wp","href":"https:\/\/api.w.org\/{rel}","templated":true}]}}