{"id":48467,"date":"2024-01-24T19:26:21","date_gmt":"2024-01-24T11:26:21","guid":{"rendered":"https:\/\/gretasexylingerie.com\/?post_type=product&#038;p=48467"},"modified":"2024-02-20T12:08:13","modified_gmt":"2024-02-20T04:08:13","slug":"sele-bh-set-i-grossistledet","status":"publish","type":"product","link":"https:\/\/gretasexylingerie.com\/sv\/products\/wholesale-harness-bra-set\/","title":{"rendered":"Grossist sele BH Set med Choker i dj\u00e4rva f\u00e4rger"},"content":{"rendered":"<p><strong>Sexig ih\u00e5lig design<\/strong>: BH-setets ih\u00e5liga design erbjuder en dj\u00e4rv och f\u00f6rf\u00f6risk look, perfekt f\u00f6r dem som vill g\u00f6ra ett uttalande. Designen \u00e4r b\u00e5de provocerande och stilig, vilket g\u00f6r den till en framst\u00e5ende pj\u00e4s i alla <strong>sele bh underkl\u00e4der<\/strong> samling.<\/p>\n\n\n\n<p><strong>Seleband<\/strong>: Selens remmar ger setet en edgy, modern twist. Denna moderna detalj f\u00f6rst\u00e4rker inte bara den estetiska \u00f6verklagandet utan ger ocks\u00e5 en unik stil som \u00e4r trendig och mycket eftertraktad p\u00e5 underkl\u00e4desmarknaden.<\/p>\n\n\n\n<p><strong>Kedjedekoration<\/strong>: Varje set har en smakfull kedjedekoration som ger en touch av sofistikering och lyx. Kedjorna \u00e4r noggrant placerade f\u00f6r att komplettera selens design, vilket skapar en harmonisk och i\u00f6gonfallande look.<\/p>\n\n\n\n<p><strong>\u00d6ppning med rosettdekoration<\/strong>: De strategiska \u00f6ppningarna i setet \u00e4r utsmyckade med delikata rosetter, som l\u00e4gger till ett lekfullt men elegant inslag. Denna detalj ger den perfekta balansen mellan dj\u00e4rvhet och femininitet.<\/p>\n\n\n\n<p><strong>Vibrerande f\u00e4rgalternativ<\/strong>: Finns i svart, rosa, r\u00f6tt, lime och eldsten, detta set passar till olika smaker och preferenser. Varje f\u00e4rg l\u00e4gger sin egen karakt\u00e4r till designen, fr\u00e5n klassisk elegans till dj\u00e4rv och levande.<\/p>\n\n\n\n<p><strong>Perfekt f\u00f6r olika tillf\u00e4llen<\/strong>: Oavsett om det \u00e4r f\u00f6r en speciell kv\u00e4ll, ett fashion statement eller som ett unikt till\u00e4gg till en underkl\u00e4deskollektion, \u00e4r detta bh-set med sele m\u00e5ngsidigt nog att passa olika tillf\u00e4llen, vilket g\u00f6r det till ett v\u00e4rdefullt tillskott i alla butiker eller butiker.<\/p>\n\n\n\n<p>Bjud in dina kunder att omfamna deras dj\u00e4rva sida med v\u00e5rt sele-bh-set. Dess unika design och uppm\u00e4rksamhet p\u00e5 detaljer g\u00f6r den till ett m\u00e5ste f\u00f6r alla kollektioner som vill erbjuda en blandning av v\u00e5gad stil och lekfull elegans. Best\u00e4ll nu och l\u00e4gg till en touch av edgy sofistikering till dina erbjudanden!<\/p>","protected":false},"excerpt":{"rendered":"<p>Utforska den v\u00e5gade sidan av underkl\u00e4der med v\u00e5r <strong>sele bh-set<\/strong>, med sexiga ih\u00e5liga m\u00f6nster, seleband och kedjedekorationer. Finns i svart, rosa, r\u00f6tt, lime och FireBrick, varje set \u00e4r prydd med en rosett f\u00f6r en extra touch av lockelse.<\/p>","protected":false},"featured_media":48466,"template":"","meta":[],"product_brand":[],"product_cat":[379,377,367],"product_tag":[532,880,449,533],"class_list":{"0":"post-48467","1":"product","2":"type-product","3":"status-publish","4":"has-post-thumbnail","6":"product_cat-wholesale-harness-bodysuit","7":"product_cat-harness-lingerie","8":"product_cat-sexy-lingerie","9":"product_tag-lingerie-suspender-set","10":"product_tag-sexy-2-piece-lingerie","11":"product_tag-wholesale-sexy-crotchless-lingerie","12":"product_tag-sexy-cupless-lingerie","13":"pa_color-black","14":"pa_color-fire-brick-women-sexy-lingerie","15":"pa_color-lime-women-sexy-lingerie","16":"pa_color-pink-women-sexy-lingerie","17":"pa_color-red-women-sexy-lingerie","18":"pa_size-free","20":"first","21":"instock","22":"taxable","23":"shipping-taxable","24":"purchasable","25":"product-type-variable"},"tiered_pricing_type":"fixed","tiered_pricing_fixed_rules":[],"tiered_pricing_product_settings":{"layout":"table","base_unit_name":{"singular":null,"plural":null},"default_variation":null},"tiered_pricing_minimum_quantity":null,"tiered_pricing_roles_data":[],"tiered_pricing_percentage_rules":[],"tiered_pricing_maximum_quantity":null,"tiered_pricing_quantity_step":null,"_links":{"self":[{"href":"https:\/\/gretasexylingerie.com\/sv\/wp-json\/wp\/v2\/product\/48467","targetHints":{"allow":["GET"]}}],"collection":[{"href":"https:\/\/gretasexylingerie.com\/sv\/wp-json\/wp\/v2\/product"}],"about":[{"href":"https:\/\/gretasexylingerie.com\/sv\/wp-json\/wp\/v2\/types\/product"}],"wp:featuredmedia":[{"embeddable":true,"href":"https:\/\/gretasexylingerie.com\/sv\/wp-json\/wp\/v2\/media\/48466"}],"wp:attachment":[{"href":"https:\/\/gretasexylingerie.com\/sv\/wp-json\/wp\/v2\/media?parent=48467"}],"wp:term":[{"taxonomy":"product_brand","embeddable":true,"href":"https:\/\/gretasexylingerie.com\/sv\/wp-json\/wp\/v2\/product_brand?post=48467"},{"taxonomy":"product_cat","embeddable":true,"href":"https:\/\/gretasexylingerie.com\/sv\/wp-json\/wp\/v2\/product_cat?post=48467"},{"taxonomy":"product_tag","embeddable":true,"href":"https:\/\/gretasexylingerie.com\/sv\/wp-json\/wp\/v2\/product_tag?post=48467"}],"curies":[{"name":"wp","href":"https:\/\/api.w.org\/{rel}","templated":true}]}}