{"id":48452,"date":"2024-01-24T16:01:22","date_gmt":"2024-01-24T08:01:22","guid":{"rendered":"https:\/\/gretasexylingerie.com\/?post_type=product&#038;p=48452"},"modified":"2024-01-24T21:47:14","modified_gmt":"2024-01-24T13:47:14","slug":"grossist-romantisk-tyll-bustier-topp","status":"publish","type":"product","link":"https:\/\/gretasexylingerie.com\/sv\/products\/wholesale-romantic-tulle-bustier-top\/","title":{"rendered":"Grossist romantisk Tulle Bustier Topp med kjol Set"},"content":{"rendered":"<p><strong>Rosa Transparent Mesh<\/strong>: Den bustier kostymen \u00e4r tillverkad med en delikat rosa transparent mesh, som erbjuder en mjuk, romantisk tilltalande. Denna milda, feminina touch \u00e4r perfekt f\u00f6r dem som uppskattar tjusningen av subtilitet i sin <strong>snygga korsetttoppar<\/strong>.<\/p>\n\n\n\n<p><strong>H\u00f6ftt\u00e4ckande kjoldesign<\/strong>: Den medf\u00f6ljande kjolen, designad f\u00f6r att graci\u00f6st t\u00e4cka h\u00f6fterna, l\u00e4gger till ett lager av sofistikering och charm. Denna funktion f\u00f6rb\u00e4ttrar setets attraktionskraft, vilket g\u00f6r det till ett \u00f6nskv\u00e4rt val f\u00f6r kunder som s\u00f6ker en blandning av blygsamhet och stil.<\/p>\n\n\n\n<p><strong>Design av br\u00f6string<\/strong>: Den innovativa br\u00f6stringens design av bustier ger en unik och modern twist. Denna detalj ger inte bara st\u00f6d utan accentuerar ocks\u00e5 bystomr\u00e5det, vilket bidrar till setets \u00f6vergripande tjusning.<\/p>\n\n\n\n<p><strong>Cross Hollow Trosa Midjeband<\/strong>: Den korsade ih\u00e5liga designen p\u00e5 byxlinningen erbjuder en modern och stilren look. Denna i\u00f6gonfallande detalj l\u00e4gger till ett edgy men \u00e4nd\u00e5 elegant element till setet och tilltalar dem som s\u00f6ker moderna v\u00e4ndningar i klassiska underkl\u00e4desstilar.<\/p>\n\n\n\n<p><strong>Komplett tredelad ensemble<\/strong>: Det h\u00e4r setet inneh\u00e5ller en bustier, trosa och kjol, som erbjuder en koordinerad och komplett look som \u00e4r b\u00e5de lyxig och f\u00e4ngslande. Det \u00e4r perfekt f\u00f6r kunder som letar efter en helt\u00e4ckande l\u00f6sning f\u00f6r underkl\u00e4der.<\/p>\n\n\n\n<p><strong>Perfekt f\u00f6r romantiska tillf\u00e4llen<\/strong>: Idealisk f\u00f6r speciella kv\u00e4llar eller som ett unikt fashion statement, detta <strong>romantisk korsett<\/strong> Setet \u00e4r tillr\u00e4ckligt m\u00e5ngsidigt f\u00f6r att passa olika tillf\u00e4llen, vilket g\u00f6r det till ett v\u00e4rdefullt komplement till alla underkl\u00e4der eller modekollektioner.<\/p>\n\n\n\n<p>Bjud in dina kunder att njuta av den lyxiga charmen med v\u00e5rt tyll bustier toppset. Dess uts\u00f6kta design och uppm\u00e4rksamhet p\u00e5 detaljer g\u00f6r den till ett m\u00e5ste f\u00f6r alla exklusiva underkl\u00e4deskollektioner. Best\u00e4ll nu f\u00f6r att erbjuda dina kunder en touch av sofistikering, romantik och modern stil!<\/p>\n\n\n\n<figure class=\"wp-block-table\"><table><tbody><tr><td class=\"has-text-align-center\" data-align=\"center\" colspan=\"6\"><strong>Storlekstabell (CM)<\/strong><\/td><\/tr><tr><td class=\"has-text-align-center\" data-align=\"center\"><strong>Storlek<\/strong><\/td><td class=\"has-text-align-center\" data-align=\"center\"><strong>L\u00e4ngd (cm)<\/strong><\/td><td class=\"has-text-align-center\" data-align=\"center\"><strong>Underbyst (cm)<\/strong><\/td><td class=\"has-text-align-center\" data-align=\"center\"><strong>Trosa midja (cm)<\/strong><\/td><td class=\"has-text-align-center\" data-align=\"center\"><strong>Midja (cm)<\/strong><\/td><td class=\"has-text-align-center\" data-align=\"center\"><strong>Byxans l\u00e4ngd (cm)<\/strong><\/td><\/tr><tr><td class=\"has-text-align-center\" data-align=\"center\">S<\/td><td class=\"has-text-align-center\" data-align=\"center\">20<\/td><td class=\"has-text-align-center\" data-align=\"center\">64-74<\/td><td class=\"has-text-align-center\" data-align=\"center\">62-94<\/td><td class=\"has-text-align-center\" data-align=\"center\">60-70<\/td><td class=\"has-text-align-center\" data-align=\"center\">21<\/td><\/tr><tr><td class=\"has-text-align-center\" data-align=\"center\">M<\/td><td class=\"has-text-align-center\" data-align=\"center\">21<\/td><td class=\"has-text-align-center\" data-align=\"center\">68-78<\/td><td class=\"has-text-align-center\" data-align=\"center\">66-98<\/td><td class=\"has-text-align-center\" data-align=\"center\">64-74<\/td><td class=\"has-text-align-center\" data-align=\"center\">22<\/td><\/tr><tr><td class=\"has-text-align-center\" data-align=\"center\">L<\/td><td class=\"has-text-align-center\" data-align=\"center\">22<\/td><td class=\"has-text-align-center\" data-align=\"center\">72-82<\/td><td class=\"has-text-align-center\" data-align=\"center\">70-102<\/td><td class=\"has-text-align-center\" data-align=\"center\">68-78<\/td><td class=\"has-text-align-center\" data-align=\"center\">23<\/td><\/tr><tr><td class=\"has-text-align-center\" data-align=\"center\" colspan=\"6\"><strong>Storlekstabell (INCH)<\/strong><\/td><\/tr><tr><td class=\"has-text-align-center\" data-align=\"center\"><strong>Storlek<\/strong><\/td><td class=\"has-text-align-center\" data-align=\"center\"><strong>L\u00e4ngd (tum)<\/strong><\/td><td class=\"has-text-align-center\" data-align=\"center\"><strong>Underbyst (in)<\/strong><\/td><td class=\"has-text-align-center\" data-align=\"center\"><strong>Trosa midja (in)<\/strong><\/td><td class=\"has-text-align-center\" data-align=\"center\"><strong>Midja (in)<\/strong><\/td><td class=\"has-text-align-center\" data-align=\"center\"><strong>Byxans l\u00e4ngd (in)<\/strong><\/td><\/tr><tr><td class=\"has-text-align-center\" data-align=\"center\">S<\/td><td class=\"has-text-align-center\" data-align=\"center\">7.87<\/td><td class=\"has-text-align-center\" data-align=\"center\">25.20-29.13<\/td><td class=\"has-text-align-center\" data-align=\"center\">24.41-37.01<\/td><td class=\"has-text-align-center\" data-align=\"center\">23.62-27.56<\/td><td class=\"has-text-align-center\" data-align=\"center\">8.27<\/td><\/tr><tr><td class=\"has-text-align-center\" data-align=\"center\">M<\/td><td class=\"has-text-align-center\" data-align=\"center\">8.27<\/td><td class=\"has-text-align-center\" data-align=\"center\">26.77-30.71<\/td><td class=\"has-text-align-center\" data-align=\"center\">25.98-38.58<\/td><td class=\"has-text-align-center\" data-align=\"center\">25.20-29.13<\/td><td class=\"has-text-align-center\" data-align=\"center\">8.66<\/td><\/tr><tr><td class=\"has-text-align-center\" data-align=\"center\">L<\/td><td class=\"has-text-align-center\" data-align=\"center\">8.66<\/td><td class=\"has-text-align-center\" data-align=\"center\">28.35-32.28<\/td><td class=\"has-text-align-center\" data-align=\"center\">27.56-40.16<\/td><td class=\"has-text-align-center\" data-align=\"center\">26.77-30.71<\/td><td class=\"has-text-align-center\" data-align=\"center\">9.06<\/td><\/tr><\/tbody><\/table><\/figure>","protected":false},"excerpt":{"rendered":"<p>Omfamna en blandning av romantik och elegans med v\u00e5r <strong>tyll bustier topp<\/strong> set med en rosa genomskinlig meshbustier, en h\u00f6ftkjol och en korsad ih\u00e5lig trosa i midjan.<\/p>","protected":false},"featured_media":48272,"template":"","meta":[],"product_brand":[],"product_cat":[387,386,367],"product_tag":[452,518,446],"class_list":{"0":"post-48452","1":"product","2":"type-product","3":"status-publish","4":"has-post-thumbnail","6":"product_cat-wholesale-bustier-bra-set","7":"product_cat-sexy-bustiers","8":"product_cat-sexy-lingerie","9":"product_tag-wholesale-boudoir-lingerie","10":"product_tag-mesh-lingerie","11":"product_tag-wholesale-sexy-see-through-lingerie","12":"pa_color-pink-women-sexy-lingerie","13":"pa_size-wholesale-large-size-women-sexy-lingerie","14":"pa_size-wholesale-medium-size-women-sexy-lingerie","15":"pa_size-wholesale-small-size-sexy-lingerie","17":"first","18":"instock","19":"taxable","20":"shipping-taxable","21":"purchasable","22":"product-type-variable"},"tiered_pricing_type":"fixed","tiered_pricing_fixed_rules":[],"tiered_pricing_product_settings":{"layout":"table","base_unit_name":{"singular":null,"plural":null},"default_variation":null},"tiered_pricing_minimum_quantity":null,"tiered_pricing_roles_data":[],"tiered_pricing_percentage_rules":[],"tiered_pricing_maximum_quantity":null,"tiered_pricing_quantity_step":null,"_links":{"self":[{"href":"https:\/\/gretasexylingerie.com\/sv\/wp-json\/wp\/v2\/product\/48452","targetHints":{"allow":["GET"]}}],"collection":[{"href":"https:\/\/gretasexylingerie.com\/sv\/wp-json\/wp\/v2\/product"}],"about":[{"href":"https:\/\/gretasexylingerie.com\/sv\/wp-json\/wp\/v2\/types\/product"}],"wp:featuredmedia":[{"embeddable":true,"href":"https:\/\/gretasexylingerie.com\/sv\/wp-json\/wp\/v2\/media\/48272"}],"wp:attachment":[{"href":"https:\/\/gretasexylingerie.com\/sv\/wp-json\/wp\/v2\/media?parent=48452"}],"wp:term":[{"taxonomy":"product_brand","embeddable":true,"href":"https:\/\/gretasexylingerie.com\/sv\/wp-json\/wp\/v2\/product_brand?post=48452"},{"taxonomy":"product_cat","embeddable":true,"href":"https:\/\/gretasexylingerie.com\/sv\/wp-json\/wp\/v2\/product_cat?post=48452"},{"taxonomy":"product_tag","embeddable":true,"href":"https:\/\/gretasexylingerie.com\/sv\/wp-json\/wp\/v2\/product_tag?post=48452"}],"curies":[{"name":"wp","href":"https:\/\/api.w.org\/{rel}","templated":true}]}}