{"id":48427,"date":"2024-01-24T15:12:08","date_gmt":"2024-01-24T07:12:08","guid":{"rendered":"https:\/\/gretasexylingerie.com\/?post_type=product&#038;p=48427"},"modified":"2024-02-20T12:10:18","modified_gmt":"2024-02-20T04:10:18","slug":"grossist-svart-sele-bodysuit","status":"publish","type":"product","link":"https:\/\/gretasexylingerie.com\/sv\/products\/wholesale-black-harness-bodysuit\/","title":{"rendered":"grossist svart sele bodysuit med hel kropp strumpeband"},"content":{"rendered":"<p><strong>Justerbar BH med sele<\/strong>: Bodyns justerbara BH kompletteras med en selefunktion, som erbjuder b\u00e5de st\u00f6d och en dj\u00e4rv, edgy look. Detta designelement \u00e4r perfekt f\u00f6r dem som s\u00f6ker en kombination av komfort och v\u00e5gad stil i sin <strong>strumpeband p\u00e5 hela kroppen<\/strong> val.<\/p>\n\n\n\n<p><strong>Ryggl\u00f6s elegans<\/strong>: Den ryggl\u00f6sa designen l\u00e4gger till ett element av \u00f6verraskning och lockelse, vilket g\u00f6r denna bodysuit till ett f\u00e4ngslande val f\u00f6r alla tillf\u00e4llen som kr\u00e4ver en f\u00f6rf\u00f6risk outfit.<\/p>\n\n\n\n<p><strong>Integrerade h\u00e4ngslen och benringar<\/strong>: De integrerade h\u00e4ngslen och benringarna f\u00f6rst\u00e4rker kroppsdr\u00e4ktens attraktionskraft och l\u00e4gger till en funktionell men \u00e4nd\u00e5 stilig aspekt. Den h\u00e4r funktionen \u00e4r idealisk f\u00f6r kunder som letar efter ett underkl\u00e4der som \u00e4r b\u00e5de visuellt sl\u00e5ende och praktiskt.<\/p>\n\n\n\n<p><strong>Sexig och f\u00f6rf\u00f6risk outfit<\/strong>: Designad f\u00f6r dj\u00e4rva och sj\u00e4lvs\u00e4kra, \u00e4r denna bodysuit det ultimata uttrycket f\u00f6r sensualitet. Den \u00e4r perfekt f\u00f6r de d\u00e4r speciella \u00f6gonblicken d\u00e4r det \u00e4r viktigt att g\u00f6ra ett uttalande.<\/p>\n\n\n\n<p><strong>Design med ih\u00e5liga br\u00f6st<\/strong>: Bodyns ih\u00e5liga br\u00f6stparti ger en lockande och provocerande touch, vilket ytterligare f\u00f6rst\u00e4rker dess sexiga tilltalande. Denna detalj kommer s\u00e4kerligen att f\u00e5nga uppm\u00e4rksamheten och g\u00f6ra ett best\u00e5ende intryck.<\/p>\n\n\n\n<p><strong>M\u00e5ngsidig och tidl\u00f6s<\/strong>: Det h\u00e4r <strong>svart sele bodysuit<\/strong> \u00e4r ett m\u00e5ngsidigt tillskott till alla underkl\u00e4deskollektioner. Dess tidl\u00f6sa design s\u00e4kerst\u00e4ller att den f\u00f6rblir ett favoritval f\u00f6r en m\u00e4ngd olika tillf\u00e4llen, fr\u00e5n intima kv\u00e4llar till dj\u00e4rva modeuttalanden.<\/p>\n\n\n\n<p>Bjud in dina kunder att omfamna deras f\u00f6rf\u00f6riska sida med v\u00e5r selebody. Dess unika design och uppm\u00e4rksamhet p\u00e5 detaljer g\u00f6r den till ett m\u00e5ste f\u00f6r alla kollektioner som vill erbjuda en blandning av sofistikering, komfort och v\u00e5gad stil. Best\u00e4ll nu och l\u00e4gg till en touch av dj\u00e4rv elegans till dina erbjudanden!<\/p>","protected":false},"excerpt":{"rendered":"<p>G\u00e5 in i f\u00f6rf\u00f6relse med v\u00e5r <strong>sele bodysuit<\/strong>, med en justerbar bh, ryggl\u00f6s design, integrerade h\u00e4ngslen och benringar. Denna svarta bodysuit \u00e4r symbolen f\u00f6r sexig och f\u00f6rf\u00f6risk.<\/p>","protected":false},"featured_media":48426,"template":"","meta":[],"product_brand":[],"product_cat":[380,377,367],"product_tag":[451,449,533,447],"class_list":{"0":"post-48427","1":"product","2":"type-product","3":"status-publish","4":"has-post-thumbnail","6":"product_cat-wholesale-harness-bra-and-panty-set","7":"product_cat-harness-lingerie","8":"product_cat-sexy-lingerie","9":"product_tag-wholesale-revealing-lingerie","10":"product_tag-wholesale-sexy-crotchless-lingerie","11":"product_tag-sexy-cupless-lingerie","12":"product_tag-wholesale-strappy-sexy-lingerie","13":"pa_color-black","14":"pa_size-free","16":"first","17":"instock","18":"taxable","19":"shipping-taxable","20":"purchasable","21":"product-type-variable"},"tiered_pricing_type":"fixed","tiered_pricing_fixed_rules":[],"tiered_pricing_product_settings":{"layout":"table","base_unit_name":{"singular":null,"plural":null},"default_variation":null},"tiered_pricing_minimum_quantity":null,"tiered_pricing_roles_data":[],"tiered_pricing_percentage_rules":[],"tiered_pricing_maximum_quantity":null,"tiered_pricing_quantity_step":null,"_links":{"self":[{"href":"https:\/\/gretasexylingerie.com\/sv\/wp-json\/wp\/v2\/product\/48427","targetHints":{"allow":["GET"]}}],"collection":[{"href":"https:\/\/gretasexylingerie.com\/sv\/wp-json\/wp\/v2\/product"}],"about":[{"href":"https:\/\/gretasexylingerie.com\/sv\/wp-json\/wp\/v2\/types\/product"}],"wp:featuredmedia":[{"embeddable":true,"href":"https:\/\/gretasexylingerie.com\/sv\/wp-json\/wp\/v2\/media\/48426"}],"wp:attachment":[{"href":"https:\/\/gretasexylingerie.com\/sv\/wp-json\/wp\/v2\/media?parent=48427"}],"wp:term":[{"taxonomy":"product_brand","embeddable":true,"href":"https:\/\/gretasexylingerie.com\/sv\/wp-json\/wp\/v2\/product_brand?post=48427"},{"taxonomy":"product_cat","embeddable":true,"href":"https:\/\/gretasexylingerie.com\/sv\/wp-json\/wp\/v2\/product_cat?post=48427"},{"taxonomy":"product_tag","embeddable":true,"href":"https:\/\/gretasexylingerie.com\/sv\/wp-json\/wp\/v2\/product_tag?post=48427"}],"curies":[{"name":"wp","href":"https:\/\/api.w.org\/{rel}","templated":true}]}}