{"id":48391,"date":"2024-01-24T15:06:40","date_gmt":"2024-01-24T07:06:40","guid":{"rendered":"https:\/\/gretasexylingerie.com\/?post_type=product&#038;p=48391"},"modified":"2024-02-20T12:18:38","modified_gmt":"2024-02-20T04:18:38","slug":"grossist-rod-sele-bralette","status":"publish","type":"product","link":"https:\/\/gretasexylingerie.com\/sv\/products\/wholesale-red-harness-bralette\/","title":{"rendered":"Grossist r\u00f6d sele bralette med sexiga utsk\u00e4rningar"},"content":{"rendered":"<p><strong>Bonded Wire Struktur<\/strong>: Den h\u00e4r bh:ns bondade tr\u00e5dstruktur ger b\u00e5de st\u00f6d och en distinkt siluett. Den \u00e4r designad f\u00f6r dem som s\u00f6ker en kombination av komfort och dj\u00e4rv design i sina <strong>sele bralette<\/strong> val.<\/p>\n\n\n\n<p><strong>Sexiga utsk\u00e4rningar som exponerar br\u00f6st<\/strong>: BH:ns v\u00e5gade utsk\u00e4rningar exponerar br\u00f6sten och erbjuder en dj\u00e4rv och provocerande look. Denna funktion \u00e4r perfekt f\u00f6r kunder som vill ha underkl\u00e4der som ger ett starkt, sj\u00e4lvs\u00e4kert uttalande.<\/p>\n\n\n\n<p><strong>Strappy Cage Bralette Design<\/strong>: Den intrikata burdesignen med remmar ger braletten en edgy och modern twist. Denna detalj f\u00f6rst\u00e4rker inte bara den estetiska \u00f6verklagandet utan tilltalar ocks\u00e5 dem som \u00e4lskar moderna och unika underkl\u00e4desstilar.<\/p>\n\n\n\n<p><strong>Vibrerande r\u00f6d f\u00e4rg<\/strong>: Den sl\u00e5ende r\u00f6da f\u00e4rgen p\u00e5 underkl\u00e4derna ger en touch av passion och intensitet. Det \u00e4r ett idealiskt val f\u00f6r kunder som vill l\u00e4gga till en levande och energisk pj\u00e4s till sin underkl\u00e4deskollektion.<\/p>\n\n\n\n<p><strong>M\u00e5ngsidig och st\u00e4rkande<\/strong>: Denna bralette med sele \u00e4r m\u00e5ngsidig nog f\u00f6r olika tillf\u00e4llen, fr\u00e5n speciella kv\u00e4llar till dj\u00e4rva modeuttalanden. Det \u00e4r ett kraftfullt tillskott till alla underkl\u00e4deskollektioner, och erbjuder en blandning av stil, komfort och kraft.<\/p>\n\n\n\n<p><strong>Perfekt f\u00f6r olika samlingar<\/strong>: Oavsett om det g\u00e4ller en boutique eller en st\u00f6rre butik \u00e4r dessa r\u00f6da underkl\u00e4der med sele ett utm\u00e4rkt val. Den tilltalar ett brett spektrum av kunder som vill g\u00f6ra ett dj\u00e4rvt uttalande med sina underkl\u00e4der.<\/p>\n\n\n\n<p>Bjud in dina kunder att utforska modets v\u00e5gade sida med v\u00e5r r\u00f6da sele bralette. Dess unika design och uppm\u00e4rksamhet p\u00e5 detaljer g\u00f6r den till ett m\u00e5ste f\u00f6r alla kollektioner som vill erbjuda en blandning av dj\u00e4rvhet, stil och sensualitet. Best\u00e4ll nu och l\u00e4gg till en touch av eldig passion till dina erbjudanden!<\/p>","protected":false},"excerpt":{"rendered":"<p>Omfamna dj\u00e4rv sensualitet med v\u00e5r <strong>r\u00f6d sele underkl\u00e4der<\/strong>, med en bonded wire-bh med v\u00e5gade utsk\u00e4rningar. Denna bralett med remmar \u00e4r ett uttalande om f\u00f6rtroende och lockelse.<\/p>","protected":false},"featured_media":48390,"template":"","meta":[],"product_brand":[],"product_cat":[380,377,367],"product_tag":[533,447,972],"class_list":{"0":"post-48391","1":"product","2":"type-product","3":"status-publish","4":"has-post-thumbnail","6":"product_cat-wholesale-harness-bra-and-panty-set","7":"product_cat-harness-lingerie","8":"product_cat-sexy-lingerie","9":"product_tag-sexy-cupless-lingerie","10":"product_tag-wholesale-strappy-sexy-lingerie","11":"product_tag-valentines-day-lingerie","12":"pa_color-red-women-sexy-lingerie","13":"pa_size-free","15":"first","16":"instock","17":"taxable","18":"shipping-taxable","19":"purchasable","20":"product-type-variable"},"tiered_pricing_type":"fixed","tiered_pricing_fixed_rules":[],"tiered_pricing_product_settings":{"layout":"table","base_unit_name":{"singular":null,"plural":null},"default_variation":null},"tiered_pricing_minimum_quantity":null,"tiered_pricing_roles_data":[],"tiered_pricing_percentage_rules":[],"tiered_pricing_maximum_quantity":null,"tiered_pricing_quantity_step":null,"_links":{"self":[{"href":"https:\/\/gretasexylingerie.com\/sv\/wp-json\/wp\/v2\/product\/48391","targetHints":{"allow":["GET"]}}],"collection":[{"href":"https:\/\/gretasexylingerie.com\/sv\/wp-json\/wp\/v2\/product"}],"about":[{"href":"https:\/\/gretasexylingerie.com\/sv\/wp-json\/wp\/v2\/types\/product"}],"wp:featuredmedia":[{"embeddable":true,"href":"https:\/\/gretasexylingerie.com\/sv\/wp-json\/wp\/v2\/media\/48390"}],"wp:attachment":[{"href":"https:\/\/gretasexylingerie.com\/sv\/wp-json\/wp\/v2\/media?parent=48391"}],"wp:term":[{"taxonomy":"product_brand","embeddable":true,"href":"https:\/\/gretasexylingerie.com\/sv\/wp-json\/wp\/v2\/product_brand?post=48391"},{"taxonomy":"product_cat","embeddable":true,"href":"https:\/\/gretasexylingerie.com\/sv\/wp-json\/wp\/v2\/product_cat?post=48391"},{"taxonomy":"product_tag","embeddable":true,"href":"https:\/\/gretasexylingerie.com\/sv\/wp-json\/wp\/v2\/product_tag?post=48391"}],"curies":[{"name":"wp","href":"https:\/\/api.w.org\/{rel}","templated":true}]}}