{"id":48341,"date":"2024-01-23T22:00:35","date_gmt":"2024-01-23T14:00:35","guid":{"rendered":"https:\/\/gretasexylingerie.com\/?post_type=product&#038;p=48341"},"modified":"2024-02-20T12:23:38","modified_gmt":"2024-02-20T04:23:38","slug":"grossist-zebra-bh-och-trosor-set","status":"publish","type":"product","link":"https:\/\/gretasexylingerie.com\/sv\/products\/wholesale-zebra-bra-and-panty-set\/","title":{"rendered":"Grossist Zebra BH och trosor Set med matchande tillbeh\u00f6r"},"content":{"rendered":"<p><strong>Sl\u00e5ende zebram\u00f6nster<\/strong>: Det dj\u00e4rva svarta och vita zebram\u00f6nstret i denna bh-kostym erbjuder en v\u00e5gad och exotisk look. Denna i\u00f6gonfallande design \u00e4r perfekt f\u00f6r dem som vill l\u00e4gga till en touch av det vilda till sitt <strong>matchande bh-set<\/strong> samling.<\/p>\n\n\n\n<p><strong>Transparent Mesh-tyg<\/strong>: Tillverkad med transparent mesh ger det h\u00e4r setet ett lockande men \u00e4nd\u00e5 sofistikerat utseende, vilket g\u00f6r det till ett sofistikerat val f\u00f6r din <strong>3 bh-set<\/strong> rada upp.<\/p>\n\n\n\n<p><strong>Komplett femdelad ensemble<\/strong>: Detta omfattande set inneh\u00e5ller en bh, trosa, strumpeband, benring och halsring, vilket s\u00e4kerst\u00e4ller en harmonisk och komplett look f\u00f6r alla speciella tillf\u00e4llen eller lyxiga underkl\u00e4deskollektioner.<\/p>\n\n\n\n<p><strong>M\u00e5ngsidig storleksserie<\/strong>: Finns i storlekarna S, M, L, det h\u00e4r setet v\u00e4nder sig till en m\u00e4ngd olika kroppstyper, vilket s\u00e4kerst\u00e4ller en perfekt passform och komfort f\u00f6r din kundkrets.<\/p>\n\n\n\n<p><strong>Perfekt f\u00f6r olika tillf\u00e4llen<\/strong>: Oavsett om det \u00e4r f\u00f6r en utekv\u00e4ll, en speciell h\u00e4ndelse eller som ett unikt modestatement, \u00e4r detta bh-set med zebratryck m\u00e5ngsidigt nog att passa olika tillf\u00e4llen, vilket g\u00f6r det till ett v\u00e4rdefullt tillskott till alla underkl\u00e4der eller modekollektioner.<\/p>\n\n\n\n<p>Omfamna det dj\u00e4rva och vackra med v\u00e5rt bh-set med zebratryck, en perfekt kombination av stil, komfort och exotisk stil. Dess unika design och uppm\u00e4rksamhet p\u00e5 detaljer g\u00f6r den till ett m\u00e5ste f\u00f6r din samling. Best\u00e4ll nu och ge dina kunder en touch av det vilda kombinerat med elegans och komfort!<\/p>\n\n\n\n<figure class=\"wp-block-table\"><table><tbody><tr><td class=\"has-text-align-center\" data-align=\"center\" colspan=\"6\"><strong>Storlekstabell (CM)<\/strong><\/td><\/tr><tr><td class=\"has-text-align-center\" data-align=\"center\"><strong>Storlek<\/strong><\/td><td class=\"has-text-align-center\" data-align=\"center\"><strong>L\u00e4ngd (cm)<\/strong><\/td><td class=\"has-text-align-center\" data-align=\"center\"><strong>Under byst (cm)<\/strong><\/td><td class=\"has-text-align-center\" data-align=\"center\"><strong>Trosor midja (cm)<\/strong><\/td><td class=\"has-text-align-center\" data-align=\"center\"><strong>Midja (cm)<\/strong><\/td><td class=\"has-text-align-center\" data-align=\"center\"><strong>L\u00e4ngd (cm)<\/strong><\/td><\/tr><tr><td class=\"has-text-align-center\" data-align=\"center\">S<\/td><td class=\"has-text-align-center\" data-align=\"center\">15<\/td><td class=\"has-text-align-center\" data-align=\"center\">65-86<\/td><td class=\"has-text-align-center\" data-align=\"center\">62-90<\/td><td class=\"has-text-align-center\" data-align=\"center\">62-86<\/td><td class=\"has-text-align-center\" data-align=\"center\">22<\/td><\/tr><tr><td class=\"has-text-align-center\" data-align=\"center\">M<\/td><td class=\"has-text-align-center\" data-align=\"center\">15.8<\/td><td class=\"has-text-align-center\" data-align=\"center\">69-90<\/td><td class=\"has-text-align-center\" data-align=\"center\">66-94<\/td><td class=\"has-text-align-center\" data-align=\"center\">66-90<\/td><td class=\"has-text-align-center\" data-align=\"center\">23<\/td><\/tr><tr><td class=\"has-text-align-center\" data-align=\"center\">L<\/td><td class=\"has-text-align-center\" data-align=\"center\">16.6<\/td><td class=\"has-text-align-center\" data-align=\"center\">73-94<\/td><td class=\"has-text-align-center\" data-align=\"center\">70-98<\/td><td class=\"has-text-align-center\" data-align=\"center\">70-94<\/td><td class=\"has-text-align-center\" data-align=\"center\">24<\/td><\/tr><tr><td class=\"has-text-align-center\" data-align=\"center\" colspan=\"6\"><strong>Storlekstabell (INCH)<\/strong><\/td><\/tr><tr><td class=\"has-text-align-center\" data-align=\"center\"><strong>Storlek<\/strong><\/td><td class=\"has-text-align-center\" data-align=\"center\"><strong>L\u00e4ngd (tum)<\/strong><\/td><td class=\"has-text-align-center\" data-align=\"center\"><strong>Under byst (in)<\/strong><\/td><td class=\"has-text-align-center\" data-align=\"center\"><strong>Trosor midja (in)<\/strong><\/td><td class=\"has-text-align-center\" data-align=\"center\"><strong>Midja (in)<\/strong><\/td><td class=\"has-text-align-center\" data-align=\"center\"><strong>L\u00e4ngd (tum)<\/strong><\/td><\/tr><tr><td class=\"has-text-align-center\" data-align=\"center\">S<\/td><td class=\"has-text-align-center\" data-align=\"center\">5.91<\/td><td class=\"has-text-align-center\" data-align=\"center\">25.59-33.86<\/td><td class=\"has-text-align-center\" data-align=\"center\">24.41-35.43<\/td><td class=\"has-text-align-center\" data-align=\"center\">24.41-33.86<\/td><td class=\"has-text-align-center\" data-align=\"center\">8.66<\/td><\/tr><tr><td class=\"has-text-align-center\" data-align=\"center\">M<\/td><td class=\"has-text-align-center\" data-align=\"center\">6.22<\/td><td class=\"has-text-align-center\" data-align=\"center\">27.17-35.43<\/td><td class=\"has-text-align-center\" data-align=\"center\">25.98-37.01<\/td><td class=\"has-text-align-center\" data-align=\"center\">25.98-35.43<\/td><td class=\"has-text-align-center\" data-align=\"center\">9.06<\/td><\/tr><tr><td class=\"has-text-align-center\" data-align=\"center\">L<\/td><td class=\"has-text-align-center\" data-align=\"center\">6.54<\/td><td class=\"has-text-align-center\" data-align=\"center\">28.74-37.01<\/td><td class=\"has-text-align-center\" data-align=\"center\">27.56-38.58<\/td><td class=\"has-text-align-center\" data-align=\"center\">27.56-37.01<\/td><td class=\"has-text-align-center\" data-align=\"center\">9.45<\/td><\/tr><\/tbody><\/table><\/figure>","protected":false},"excerpt":{"rendered":"<p>Dyk in i den vilda sidan med v\u00e5r <strong>zebra bh och trosor set<\/strong>, med ett sl\u00e5ende svartvitt m\u00f6nster p\u00e5 transparent meshtyg. Detta set inneh\u00e5ller en bh, trosa, strumpeband, benring och halsring, som erbjuder en komplett och koordinerad look.<\/p>","protected":false},"featured_media":48330,"template":"","meta":[],"product_brand":[],"product_cat":[368,374,367],"product_tag":[507,532,869,864,865],"class_list":{"0":"post-48341","1":"product","2":"type-product","3":"status-publish","4":"has-post-thumbnail","6":"product_cat-bra-panty-set","7":"product_cat-wholesale-garter-belt-set","8":"product_cat-sexy-lingerie","9":"product_tag-three-pcs-set","10":"product_tag-lingerie-suspender-set","11":"product_tag-sexy-animal-print-lingerie","12":"product_tag-sexy-petite-lingerie","13":"product_tag-sexy-skimpy-lingerie","14":"pa_color-black","15":"pa_size-wholesale-large-size-women-sexy-lingerie","16":"pa_size-wholesale-medium-size-women-sexy-lingerie","17":"pa_size-wholesale-small-size-sexy-lingerie","19":"first","20":"instock","21":"taxable","22":"shipping-taxable","23":"purchasable","24":"product-type-variable"},"tiered_pricing_type":"fixed","tiered_pricing_fixed_rules":[],"tiered_pricing_product_settings":{"layout":"table","base_unit_name":{"singular":null,"plural":null},"default_variation":null},"tiered_pricing_minimum_quantity":null,"tiered_pricing_roles_data":[],"tiered_pricing_percentage_rules":[],"tiered_pricing_maximum_quantity":null,"tiered_pricing_quantity_step":null,"_links":{"self":[{"href":"https:\/\/gretasexylingerie.com\/sv\/wp-json\/wp\/v2\/product\/48341","targetHints":{"allow":["GET"]}}],"collection":[{"href":"https:\/\/gretasexylingerie.com\/sv\/wp-json\/wp\/v2\/product"}],"about":[{"href":"https:\/\/gretasexylingerie.com\/sv\/wp-json\/wp\/v2\/types\/product"}],"wp:featuredmedia":[{"embeddable":true,"href":"https:\/\/gretasexylingerie.com\/sv\/wp-json\/wp\/v2\/media\/48330"}],"wp:attachment":[{"href":"https:\/\/gretasexylingerie.com\/sv\/wp-json\/wp\/v2\/media?parent=48341"}],"wp:term":[{"taxonomy":"product_brand","embeddable":true,"href":"https:\/\/gretasexylingerie.com\/sv\/wp-json\/wp\/v2\/product_brand?post=48341"},{"taxonomy":"product_cat","embeddable":true,"href":"https:\/\/gretasexylingerie.com\/sv\/wp-json\/wp\/v2\/product_cat?post=48341"},{"taxonomy":"product_tag","embeddable":true,"href":"https:\/\/gretasexylingerie.com\/sv\/wp-json\/wp\/v2\/product_tag?post=48341"}],"curies":[{"name":"wp","href":"https:\/\/api.w.org\/{rel}","templated":true}]}}