{"id":48323,"date":"2024-01-23T21:58:27","date_gmt":"2024-01-23T13:58:27","guid":{"rendered":"https:\/\/gretasexylingerie.com\/?post_type=product&#038;p=48323"},"modified":"2024-02-20T12:27:00","modified_gmt":"2024-02-20T04:27:00","slug":"grossist-sexig-svart-bh-trosa-set","status":"publish","type":"product","link":"https:\/\/gretasexylingerie.com\/sv\/products\/wholesale-sexy-black-bra-panty-set\/","title":{"rendered":"Grossist sexig svart beh\u00e5 trosa set med blommor spets strumpeband"},"content":{"rendered":"<p><strong>Svarta spets- och meshs\u00f6mmar<\/strong>: Detta BH-set kombinerar elegant svart spets med delikat mesh, vilket skapar en sofistikerad men \u00e4nd\u00e5 f\u00f6rf\u00f6risk look. De invecklade s\u00f6mmarna ger en touch av hantverksskicklighet, vilket g\u00f6r det till ett enast\u00e5ende val f\u00f6r dem som s\u00f6ker <strong>sexig svart bh trosa<\/strong> set med en lyxig k\u00e4nsla.<\/p>\n\n\n\n<p><strong>Sexig transparent design<\/strong>: Setets genomskinliga karakt\u00e4r ger en lockande glimt av vad som ligger under, och skapar den perfekta balansen mellan lockelse och sofistikering. Det \u00e4r ett idealiskt val f\u00f6r kunder som uppskattar underkl\u00e4der som \u00e4r b\u00e5de visuellt sl\u00e5ende och elegant avsl\u00f6jande.<\/p>\n\n\n\n<p><strong>Spets \u00f6gonfransdekorerad BH<\/strong>: Bh:arna i det h\u00e4r setet \u00e4r prydda med \u00f6gonfransdekorationer i spets, vilket l\u00e4gger till ett lager av romantisk charm. Denna uts\u00f6kta detalj f\u00f6rst\u00e4rker setets feminina attraktionskraft, vilket g\u00f6r det till ett \u00f6nskv\u00e4rt val f\u00f6r dem som \u00e4lskar den invecklade sk\u00f6nheten hos spets i sina underkl\u00e4der.<\/p>\n\n\n\n<p><strong>Mini rosettdekoration<\/strong>: Varje pj\u00e4s accentueras med en liten rosett, vilket ger en s\u00f6t och lekfull touch. Dessa delikata rosetter tillf\u00f6r en k\u00e4nsla av nyckfullhet och charm, och lyfter upp setets \u00f6vergripande estetik.<\/p>\n\n\n\n<p><strong>Komplett tredelad ensemble<\/strong>: Inklusive en bustier, trosa och strumpeband, erbjuder detta set en samordnad och helt\u00e4ckande l\u00f6sning f\u00f6r underkl\u00e4der. Den \u00e4r perfekt f\u00f6r kunder som s\u00f6ker en komplett och harmonisk look f\u00f6r speciella tillf\u00e4llen.<\/p>\n\n\n\n<p><strong>M\u00e5ngsidiga f\u00e4rgalternativ<\/strong>: Finns i b\u00e5de klassisk svart och or\u00f6rd vit, detta set passar till olika stilar och preferenser. Varje f\u00e4rgalternativ l\u00e4gger sin egen karakt\u00e4r till designen, fr\u00e5n dj\u00e4rv och mystisk till ren och elegant.<\/p>\n\n\n\n<p><strong>Perfekt f\u00f6r olika tillf\u00e4llen<\/strong>: Oavsett om det \u00e4r f\u00f6r en romantisk kv\u00e4ll, en speciell h\u00e4ndelse eller som ett unikt modestatement, detta <strong>blommig spets strumpebandsunderkl\u00e4der set<\/strong> \u00e4r m\u00e5ngsidig nog f\u00f6r att passa olika tillf\u00e4llen, vilket g\u00f6r den till ett v\u00e4rdefullt tillskott till alla underkl\u00e4der eller modekollektioner.<\/p>\n\n\n\n<p>Bjud in dina kunder att uppleva den lyxiga och sensuella v\u00e4rlden av v\u00e5rt svarta spets- och mesh-bh-set. Dess uts\u00f6kta design och uppm\u00e4rksamhet p\u00e5 detaljer g\u00f6r den till ett m\u00e5ste f\u00f6r alla exklusiva underkl\u00e4deskollektioner. Best\u00e4ll nu och ge dina kunder en touch av elegans, romantik och f\u00f6rf\u00f6risk stil!<\/p>\n\n\n\n<figure class=\"wp-block-table\"><table><tbody><tr><td class=\"has-text-align-center\" data-align=\"center\" colspan=\"6\"><strong>Storlekstabell (CM)<\/strong><\/td><\/tr><tr><td class=\"has-text-align-center\" data-align=\"center\"><strong>Storlek<\/strong><\/td><td class=\"has-text-align-center\" data-align=\"center\"><strong>Kopph\u00f6jd (cm)<\/strong><\/td><td class=\"has-text-align-center\" data-align=\"center\"><strong>Under byst (cm)<\/strong><\/td><td class=\"has-text-align-center\" data-align=\"center\"><strong>Trosor midja (cm)<\/strong><\/td><td class=\"has-text-align-center\" data-align=\"center\"><strong>Midja (cm)<\/strong><\/td><td class=\"has-text-align-center\" data-align=\"center\"><strong>L\u00e4ngd (cm)<\/strong><\/td><\/tr><tr><td class=\"has-text-align-center\" data-align=\"center\">S<\/td><td class=\"has-text-align-center\" data-align=\"center\">16<\/td><td class=\"has-text-align-center\" data-align=\"center\">66-84<\/td><td class=\"has-text-align-center\" data-align=\"center\">68-94<\/td><td class=\"has-text-align-center\" data-align=\"center\">64-84<\/td><td class=\"has-text-align-center\" data-align=\"center\">20<\/td><\/tr><tr><td class=\"has-text-align-center\" data-align=\"center\">M<\/td><td class=\"has-text-align-center\" data-align=\"center\">17<\/td><td class=\"has-text-align-center\" data-align=\"center\">70-88<\/td><td class=\"has-text-align-center\" data-align=\"center\">72-98<\/td><td class=\"has-text-align-center\" data-align=\"center\">68-88<\/td><td class=\"has-text-align-center\" data-align=\"center\">21<\/td><\/tr><tr><td class=\"has-text-align-center\" data-align=\"center\">L<\/td><td class=\"has-text-align-center\" data-align=\"center\">18<\/td><td class=\"has-text-align-center\" data-align=\"center\">74-92<\/td><td class=\"has-text-align-center\" data-align=\"center\">76-102<\/td><td class=\"has-text-align-center\" data-align=\"center\">72-92<\/td><td class=\"has-text-align-center\" data-align=\"center\">22<\/td><\/tr><tr><td class=\"has-text-align-center\" data-align=\"center\" colspan=\"6\"><strong>Storlekstabell (INCH)<\/strong><\/td><\/tr><tr><td class=\"has-text-align-center\" data-align=\"center\"><strong>Storlek<\/strong><\/td><td class=\"has-text-align-center\" data-align=\"center\"><strong>Kopph\u00f6jd (in)<\/strong><\/td><td class=\"has-text-align-center\" data-align=\"center\"><strong>Under byst (in)<\/strong><\/td><td class=\"has-text-align-center\" data-align=\"center\"><strong>Trosor midja (in)<\/strong><\/td><td class=\"has-text-align-center\" data-align=\"center\"><strong>Midja (in)<\/strong><\/td><td class=\"has-text-align-center\" data-align=\"center\"><strong>L\u00e4ngd (tum)<\/strong><\/td><\/tr><tr><td class=\"has-text-align-center\" data-align=\"center\">S<\/td><td class=\"has-text-align-center\" data-align=\"center\">6.30<\/td><td class=\"has-text-align-center\" data-align=\"center\">25.98-33.07<\/td><td class=\"has-text-align-center\" data-align=\"center\">26.77-37.01<\/td><td class=\"has-text-align-center\" data-align=\"center\">25.20-33.07<\/td><td class=\"has-text-align-center\" data-align=\"center\">7.87<\/td><\/tr><tr><td class=\"has-text-align-center\" data-align=\"center\">M<\/td><td class=\"has-text-align-center\" data-align=\"center\">6.69<\/td><td class=\"has-text-align-center\" data-align=\"center\">27.56-34.65<\/td><td class=\"has-text-align-center\" data-align=\"center\">28.35-38.58<\/td><td class=\"has-text-align-center\" data-align=\"center\">26.77-34.65<\/td><td class=\"has-text-align-center\" data-align=\"center\">8.27<\/td><\/tr><tr><td class=\"has-text-align-center\" data-align=\"center\">L<\/td><td class=\"has-text-align-center\" data-align=\"center\">7.09<\/td><td class=\"has-text-align-center\" data-align=\"center\">29.13-36.22<\/td><td class=\"has-text-align-center\" data-align=\"center\">29.92-40.16<\/td><td class=\"has-text-align-center\" data-align=\"center\">28.35-36.22<\/td><td class=\"has-text-align-center\" data-align=\"center\">8.66<\/td><\/tr><\/tbody><\/table><\/figure>","protected":false},"excerpt":{"rendered":"<p>Njut av tjusningen av v\u00e5r <strong>blommig spets strumpebandsunderkl\u00e4der set<\/strong>, en f\u00e4ngslande ensemble av svarta spets- och meshs\u00f6mmar, med en sexig genomskinlig design med spetsdekorerade beh\u00e5ar med \u00f6gonfransar och accenter av sm\u00e5 rosett.<\/p>","protected":false},"featured_media":48309,"template":"","meta":[],"product_brand":[],"product_cat":[368,369,367],"product_tag":[507,452,875,865],"class_list":{"0":"post-48323","1":"product","2":"type-product","3":"status-publish","4":"has-post-thumbnail","6":"product_cat-bra-panty-set","7":"product_cat-wholesale-lace-bra-and-panty-sets","8":"product_cat-sexy-lingerie","9":"product_tag-three-pcs-set","10":"product_tag-wholesale-boudoir-lingerie","11":"product_tag-lace-sexy-lingerie","12":"product_tag-sexy-skimpy-lingerie","13":"pa_color-black","14":"pa_color-white","15":"pa_size-wholesale-large-size-women-sexy-lingerie","16":"pa_size-wholesale-medium-size-women-sexy-lingerie","17":"pa_size-wholesale-small-size-sexy-lingerie","19":"first","20":"instock","21":"taxable","22":"shipping-taxable","23":"purchasable","24":"product-type-variable"},"tiered_pricing_type":"fixed","tiered_pricing_fixed_rules":[],"tiered_pricing_product_settings":{"layout":"table","base_unit_name":{"singular":null,"plural":null},"default_variation":null},"tiered_pricing_minimum_quantity":null,"tiered_pricing_roles_data":[],"tiered_pricing_percentage_rules":[],"tiered_pricing_maximum_quantity":null,"tiered_pricing_quantity_step":null,"_links":{"self":[{"href":"https:\/\/gretasexylingerie.com\/sv\/wp-json\/wp\/v2\/product\/48323","targetHints":{"allow":["GET"]}}],"collection":[{"href":"https:\/\/gretasexylingerie.com\/sv\/wp-json\/wp\/v2\/product"}],"about":[{"href":"https:\/\/gretasexylingerie.com\/sv\/wp-json\/wp\/v2\/types\/product"}],"wp:featuredmedia":[{"embeddable":true,"href":"https:\/\/gretasexylingerie.com\/sv\/wp-json\/wp\/v2\/media\/48309"}],"wp:attachment":[{"href":"https:\/\/gretasexylingerie.com\/sv\/wp-json\/wp\/v2\/media?parent=48323"}],"wp:term":[{"taxonomy":"product_brand","embeddable":true,"href":"https:\/\/gretasexylingerie.com\/sv\/wp-json\/wp\/v2\/product_brand?post=48323"},{"taxonomy":"product_cat","embeddable":true,"href":"https:\/\/gretasexylingerie.com\/sv\/wp-json\/wp\/v2\/product_cat?post=48323"},{"taxonomy":"product_tag","embeddable":true,"href":"https:\/\/gretasexylingerie.com\/sv\/wp-json\/wp\/v2\/product_tag?post=48323"}],"curies":[{"name":"wp","href":"https:\/\/api.w.org\/{rel}","templated":true}]}}