{"id":48268,"date":"2024-01-23T21:50:32","date_gmt":"2024-01-23T13:50:32","guid":{"rendered":"https:\/\/gretasexylingerie.com\/?post_type=product&#038;p=48268"},"modified":"2024-02-20T12:30:02","modified_gmt":"2024-02-20T04:30:02","slug":"grossist-ren-mesh-chemise-set","status":"publish","type":"product","link":"https:\/\/gretasexylingerie.com\/sv\/products\/wholesale-sheer-mesh-chemise-set\/","title":{"rendered":"Grossist Sheer Mesh Chemise Set f\u00f6r br\u00f6llopsnatten"},"content":{"rendered":"<p><strong>Vit Transparent Mesh<\/strong>: Den chemise kostymen \u00e4r tillverkad av en delikat vit transparent mesh, erbjuder en blandning av sofistikering och lockelse. Denna rena elegans \u00e4r idealisk f\u00f6r speciella tillf\u00e4llen, s\u00e4rskilt som en <strong>br\u00f6llopsnatt chemise<\/strong>, d\u00e4r en blandning av romantik och sensualitet \u00f6nskas.<\/p>\n\n\n\n<p><strong>H\u00f6ftavsl\u00f6jande design<\/strong>: Chemisens h\u00f6ftavsl\u00f6jande design ger en touch av dj\u00e4rvhet och lockelse, perfekt f\u00f6r att skapa minnesv\u00e4rda \u00f6gonblick. Denna funktion \u00e4r s\u00e4rskilt tilltalande f\u00f6r dem som vill l\u00e4gga till en antydan av f\u00f6rf\u00f6relse till sina brudunderkl\u00e4der.<\/p>\n\n\n\n<p><strong>Extra l\u00e5nga Leggings<\/strong>: Till kemisen finns extra l\u00e5nga leggings, som ger en unik och elegant touch till ensemblen. Denna distinkta egenskap skiljer setet fr\u00e5n typiska underkl\u00e4der, och erbjuder ett sofistikerat och modernt utseende.<\/p>\n\n\n\n<p><strong>Komplett set med handskar<\/strong>: Det h\u00e4r setet inneh\u00e5ller inte bara linnet och trosan, utan ocks\u00e5 ett par eleganta handskar, som ger en komplett och koordinerad look. Handskarna ger en touch av klass och f\u00f6rfining, perfekt f\u00f6r en brud p\u00e5 hennes br\u00f6llopsnatt.<\/p>\n\n\n\n<p><strong>M\u00e5ngsidig storleksserie<\/strong>: Finns i storlekar som passar en m\u00e4ngd olika kroppstyper, detta set s\u00e4kerst\u00e4ller en perfekt passform och erbjuder b\u00e5de komfort och stil.<\/p>\n\n\n\n<p><strong>Perfekt f\u00f6r brudkollektioner<\/strong>: Detta skira mesh-skemiset, med sin kombination av elegans och modern design, \u00e4r ett utm\u00e4rkt komplement till alla brudunderkl\u00e4derkollektioner. Det \u00e4r ett idealiskt val f\u00f6r dem som vill erbjuda sina kunder en blandning av traditionell brudelegans och modernt mode.<\/p>\n\n\n\n<p>Bjud in dina kunder att \u00e4gna sig \u00e5t den lyxiga charmen i v\u00e5rt rena mesh-kemisset. Dess uts\u00f6kta design och uppm\u00e4rksamhet p\u00e5 detaljer g\u00f6r den till ett m\u00e5ste f\u00f6r alla brudunderkl\u00e4derkollektioner. Best\u00e4ll nu f\u00f6r att lyfta dina erbjudanden med en touch av sofistikering och modern stil!<\/p>\n\n\n\n<p><\/p>","protected":false},"excerpt":{"rendered":"<p>Omfamna elegans p\u00e5 din speciella kv\u00e4ll med v\u00e5r <strong>vit chemise set<\/strong>, med en vit transparent mesh och h\u00f6ftavsl\u00f6jande design. Detta set inneh\u00e5ller extra l\u00e5nga leggings och handskar, perfekta f\u00f6r en br\u00f6llopsnatt.<\/p>","protected":false},"featured_media":48258,"template":"","meta":[],"product_brand":[],"product_cat":[394,422,367],"product_tag":[518,446,880,865],"class_list":{"0":"post-48268","1":"product","2":"type-product","3":"status-publish","4":"has-post-thumbnail","6":"product_cat-wholesale-mesh-chemise","7":"product_cat-sexy-chemise","8":"product_cat-sexy-lingerie","9":"product_tag-mesh-lingerie","10":"product_tag-wholesale-sexy-see-through-lingerie","11":"product_tag-sexy-2-piece-lingerie","12":"product_tag-sexy-skimpy-lingerie","13":"pa_color-white","14":"pa_size-wholesale-large-size-women-sexy-lingerie","15":"pa_size-wholesale-medium-size-women-sexy-lingerie","16":"pa_size-wholesale-small-size-sexy-lingerie","18":"first","19":"instock","20":"taxable","21":"shipping-taxable","22":"purchasable","23":"product-type-variable"},"tiered_pricing_type":"fixed","tiered_pricing_fixed_rules":[],"tiered_pricing_product_settings":{"layout":"table","base_unit_name":{"singular":null,"plural":null},"default_variation":null},"tiered_pricing_minimum_quantity":null,"tiered_pricing_roles_data":[],"tiered_pricing_percentage_rules":[],"tiered_pricing_maximum_quantity":null,"tiered_pricing_quantity_step":null,"_links":{"self":[{"href":"https:\/\/gretasexylingerie.com\/sv\/wp-json\/wp\/v2\/product\/48268","targetHints":{"allow":["GET"]}}],"collection":[{"href":"https:\/\/gretasexylingerie.com\/sv\/wp-json\/wp\/v2\/product"}],"about":[{"href":"https:\/\/gretasexylingerie.com\/sv\/wp-json\/wp\/v2\/types\/product"}],"wp:featuredmedia":[{"embeddable":true,"href":"https:\/\/gretasexylingerie.com\/sv\/wp-json\/wp\/v2\/media\/48258"}],"wp:attachment":[{"href":"https:\/\/gretasexylingerie.com\/sv\/wp-json\/wp\/v2\/media?parent=48268"}],"wp:term":[{"taxonomy":"product_brand","embeddable":true,"href":"https:\/\/gretasexylingerie.com\/sv\/wp-json\/wp\/v2\/product_brand?post=48268"},{"taxonomy":"product_cat","embeddable":true,"href":"https:\/\/gretasexylingerie.com\/sv\/wp-json\/wp\/v2\/product_cat?post=48268"},{"taxonomy":"product_tag","embeddable":true,"href":"https:\/\/gretasexylingerie.com\/sv\/wp-json\/wp\/v2\/product_tag?post=48268"}],"curies":[{"name":"wp","href":"https:\/\/api.w.org\/{rel}","templated":true}]}}