{"id":48245,"date":"2024-01-23T21:47:46","date_gmt":"2024-01-23T13:47:46","guid":{"rendered":"https:\/\/gretasexylingerie.com\/?post_type=product&#038;p=48245"},"modified":"2024-03-12T11:30:21","modified_gmt":"2024-03-12T03:30:21","slug":"partihandel-parl-bh-och-underklader-set","status":"publish","type":"product","link":"https:\/\/gretasexylingerie.com\/sv\/products\/wholesale-pearl-bra-and-underwear-set\/","title":{"rendered":"P\u00e4rlbeh\u00e5 och underkl\u00e4der i parti i tyll"},"content":{"rendered":"<p><strong>Pearl Chain Elegance<\/strong>: Detta uts\u00f6kta set best\u00e5r av p\u00e4rlkedjor, som ger en touch av \u00f6verfl\u00f6d och sofistikering. P\u00e4rlorna ger en unik estetik, vilket g\u00f6r detta set till ett lyxigt val f\u00f6r den som s\u00f6ker <strong>sexiga tv\u00e5delade underkl\u00e4der<\/strong> med en distinkt stil.<\/p>\n\n\n\n<p><strong>\u00d6ppna trosdesign<\/strong>: Den \u00f6ppna trosstilen \u00e4r inte bara v\u00e5gad utan utstr\u00e5lar ocks\u00e5 en k\u00e4nsla av lockelse och intriger. Denna design \u00e4r perfekt f\u00f6r kunder som letar efter underkl\u00e4der som kombinerar dj\u00e4rvhet med elegans.<\/p>\n\n\n\n<p><strong>Ih\u00e5lig bh-struktur<\/strong>: Den ih\u00e5liga bh-designen l\u00e4gger till ett element av f\u00f6rf\u00f6relse och sofistikering. Det \u00e4r ett innovativt f\u00f6rh\u00e5llningss\u00e4tt till underkl\u00e4der, som erbjuder en balans mellan att avsl\u00f6ja och d\u00f6lja som f\u00e4ngslar fantasin.<\/p>\n\n\n\n<p><strong>Superelastisk n\u00e4tram<\/strong>: Setet \u00e4r inramat med superelastiskt meshmaterial, vilket s\u00e4kerst\u00e4ller b\u00e5de komfort och en smickrande passform. Denna funktion \u00e4r s\u00e4rskilt tilltalande f\u00f6r sin m\u00e5ngsidighet och anpassningsf\u00f6rm\u00e5ga till olika kroppstyper.<\/p>\n\n\n\n<p><strong>Finns i tre f\u00e4rger<\/strong>: Erbjuds i svart, vit och lila, detta set passar till olika preferenser och stilar. Varje f\u00e4rg l\u00e4gger sin egen karakt\u00e4r till designen, fr\u00e5n klassisk elegans till dj\u00e4rv och mystisk.<\/p>\n\n\n\n<p><strong>Perfekt f\u00f6r speciella tillf\u00e4llen<\/strong>: Perfekt f\u00f6r de speciella \u00f6gonblicken, denna p\u00e4rlbh och underkl\u00e4desset \u00e4r mer \u00e4n bara underkl\u00e4der; det \u00e4r ett uttalande. Den \u00e4r perfekt f\u00f6r kunder som vill l\u00e4gga till ett element av lyx och sensualitet till sin garderob.<\/p>\n\n\n\n<p>Bjud in dina kunder att njuta av den lyxiga och sensuella v\u00e4rlden av v\u00e5r p\u00e4rlbh och underkl\u00e4desset. Dess unika design och uppm\u00e4rksamhet p\u00e5 detaljer g\u00f6r den till ett m\u00e5ste f\u00f6r alla exklusiva underkl\u00e4deskollektioner. Best\u00e4ll nu och ge dina kunder en touch av elegans, sofistikering och v\u00e5gad stil!<\/p>","protected":false},"excerpt":{"rendered":"<p>Dyk in i lyx med v\u00e5r <strong>p\u00e4rl-bh och underkl\u00e4desset<\/strong>, en fantastisk ensemble med p\u00e4rlkedjor i en \u00f6ppen trosa och ih\u00e5lig bh-design, inramad med superelastiskt meshmaterial.<\/p>","protected":false},"featured_media":48225,"template":"","meta":[],"product_brand":[],"product_cat":[368,367,376],"product_tag":[973,670,880,449,453,864],"class_list":{"0":"post-48245","1":"product","2":"type-product","3":"status-publish","4":"has-post-thumbnail","6":"product_cat-bra-panty-set","7":"product_cat-sexy-lingerie","8":"product_cat-wholesale-ultra-sexy-bra-panty-set","9":"product_tag-oem","10":"product_tag-pearl-lingerie","11":"product_tag-sexy-2-piece-lingerie","12":"product_tag-wholesale-sexy-crotchless-lingerie","13":"product_tag-wholesale-sexy-naughty-lingerie","14":"product_tag-sexy-petite-lingerie","15":"pa_color-black","16":"pa_color-purple-women-sexy-lingerie","17":"pa_color-white","18":"pa_size-wholesale-large-size-women-sexy-lingerie","19":"pa_size-wholesale-medium-size-women-sexy-lingerie","20":"pa_size-wholesale-small-size-sexy-lingerie","22":"first","23":"outofstock","24":"taxable","25":"shipping-taxable","26":"purchasable","27":"product-type-variable"},"tiered_pricing_type":"fixed","tiered_pricing_fixed_rules":[],"tiered_pricing_product_settings":{"layout":"table","base_unit_name":{"singular":null,"plural":null},"default_variation":null},"tiered_pricing_minimum_quantity":null,"tiered_pricing_roles_data":[],"tiered_pricing_percentage_rules":[],"tiered_pricing_maximum_quantity":null,"tiered_pricing_quantity_step":null,"_links":{"self":[{"href":"https:\/\/gretasexylingerie.com\/sv\/wp-json\/wp\/v2\/product\/48245","targetHints":{"allow":["GET"]}}],"collection":[{"href":"https:\/\/gretasexylingerie.com\/sv\/wp-json\/wp\/v2\/product"}],"about":[{"href":"https:\/\/gretasexylingerie.com\/sv\/wp-json\/wp\/v2\/types\/product"}],"wp:featuredmedia":[{"embeddable":true,"href":"https:\/\/gretasexylingerie.com\/sv\/wp-json\/wp\/v2\/media\/48225"}],"wp:attachment":[{"href":"https:\/\/gretasexylingerie.com\/sv\/wp-json\/wp\/v2\/media?parent=48245"}],"wp:term":[{"taxonomy":"product_brand","embeddable":true,"href":"https:\/\/gretasexylingerie.com\/sv\/wp-json\/wp\/v2\/product_brand?post=48245"},{"taxonomy":"product_cat","embeddable":true,"href":"https:\/\/gretasexylingerie.com\/sv\/wp-json\/wp\/v2\/product_cat?post=48245"},{"taxonomy":"product_tag","embeddable":true,"href":"https:\/\/gretasexylingerie.com\/sv\/wp-json\/wp\/v2\/product_tag?post=48245"}],"curies":[{"name":"wp","href":"https:\/\/api.w.org\/{rel}","templated":true}]}}