{"id":48205,"date":"2024-01-23T21:41:36","date_gmt":"2024-01-23T13:41:36","guid":{"rendered":"https:\/\/gretasexylingerie.com\/?post_type=product&#038;p=48205"},"modified":"2024-04-04T15:03:33","modified_gmt":"2024-04-04T07:03:33","slug":"grossist-lila-och-rosa-blommiga-spets-strumpebandsunderklader-set","status":"publish","type":"product","link":"https:\/\/gretasexylingerie.com\/sv\/products\/wholesale-purple-and-pink-floral-lace-garter-lingerie-set\/","title":{"rendered":"Partihandel lila och rosa blommor spets strumpeband underkl\u00e4der Set"},"content":{"rendered":"<p><strong>Avancerat broderi och blommor hantverk<\/strong>: Setet har uts\u00f6kta blommiga broderier som visar upp skickligt hantverk. De h\u00e4r intrikata detaljerna ger en lyxig touch, vilket g\u00f6r den till en framst\u00e5ende pj\u00e4s i alla <strong>blommig spets bygel strumpebandsunderkl\u00e4der set<\/strong> samling.<\/p>\n\n\n\n<p><strong>Siden volangdekoration<\/strong>: Sidenvolanger pryder setet elegant och l\u00e4gger till ett lager av sofistikering och femininitet. Denna delikata egenskap f\u00f6rst\u00e4rker den \u00f6vergripande estetiken och tilltalar dem som uppskattar en blandning av lyx och elegans i sina underkl\u00e4der.<\/p>\n\n\n\n<p><strong>Ljuslila och rosa palett<\/strong>: Det mjuka och romantiska f\u00e4rgschemat av ljuslila och rosa erbjuder ett uppfriskande och trendigt alternativ till traditionella underkl\u00e4desf\u00e4rger. Denna palett \u00e4r perfekt f\u00f6r kunder som s\u00f6ker n\u00e5got unikt och moderiktigt i sin <strong>rosa bh och byxor set<\/strong> urval.<\/p>\n\n\n\n<p><strong>M\u00e5ngsidig storleksserie<\/strong>: Det h\u00e4r setet passar till en m\u00e4ngd olika kroppstyper och finns i storlekarna S, M, L, vilket s\u00e4kerst\u00e4ller en perfekt passform och komfort f\u00f6r en m\u00e5ngfaldig kundkrets.<\/p>\n\n\n\n<p><strong>Perfekt f\u00f6r speciella tillf\u00e4llen<\/strong>: Detta underkl\u00e4desset, med sin kombination av exklusiva broderier och volanger i siden, \u00e4r ett utm\u00e4rkt val f\u00f6r speciella tillf\u00e4llen. Den \u00e4r idealisk f\u00f6r dem som vill l\u00e4gga till en touch av lyx och sofistikering till sin underkl\u00e4desgarderob.<\/p>\n\n\n\n<p>Bjud in dina kunder att uppleva tjusningen med v\u00e5rt set med lila och rosa blommiga strumpebandsunderkl\u00e4der. Dess uts\u00f6kta design och uppm\u00e4rksamhet p\u00e5 detaljer g\u00f6r den till ett m\u00e5ste f\u00f6r alla exklusiva underkl\u00e4deskollektioner. Best\u00e4ll nu f\u00f6r att erbjuda dina kunder en blandning av lyx, stil och komfort!<\/p>\n\n\n\n<figure class=\"wp-block-table\"><table><tbody><tr><td class=\"has-text-align-center\" data-align=\"center\" colspan=\"6\"><strong>Storlekstabell (CM)<\/strong><\/td><\/tr><tr><td class=\"has-text-align-center\" data-align=\"center\"><strong>Storlek<\/strong><\/td><td class=\"has-text-align-center\" data-align=\"center\"><strong>Underbyst (cm)<\/strong><\/td><td class=\"has-text-align-center\" data-align=\"center\"><strong>Underbyst (in)<\/strong><\/td><td class=\"has-text-align-center\" data-align=\"center\"><strong>Trosa midja (cm)<\/strong><\/td><td class=\"has-text-align-center\" data-align=\"center\"><strong>Midja (cm)<\/strong><\/td><td class=\"has-text-align-center\" data-align=\"center\"><strong>Byxans l\u00e4ngd (cm)<\/strong><\/td><\/tr><tr><td class=\"has-text-align-center\" data-align=\"center\">S<\/td><td class=\"has-text-align-center\" data-align=\"center\">20<\/td><td class=\"has-text-align-center\" data-align=\"center\">64-74<\/td><td class=\"has-text-align-center\" data-align=\"center\">62-94<\/td><td class=\"has-text-align-center\" data-align=\"center\">60-70<\/td><td class=\"has-text-align-center\" data-align=\"center\">21<\/td><\/tr><tr><td class=\"has-text-align-center\" data-align=\"center\">M<\/td><td class=\"has-text-align-center\" data-align=\"center\">21<\/td><td class=\"has-text-align-center\" data-align=\"center\">68-78<\/td><td class=\"has-text-align-center\" data-align=\"center\">66-98<\/td><td class=\"has-text-align-center\" data-align=\"center\">64-74<\/td><td class=\"has-text-align-center\" data-align=\"center\">22<\/td><\/tr><tr><td class=\"has-text-align-center\" data-align=\"center\">L<\/td><td class=\"has-text-align-center\" data-align=\"center\">22<\/td><td class=\"has-text-align-center\" data-align=\"center\">72-82<\/td><td class=\"has-text-align-center\" data-align=\"center\">70-102<\/td><td class=\"has-text-align-center\" data-align=\"center\">68-78<\/td><td class=\"has-text-align-center\" data-align=\"center\">23<\/td><\/tr><tr><td class=\"has-text-align-center\" data-align=\"center\" colspan=\"6\"><strong>Storlekstabell (INCH)<\/strong><\/td><\/tr><tr><td class=\"has-text-align-center\" data-align=\"center\"><strong>Storlek<\/strong><\/td><td class=\"has-text-align-center\" data-align=\"center\"><strong>L\u00e4ngd (tum)<\/strong><\/td><td class=\"has-text-align-center\" data-align=\"center\"><strong>Under byst (in)<\/strong><\/td><td class=\"has-text-align-center\" data-align=\"center\"><strong>Trosa midja (in)<\/strong><\/td><td class=\"has-text-align-center\" data-align=\"center\"><strong>Midja (in)<\/strong><\/td><td class=\"has-text-align-center\" data-align=\"center\"><strong>Byxans l\u00e4ngd (in)<\/strong><\/td><\/tr><tr><td class=\"has-text-align-center\" data-align=\"center\">S<\/td><td class=\"has-text-align-center\" data-align=\"center\">7.87<\/td><td class=\"has-text-align-center\" data-align=\"center\">25.20-29.13<\/td><td class=\"has-text-align-center\" data-align=\"center\">24.41-37.01<\/td><td class=\"has-text-align-center\" data-align=\"center\">23.62-27.56<\/td><td class=\"has-text-align-center\" data-align=\"center\">8.27<\/td><\/tr><tr><td class=\"has-text-align-center\" data-align=\"center\">M<\/td><td class=\"has-text-align-center\" data-align=\"center\">8.27<\/td><td class=\"has-text-align-center\" data-align=\"center\">26.77-30.71<\/td><td class=\"has-text-align-center\" data-align=\"center\">25.98-38.58<\/td><td class=\"has-text-align-center\" data-align=\"center\">25.20-29.13<\/td><td class=\"has-text-align-center\" data-align=\"center\">8.66<\/td><\/tr><tr><td class=\"has-text-align-center\" data-align=\"center\">L<\/td><td class=\"has-text-align-center\" data-align=\"center\">8.66<\/td><td class=\"has-text-align-center\" data-align=\"center\">28.35-32.28<\/td><td class=\"has-text-align-center\" data-align=\"center\">27.56-40.16<\/td><td class=\"has-text-align-center\" data-align=\"center\">26.77-30.71<\/td><td class=\"has-text-align-center\" data-align=\"center\">9.06<\/td><\/tr><\/tbody><\/table><\/figure>","protected":false},"excerpt":{"rendered":"<p>Njut av v\u00e5r elegans <strong>lila f\u00e4rg bh trosa<\/strong> set, prydd med exklusiva blombroderier och volangdekorationer i siden. Detta ljuslila och rosa set \u00e4r ett bevis p\u00e5 lyxig stil.<\/p>","protected":false},"featured_media":48187,"template":"","meta":[],"product_brand":[],"product_cat":[368,369,367],"product_tag":[452,510,880,864],"class_list":{"0":"post-48205","1":"product","2":"type-product","3":"status-publish","4":"has-post-thumbnail","6":"product_cat-bra-panty-set","7":"product_cat-wholesale-lace-bra-and-panty-sets","8":"product_cat-sexy-lingerie","9":"product_tag-wholesale-boudoir-lingerie","10":"product_tag-ruffles-lingerie","11":"product_tag-sexy-2-piece-lingerie","12":"product_tag-sexy-petite-lingerie","13":"pa_color-light-purple","14":"pa_color-pink-women-sexy-lingerie","15":"pa_size-wholesale-large-size-women-sexy-lingerie","16":"pa_size-wholesale-medium-size-women-sexy-lingerie","17":"pa_size-wholesale-small-size-sexy-lingerie","19":"first","20":"instock","21":"taxable","22":"shipping-taxable","23":"purchasable","24":"product-type-variable"},"tiered_pricing_type":"fixed","tiered_pricing_fixed_rules":[],"tiered_pricing_product_settings":{"layout":"table","base_unit_name":{"singular":null,"plural":null},"default_variation":null},"tiered_pricing_minimum_quantity":null,"tiered_pricing_roles_data":[],"tiered_pricing_percentage_rules":[],"tiered_pricing_maximum_quantity":null,"tiered_pricing_quantity_step":null,"_links":{"self":[{"href":"https:\/\/gretasexylingerie.com\/sv\/wp-json\/wp\/v2\/product\/48205","targetHints":{"allow":["GET"]}}],"collection":[{"href":"https:\/\/gretasexylingerie.com\/sv\/wp-json\/wp\/v2\/product"}],"about":[{"href":"https:\/\/gretasexylingerie.com\/sv\/wp-json\/wp\/v2\/types\/product"}],"wp:featuredmedia":[{"embeddable":true,"href":"https:\/\/gretasexylingerie.com\/sv\/wp-json\/wp\/v2\/media\/48187"}],"wp:attachment":[{"href":"https:\/\/gretasexylingerie.com\/sv\/wp-json\/wp\/v2\/media?parent=48205"}],"wp:term":[{"taxonomy":"product_brand","embeddable":true,"href":"https:\/\/gretasexylingerie.com\/sv\/wp-json\/wp\/v2\/product_brand?post=48205"},{"taxonomy":"product_cat","embeddable":true,"href":"https:\/\/gretasexylingerie.com\/sv\/wp-json\/wp\/v2\/product_cat?post=48205"},{"taxonomy":"product_tag","embeddable":true,"href":"https:\/\/gretasexylingerie.com\/sv\/wp-json\/wp\/v2\/product_tag?post=48205"}],"curies":[{"name":"wp","href":"https:\/\/api.w.org\/{rel}","templated":true}]}}