{"id":48173,"date":"2024-01-23T21:37:25","date_gmt":"2024-01-23T13:37:25","guid":{"rendered":"https:\/\/gretasexylingerie.com\/?post_type=product&#038;p=48173"},"modified":"2024-02-20T12:39:38","modified_gmt":"2024-02-20T04:39:38","slug":"grossist-sexig-oppen-bh-set-med-heta-trosor","status":"publish","type":"product","link":"https:\/\/gretasexylingerie.com\/sv\/products\/wholesale-sexy-open-bra-set-with-hot-panty\/","title":{"rendered":"Sexig \u00f6ppen bh-set i grossistledet med heta trosordesign i kontrasterande f\u00e4rger"},"content":{"rendered":"<p><strong>Bandskarvningsteknik<\/strong>: Detta BH-set anv\u00e4nder sig av innovativ skarvningsteknik f\u00f6r remmar, vilket skapar en unik och i\u00f6gonfallande design. Denna funktion ger inte bara en modern twist till setet utan s\u00e4kerst\u00e4ller ocks\u00e5 en s\u00e4ker och smickrande passform, som tilltalar dem som s\u00f6ker underkl\u00e4der som kombinerar banbrytande design med komfort.<\/p>\n\n\n\n<p><strong>Design med ih\u00e5liga br\u00f6st<\/strong>: Den ih\u00e5liga br\u00f6stdesignen i detta set erbjuder en v\u00e5gad och provocerande look, perfekt f\u00f6r dem som vill g\u00f6ra ett dj\u00e4rvt uttalande. Detta designelement \u00e4r nyckeln f\u00f6r att g\u00f6ra detta <strong>sexig \u00f6ppen upps\u00e4ttning<\/strong> en enast\u00e5ende pj\u00e4s, perfekt f\u00f6r speciella tillf\u00e4llen eller f\u00f6r att ge en gnista till vardagsbruk.<\/p>\n\n\n\n<p><strong>Svart n\u00e4ttyg<\/strong>: Anv\u00e4ndningen av svart n\u00e4ttyg ger ett lager av lockelse och sofistikering. Den \u00e4r tillr\u00e4ckligt ren f\u00f6r att reta men l\u00e4mnar tillr\u00e4ckligt \u00e5t fantasin och skapar den perfekta balansen f\u00f6r en <strong>heta trosor set design<\/strong>.<\/p>\n\n\n\n<p><strong>Kontrasterande f\u00e4rgdesign<\/strong>: Finns i HotPink, Orange och Red, dessa livfulla kontrastf\u00e4rger ger en extra dimension av tilltalande. Varje f\u00e4rgalternativ erbjuder en annan st\u00e4mning och stil, tillgodoser en m\u00e4ngd olika preferenser och g\u00f6r setet m\u00e5ngsidigt f\u00f6r olika personligheter.<\/p>\n\n\n\n<p><strong>M\u00e5ngsidig storleksserie<\/strong>: Med storlekar fr\u00e5n S till L \u00e4r detta BH-set designat f\u00f6r att passa ett brett spektrum av kroppstyper. Denna inkludering s\u00e4kerst\u00e4ller att varje kund kan hitta sin perfekta passform, vilket g\u00f6r den till ett utm\u00e4rkt komplement till alla underkl\u00e4deskollektioner.<\/p>\n\n\n\n<p><strong>Bundna bh och trosor<\/strong>: Setet inneh\u00e5ller en uppbunden bh och trosor, vilket ger ett lekfullt och f\u00f6rf\u00f6riskt inslag. Denna detalj f\u00f6rst\u00e4rker inte bara setets visuella tilltalande utan m\u00f6jligg\u00f6r ocks\u00e5 justerbarhet och en anpassad passform.<\/p>\n\n\n\n<p>V\u00e5ga bl\u00e4nda med v\u00e5rt supersexiga bh-set, en perfekt blandning av dj\u00e4rv design och lockande detaljer. Dess unika egenskaper och kontrasterande f\u00e4rger g\u00f6r den till ett m\u00e5ste f\u00f6r alla kollektioner som vill l\u00e4gga till en touch av sp\u00e4nning och lockelse. Best\u00e4ll nu och ge dina erbjudanden en ny niv\u00e5 av f\u00f6rf\u00f6relse!<\/p>\n\n\n\n<figure class=\"wp-block-table\"><table><tbody><tr><td class=\"has-text-align-center\" data-align=\"center\" colspan=\"6\"><strong>Storlekstabell (CM)<\/strong><\/td><\/tr><tr><td class=\"has-text-align-center\" data-align=\"center\"><strong>Storlek<\/strong><\/td><td class=\"has-text-align-center\" data-align=\"center\"><strong>L\u00e4ngd (cm)<\/strong><\/td><td class=\"has-text-align-center\" data-align=\"center\"><strong>Underbyst (cm)<\/strong><\/td><td class=\"has-text-align-center\" data-align=\"center\"><strong>Trosa midja (cm)<\/strong><\/td><td class=\"has-text-align-center\" data-align=\"center\"><strong>Midja (cm)<\/strong><\/td><td class=\"has-text-align-center\" data-align=\"center\"><strong>Byxans l\u00e4ngd (cm)<\/strong><\/td><\/tr><tr><td class=\"has-text-align-center\" data-align=\"center\">S<\/td><td class=\"has-text-align-center\" data-align=\"center\">20<\/td><td class=\"has-text-align-center\" data-align=\"center\">64-74<\/td><td class=\"has-text-align-center\" data-align=\"center\">62-94<\/td><td class=\"has-text-align-center\" data-align=\"center\">60-70<\/td><td class=\"has-text-align-center\" data-align=\"center\">21<\/td><\/tr><tr><td class=\"has-text-align-center\" data-align=\"center\">M<\/td><td class=\"has-text-align-center\" data-align=\"center\">21<\/td><td class=\"has-text-align-center\" data-align=\"center\">68-78<\/td><td class=\"has-text-align-center\" data-align=\"center\">66-98<\/td><td class=\"has-text-align-center\" data-align=\"center\">64-74<\/td><td class=\"has-text-align-center\" data-align=\"center\">22<\/td><\/tr><tr><td class=\"has-text-align-center\" data-align=\"center\">L<\/td><td class=\"has-text-align-center\" data-align=\"center\">22<\/td><td class=\"has-text-align-center\" data-align=\"center\">72-82<\/td><td class=\"has-text-align-center\" data-align=\"center\">70-102<\/td><td class=\"has-text-align-center\" data-align=\"center\">68-78<\/td><td class=\"has-text-align-center\" data-align=\"center\">23<\/td><\/tr><tr><td class=\"has-text-align-center\" data-align=\"center\" colspan=\"6\"><strong>Storlekstabell (INCH)<\/strong><\/td><\/tr><tr><td class=\"has-text-align-center\" data-align=\"center\"><strong>Storlek<\/strong><\/td><td class=\"has-text-align-center\" data-align=\"center\"><strong>L\u00e4ngd (tum)<\/strong><\/td><td class=\"has-text-align-center\" data-align=\"center\"><strong>Underbyst (in)<\/strong><\/td><td class=\"has-text-align-center\" data-align=\"center\"><strong>Trosa midja (in)<\/strong><\/td><td class=\"has-text-align-center\" data-align=\"center\"><strong>Midja (in)<\/strong><\/td><td class=\"has-text-align-center\" data-align=\"center\"><strong>Byxans l\u00e4ngd (in)<\/strong><\/td><\/tr><tr><td class=\"has-text-align-center\" data-align=\"center\">S<\/td><td class=\"has-text-align-center\" data-align=\"center\">7.87<\/td><td class=\"has-text-align-center\" data-align=\"center\">25.20-29.13<\/td><td class=\"has-text-align-center\" data-align=\"center\">24.41-37.01<\/td><td class=\"has-text-align-center\" data-align=\"center\">23.62-27.56<\/td><td class=\"has-text-align-center\" data-align=\"center\">8.27<\/td><\/tr><tr><td class=\"has-text-align-center\" data-align=\"center\">M<\/td><td class=\"has-text-align-center\" data-align=\"center\">8.27<\/td><td class=\"has-text-align-center\" data-align=\"center\">26.77-30.71<\/td><td class=\"has-text-align-center\" data-align=\"center\">25.98-38.58<\/td><td class=\"has-text-align-center\" data-align=\"center\">25.20-29.13<\/td><td class=\"has-text-align-center\" data-align=\"center\">8.66<\/td><\/tr><tr><td class=\"has-text-align-center\" data-align=\"center\">L<\/td><td class=\"has-text-align-center\" data-align=\"center\">8.66<\/td><td class=\"has-text-align-center\" data-align=\"center\">28.35-32.28<\/td><td class=\"has-text-align-center\" data-align=\"center\">27.56-40.16<\/td><td class=\"has-text-align-center\" data-align=\"center\">26.77-30.71<\/td><td class=\"has-text-align-center\" data-align=\"center\">9.06<\/td><\/tr><\/tbody><\/table><\/figure>","protected":false},"excerpt":{"rendered":"<p>T\u00e4nd passion med v\u00e5r <strong>sexig \u00f6ppen upps\u00e4ttning<\/strong>, med skarvningsteknik och en ih\u00e5lig br\u00f6stdesign. Tillverkad i svart mesh med livfulla kontrasterande f\u00e4rger HotPink, Orange och Red, detta set \u00e4r symbolen f\u00f6r f\u00f6rf\u00f6relse.<\/p>","protected":false},"featured_media":48154,"template":"","meta":[],"product_brand":[],"product_cat":[368,376],"product_tag":[880,453,504],"class_list":{"0":"post-48173","1":"product","2":"type-product","3":"status-publish","4":"has-post-thumbnail","6":"product_cat-bra-panty-set","7":"product_cat-wholesale-ultra-sexy-bra-panty-set","8":"product_tag-sexy-2-piece-lingerie","9":"product_tag-wholesale-sexy-naughty-lingerie","10":"product_tag-ultra-sexy","11":"pa_color-hot-pink-women-sexy-lingerie","12":"pa_color-orange","13":"pa_color-red-women-sexy-lingerie","14":"pa_size-wholesale-large-size-women-sexy-lingerie","15":"pa_size-wholesale-medium-size-women-sexy-lingerie","16":"pa_size-wholesale-small-size-sexy-lingerie","18":"first","19":"instock","20":"taxable","21":"shipping-taxable","22":"purchasable","23":"product-type-variable"},"tiered_pricing_type":"fixed","tiered_pricing_fixed_rules":[],"tiered_pricing_product_settings":{"layout":"table","base_unit_name":{"singular":null,"plural":null},"default_variation":null},"tiered_pricing_minimum_quantity":null,"tiered_pricing_roles_data":[],"tiered_pricing_percentage_rules":[],"tiered_pricing_maximum_quantity":null,"tiered_pricing_quantity_step":null,"_links":{"self":[{"href":"https:\/\/gretasexylingerie.com\/sv\/wp-json\/wp\/v2\/product\/48173","targetHints":{"allow":["GET"]}}],"collection":[{"href":"https:\/\/gretasexylingerie.com\/sv\/wp-json\/wp\/v2\/product"}],"about":[{"href":"https:\/\/gretasexylingerie.com\/sv\/wp-json\/wp\/v2\/types\/product"}],"wp:featuredmedia":[{"embeddable":true,"href":"https:\/\/gretasexylingerie.com\/sv\/wp-json\/wp\/v2\/media\/48154"}],"wp:attachment":[{"href":"https:\/\/gretasexylingerie.com\/sv\/wp-json\/wp\/v2\/media?parent=48173"}],"wp:term":[{"taxonomy":"product_brand","embeddable":true,"href":"https:\/\/gretasexylingerie.com\/sv\/wp-json\/wp\/v2\/product_brand?post=48173"},{"taxonomy":"product_cat","embeddable":true,"href":"https:\/\/gretasexylingerie.com\/sv\/wp-json\/wp\/v2\/product_cat?post=48173"},{"taxonomy":"product_tag","embeddable":true,"href":"https:\/\/gretasexylingerie.com\/sv\/wp-json\/wp\/v2\/product_tag?post=48173"}],"curies":[{"name":"wp","href":"https:\/\/api.w.org\/{rel}","templated":true}]}}