{"id":48134,"date":"2024-01-23T21:31:11","date_gmt":"2024-01-23T13:31:11","guid":{"rendered":"https:\/\/gretasexylingerie.com\/?post_type=product&#038;p=48134"},"modified":"2024-02-20T12:41:33","modified_gmt":"2024-02-20T04:41:33","slug":"grossist-zebra-tryck-korsett-topp","status":"publish","type":"product","link":"https:\/\/gretasexylingerie.com\/sv\/products\/wholesale-zebra-print-corset-top\/","title":{"rendered":"Korsetttopp i grossistledet med zebratryck med svarta spetsremmar"},"content":{"rendered":"<p><strong>Sl\u00e5ende zebram\u00f6nster<\/strong>: Det svarta och vita zebram\u00f6nstret i denna bustier-kostym erbjuder en dj\u00e4rv och exotisk look, perfekt f\u00f6r att g\u00f6ra ett statement. Denna i\u00f6gonfallande design \u00e4r idealisk f\u00f6r dem som vill l\u00e4gga till en touch av det vilda till sitt <strong>bekv\u00e4ma korsetttoppar<\/strong> samling.<\/p>\n\n\n\n<p><strong>Fiskbensst\u00f6d och f\u00f6rst\u00e4rkning<\/strong>: Konstruerad med fiskbensst\u00f6d och f\u00f6rst\u00e4rkning, denna korsetttopp ger b\u00e5de struktur och komfort. Designen s\u00e4kerst\u00e4ller en smickrande passform samtidigt som den \u00e4r l\u00e4tt att r\u00f6ra p\u00e5, vilket g\u00f6r den till ett praktiskt val f\u00f6r l\u00e4ngre anv\u00e4ndning.<\/p>\n\n\n\n<p><strong>Bekv\u00e4mt bomullsinneh\u00e5ll<\/strong>: Inkluderandet av bekv\u00e4mt bomullsmaterial i tygblandningen f\u00f6rb\u00e4ttrar korsettens totala b\u00e4rbarhet. Denna funktion \u00e4r s\u00e4rskilt tilltalande f\u00f6r kunder som prioriterar komfort utan att kompromissa med stilen.<\/p>\n\n\n\n<p><strong>Svart spetskorsetttopp med remmar<\/strong>: Korsett\u00f6verdelen \u00e4r accentuerad med svart spets och remmar och ger en touch av elegans och sofistikering. Spetsdetaljerna ger en delikat kontrast till det dj\u00e4rva zebratrycket, vilket skapar en balanserad och elegant look.<\/p>\n\n\n\n<p><strong>M\u00e5ngsidig storleksserie<\/strong>: Tillg\u00e4nglig i storlekarna S, M, L, den h\u00e4r bustierdr\u00e4kten passar till en m\u00e4ngd olika kroppstyper, vilket s\u00e4kerst\u00e4ller en perfekt passform f\u00f6r en bred kundbas.<\/p>\n\n\n\n<p><strong>Perfekt f\u00f6r olika tillf\u00e4llen<\/strong>: Oavsett om det \u00e4r f\u00f6r en utekv\u00e4ll, en speciell h\u00e4ndelse eller som ett unikt modestatement, \u00e4r denna korsetttopp med zebratryck m\u00e5ngsidig nog att passa olika tillf\u00e4llen, vilket g\u00f6r den till ett v\u00e4rdefullt tillskott till alla underkl\u00e4der eller modekollektioner.<\/p>\n\n\n\n<figure class=\"wp-block-table\"><table><tbody><tr><td class=\"has-text-align-center\" data-align=\"center\" colspan=\"6\"><strong>Storlekstabell (CM)<\/strong><\/td><\/tr><tr><td class=\"has-text-align-center\" data-align=\"center\"><strong>Storlek<\/strong><\/td><td class=\"has-text-align-center\" data-align=\"center\"><strong>Underbyst (cm)<\/strong><\/td><td class=\"has-text-align-center\" data-align=\"center\"><strong>Under bysten (cm)<\/strong><\/td><td class=\"has-text-align-center\" data-align=\"center\"><strong>Trosa midja (cm)<\/strong><\/td><td class=\"has-text-align-center\" data-align=\"center\"><strong>Midja (cm)<\/strong><\/td><td class=\"has-text-align-center\" data-align=\"center\"><strong>Byxans l\u00e4ngd (cm)<\/strong><\/td><\/tr><tr><td class=\"has-text-align-center\" data-align=\"center\">S<\/td><td class=\"has-text-align-center\" data-align=\"center\">20<\/td><td class=\"has-text-align-center\" data-align=\"center\">64-74<\/td><td class=\"has-text-align-center\" data-align=\"center\">62-94<\/td><td class=\"has-text-align-center\" data-align=\"center\">60-70<\/td><td class=\"has-text-align-center\" data-align=\"center\">21<\/td><\/tr><tr><td class=\"has-text-align-center\" data-align=\"center\">M<\/td><td class=\"has-text-align-center\" data-align=\"center\">21<\/td><td class=\"has-text-align-center\" data-align=\"center\">68-78<\/td><td class=\"has-text-align-center\" data-align=\"center\">66-98<\/td><td class=\"has-text-align-center\" data-align=\"center\">64-74<\/td><td class=\"has-text-align-center\" data-align=\"center\">22<\/td><\/tr><tr><td class=\"has-text-align-center\" data-align=\"center\">L<\/td><td class=\"has-text-align-center\" data-align=\"center\">22<\/td><td class=\"has-text-align-center\" data-align=\"center\">72-82<\/td><td class=\"has-text-align-center\" data-align=\"center\">70-102<\/td><td class=\"has-text-align-center\" data-align=\"center\">68-78<\/td><td class=\"has-text-align-center\" data-align=\"center\">23<\/td><\/tr><tr><td class=\"has-text-align-center\" data-align=\"center\" colspan=\"6\"><strong>Storlekstabell (INCH)<\/strong><\/td><\/tr><tr><td class=\"has-text-align-center\" data-align=\"center\"><strong>Storlek<\/strong><\/td><td class=\"has-text-align-center\" data-align=\"center\"><strong>L\u00e4ngd (tum)<\/strong><\/td><td class=\"has-text-align-center\" data-align=\"center\"><strong>Underbyst (in)<\/strong><\/td><td class=\"has-text-align-center\" data-align=\"center\"><strong>Trosa midja (in)<\/strong><\/td><td class=\"has-text-align-center\" data-align=\"center\"><strong>Midja (in)<\/strong><\/td><td class=\"has-text-align-center\" data-align=\"center\"><strong>Byxans l\u00e4ngd (in)<\/strong><\/td><\/tr><tr><td class=\"has-text-align-center\" data-align=\"center\">S<\/td><td class=\"has-text-align-center\" data-align=\"center\">7.87<\/td><td class=\"has-text-align-center\" data-align=\"center\">25.20-29.13<\/td><td class=\"has-text-align-center\" data-align=\"center\">24.41-37.01<\/td><td class=\"has-text-align-center\" data-align=\"center\">23.62-27.56<\/td><td class=\"has-text-align-center\" data-align=\"center\">8.27<\/td><\/tr><tr><td class=\"has-text-align-center\" data-align=\"center\">M<\/td><td class=\"has-text-align-center\" data-align=\"center\">8.27<\/td><td class=\"has-text-align-center\" data-align=\"center\">26.77-30.71<\/td><td class=\"has-text-align-center\" data-align=\"center\">25.98-38.58<\/td><td class=\"has-text-align-center\" data-align=\"center\">25.20-29.13<\/td><td class=\"has-text-align-center\" data-align=\"center\">8.66<\/td><\/tr><tr><td class=\"has-text-align-center\" data-align=\"center\">L<\/td><td class=\"has-text-align-center\" data-align=\"center\">8.66<\/td><td class=\"has-text-align-center\" data-align=\"center\">28.35-32.28<\/td><td class=\"has-text-align-center\" data-align=\"center\">27.56-40.16<\/td><td class=\"has-text-align-center\" data-align=\"center\">26.77-30.71<\/td><td class=\"has-text-align-center\" data-align=\"center\">9.06<\/td><\/tr><\/tbody><\/table><\/figure>","protected":false},"excerpt":{"rendered":"<p>G\u00e5 ut i den vilda sidan med v\u00e5r <strong>korsetttopp med zebratryck<\/strong>, en sl\u00e5ende svartvit design med fiskbensst\u00f6d. Detta set, inklusive en bustier och trosa, kombinerar dj\u00e4rv stil med bekv\u00e4mt bomullsinneh\u00e5ll.<\/p>","protected":false},"featured_media":48124,"template":"","meta":[],"product_brand":[],"product_cat":[387,386,367],"product_tag":[880,869,865],"class_list":{"0":"post-48134","1":"product","2":"type-product","3":"status-publish","4":"has-post-thumbnail","6":"product_cat-wholesale-bustier-bra-set","7":"product_cat-sexy-bustiers","8":"product_cat-sexy-lingerie","9":"product_tag-sexy-2-piece-lingerie","10":"product_tag-sexy-animal-print-lingerie","11":"product_tag-sexy-skimpy-lingerie","12":"pa_color-black","13":"pa_size-wholesale-large-size-women-sexy-lingerie","14":"pa_size-wholesale-medium-size-women-sexy-lingerie","15":"pa_size-wholesale-small-size-sexy-lingerie","17":"first","18":"instock","19":"taxable","20":"shipping-taxable","21":"purchasable","22":"product-type-variable"},"tiered_pricing_type":"fixed","tiered_pricing_fixed_rules":[],"tiered_pricing_product_settings":{"layout":"table","base_unit_name":{"singular":null,"plural":null},"default_variation":null},"tiered_pricing_minimum_quantity":null,"tiered_pricing_roles_data":[],"tiered_pricing_percentage_rules":[],"tiered_pricing_maximum_quantity":null,"tiered_pricing_quantity_step":null,"_links":{"self":[{"href":"https:\/\/gretasexylingerie.com\/sv\/wp-json\/wp\/v2\/product\/48134","targetHints":{"allow":["GET"]}}],"collection":[{"href":"https:\/\/gretasexylingerie.com\/sv\/wp-json\/wp\/v2\/product"}],"about":[{"href":"https:\/\/gretasexylingerie.com\/sv\/wp-json\/wp\/v2\/types\/product"}],"wp:featuredmedia":[{"embeddable":true,"href":"https:\/\/gretasexylingerie.com\/sv\/wp-json\/wp\/v2\/media\/48124"}],"wp:attachment":[{"href":"https:\/\/gretasexylingerie.com\/sv\/wp-json\/wp\/v2\/media?parent=48134"}],"wp:term":[{"taxonomy":"product_brand","embeddable":true,"href":"https:\/\/gretasexylingerie.com\/sv\/wp-json\/wp\/v2\/product_brand?post=48134"},{"taxonomy":"product_cat","embeddable":true,"href":"https:\/\/gretasexylingerie.com\/sv\/wp-json\/wp\/v2\/product_cat?post=48134"},{"taxonomy":"product_tag","embeddable":true,"href":"https:\/\/gretasexylingerie.com\/sv\/wp-json\/wp\/v2\/product_tag?post=48134"}],"curies":[{"name":"wp","href":"https:\/\/api.w.org\/{rel}","templated":true}]}}