{"id":48102,"date":"2024-01-23T21:26:45","date_gmt":"2024-01-23T13:26:45","guid":{"rendered":"https:\/\/gretasexylingerie.com\/?post_type=product&#038;p=48102"},"modified":"2024-02-20T12:45:41","modified_gmt":"2024-02-20T04:45:41","slug":"grossist-sexiga-spetsunderklader-set-i-silvergra","status":"publish","type":"product","link":"https:\/\/gretasexylingerie.com\/sv\/products\/wholesale-sexy-lace-lingerie-set-in-silver-gray\/","title":{"rendered":"Sexiga spetsunderkl\u00e4der i grossistledet i silvergr\u00e5 och rosa kontrast"},"content":{"rendered":"<p><strong>Sl\u00e5ende kontrastf\u00e4rg spets<\/strong>: Den i\u00f6gonfallande kontrasten av silvergr\u00e5 och rosa i detta underkl\u00e4desset erbjuder en unik och modern estetik. Denna dj\u00e4rva f\u00e4rgkombination \u00e4r perfekt f\u00f6r dem som s\u00f6ker underkl\u00e4der som sticker ut, vilket g\u00f6r det till ett mycket \u00f6nskv\u00e4rt val f\u00f6r din <strong>vackert bh-set<\/strong> samling.<\/p>\n\n\n\n<p><strong>Sexig design med ih\u00e5liga spetsar<\/strong>: Setet har sexig ih\u00e5lig spets som l\u00e4gger till ett lager av intriger och lockelse. Detta designelement \u00e4r inte bara visuellt tilltalande utan talar ocks\u00e5 till en k\u00e4nsla av v\u00e5ghalsighet och sj\u00e4lvf\u00f6rtroende, och tilltalar kunder som \u00e4lskar att uttrycka sin stil genom sina val av underkl\u00e4der.<\/p>\n\n\n\n<p><strong>M\u00e5ngsidig storleksserie<\/strong>: Passar till ett brett utbud av kroppstyper, detta set finns i storlekarna S, M, L. Denna inkludering s\u00e4kerst\u00e4ller att varje kund kan hitta sin perfekta passform, vilket g\u00f6r det till ett praktiskt och tilltalande val f\u00f6r en <strong>liten bh och trosa<\/strong> samling.<\/p>\n\n\n\n<p><strong>Elegant och sensuell tilltalande<\/strong>: Kombinationen av delikat spets och den sl\u00e5ende f\u00e4rgkontrasten skapar en elegant men \u00e4nd\u00e5 sensuell tilltalande. Detta set \u00e4r perfekt f\u00f6r de speciella tillf\u00e4llen n\u00e4r dina kunder vill k\u00e4nna sig b\u00e5de sofistikerade och f\u00f6rf\u00f6riska.<\/p>\n\n\n\n<p><strong>Perfekt f\u00f6r olika samlingar<\/strong>: Detta kontrastf\u00e4rgade spets-bh-set, med sin blandning av modern stil och klassisk elegans, \u00e4r ett utm\u00e4rkt komplement till alla underkl\u00e4deskollektioner. Det \u00e4r idealiskt f\u00f6r butiker och butiker som vill erbjuda sina kunder en blandning av modern design och tidl\u00f6s sk\u00f6nhet.<\/p>\n\n\n\n<p>Bjud in dina kunder att uppleva den unika charmen med v\u00e5rt sexiga underkl\u00e4derset i spets. Dess uts\u00f6kta design och uppm\u00e4rksamhet p\u00e5 detaljer g\u00f6r den till ett enast\u00e5ende tillskott till alla exklusiva underkl\u00e4deskollektioner. Best\u00e4ll nu f\u00f6r att lyfta dina erbjudanden med en touch av sofistikering och modern stil!<\/p>\n\n\n\n<figure class=\"wp-block-table\"><table><tbody><tr><td class=\"has-text-align-center\" data-align=\"center\" colspan=\"4\"><strong>Storlekstabell (CM)<\/strong><\/td><\/tr><tr><td class=\"has-text-align-center\" data-align=\"center\"><strong>Storlek<\/strong><\/td><td class=\"has-text-align-center\" data-align=\"center\"><strong>Underbyst (cm)<\/strong><\/td><td class=\"has-text-align-center\" data-align=\"center\"><strong>Trosor midja (cm)<\/strong><\/td><td class=\"has-text-align-center\" data-align=\"center\"><strong>Byxans l\u00e4ngd (cm)<\/strong><\/td><\/tr><tr><td class=\"has-text-align-center\" data-align=\"center\">S<\/td><td class=\"has-text-align-center\" data-align=\"center\">68-80<\/td><td class=\"has-text-align-center\" data-align=\"center\">68-80<\/td><td class=\"has-text-align-center\" data-align=\"center\">20.5<\/td><\/tr><tr><td class=\"has-text-align-center\" data-align=\"center\">M<\/td><td class=\"has-text-align-center\" data-align=\"center\">73-85<\/td><td class=\"has-text-align-center\" data-align=\"center\">73-85<\/td><td class=\"has-text-align-center\" data-align=\"center\">21.5<\/td><\/tr><tr><td class=\"has-text-align-center\" data-align=\"center\">L<\/td><td class=\"has-text-align-center\" data-align=\"center\">78-90<\/td><td class=\"has-text-align-center\" data-align=\"center\">78-90<\/td><td class=\"has-text-align-center\" data-align=\"center\">22.5<\/td><\/tr><tr><td class=\"has-text-align-center\" data-align=\"center\" colspan=\"4\"><strong>Storlekstabell (INCH)<\/strong><\/td><\/tr><tr><td class=\"has-text-align-center\" data-align=\"center\"><strong>Storlek<\/strong><\/td><td class=\"has-text-align-center\" data-align=\"center\"><strong>Underbyst (in)<\/strong><\/td><td class=\"has-text-align-center\" data-align=\"center\"><strong>Trosor midja (in)<\/strong><\/td><td class=\"has-text-align-center\" data-align=\"center\"><strong>Byxans l\u00e4ngd (in)<\/strong><\/td><\/tr><tr><td class=\"has-text-align-center\" data-align=\"center\">S<\/td><td class=\"has-text-align-center\" data-align=\"center\">26.77-31.50<\/td><td class=\"has-text-align-center\" data-align=\"center\">26.77-31.50<\/td><td class=\"has-text-align-center\" data-align=\"center\">8.07<\/td><\/tr><tr><td class=\"has-text-align-center\" data-align=\"center\">M<\/td><td class=\"has-text-align-center\" data-align=\"center\">28.74-33.46<\/td><td class=\"has-text-align-center\" data-align=\"center\">28.74-33.46<\/td><td class=\"has-text-align-center\" data-align=\"center\">8.46<\/td><\/tr><tr><td class=\"has-text-align-center\" data-align=\"center\">L<\/td><td class=\"has-text-align-center\" data-align=\"center\">30.71-35.43<\/td><td class=\"has-text-align-center\" data-align=\"center\">30.71-35.43<\/td><td class=\"has-text-align-center\" data-align=\"center\">8.86<\/td><\/tr><\/tbody><\/table><\/figure>","protected":false},"excerpt":{"rendered":"<p>Omfamna tjusningen av v\u00e5r <strong>sexiga spetsunderkl\u00e4der set<\/strong>, en fantastisk kontrast av silvergr\u00e5 och rosa. Detta vackra BH- och trosset \u00e4r ett bevis p\u00e5 elegans och sensualitet.<\/p>","protected":false},"featured_media":48092,"template":"","meta":[],"product_brand":[],"product_cat":[368,369,367],"product_tag":[452,880,864],"class_list":{"0":"post-48102","1":"product","2":"type-product","3":"status-publish","4":"has-post-thumbnail","6":"product_cat-bra-panty-set","7":"product_cat-wholesale-lace-bra-and-panty-sets","8":"product_cat-sexy-lingerie","9":"product_tag-wholesale-boudoir-lingerie","10":"product_tag-sexy-2-piece-lingerie","11":"product_tag-sexy-petite-lingerie","12":"pa_color-pink-women-sexy-lingerie","13":"pa_size-wholesale-large-size-women-sexy-lingerie","14":"pa_size-wholesale-medium-size-women-sexy-lingerie","15":"pa_size-wholesale-small-size-sexy-lingerie","17":"first","18":"instock","19":"taxable","20":"shipping-taxable","21":"purchasable","22":"product-type-variable"},"tiered_pricing_type":"fixed","tiered_pricing_fixed_rules":[],"tiered_pricing_product_settings":{"layout":"table","base_unit_name":{"singular":null,"plural":null},"default_variation":null},"tiered_pricing_minimum_quantity":null,"tiered_pricing_roles_data":[],"tiered_pricing_percentage_rules":[],"tiered_pricing_maximum_quantity":null,"tiered_pricing_quantity_step":null,"_links":{"self":[{"href":"https:\/\/gretasexylingerie.com\/sv\/wp-json\/wp\/v2\/product\/48102","targetHints":{"allow":["GET"]}}],"collection":[{"href":"https:\/\/gretasexylingerie.com\/sv\/wp-json\/wp\/v2\/product"}],"about":[{"href":"https:\/\/gretasexylingerie.com\/sv\/wp-json\/wp\/v2\/types\/product"}],"wp:featuredmedia":[{"embeddable":true,"href":"https:\/\/gretasexylingerie.com\/sv\/wp-json\/wp\/v2\/media\/48092"}],"wp:attachment":[{"href":"https:\/\/gretasexylingerie.com\/sv\/wp-json\/wp\/v2\/media?parent=48102"}],"wp:term":[{"taxonomy":"product_brand","embeddable":true,"href":"https:\/\/gretasexylingerie.com\/sv\/wp-json\/wp\/v2\/product_brand?post=48102"},{"taxonomy":"product_cat","embeddable":true,"href":"https:\/\/gretasexylingerie.com\/sv\/wp-json\/wp\/v2\/product_cat?post=48102"},{"taxonomy":"product_tag","embeddable":true,"href":"https:\/\/gretasexylingerie.com\/sv\/wp-json\/wp\/v2\/product_tag?post=48102"}],"curies":[{"name":"wp","href":"https:\/\/api.w.org\/{rel}","templated":true}]}}