{"id":48070,"date":"2024-01-23T11:46:19","date_gmt":"2024-01-23T03:46:19","guid":{"rendered":"https:\/\/gretasexylingerie.com\/?post_type=product&#038;p=48070"},"modified":"2024-01-23T12:16:44","modified_gmt":"2024-01-23T04:16:44","slug":"grossist-ren-bustier-korsett-set-med-blommig","status":"publish","type":"product","link":"https:\/\/gretasexylingerie.com\/sv\/products\/wholesale-sheer-bustier-corset-set-with-floral\/","title":{"rendered":"Grossist Sheer Bustier Korsett Set med blommig"},"content":{"rendered":"<p><strong>Transparent Mesh Allure<\/strong>: Bustier-setet har ett delikat genomskinligt n\u00e4t som erbjuder en lockande men \u00e4nd\u00e5 sofistikerad look. Denna rena elegans \u00e4r perfekt f\u00f6r dem som s\u00f6ker en balans av tjusning och grace i sina underkl\u00e4der, vilket g\u00f6r det till ett framst\u00e5ende val i alla <strong>korsett tv\u00e5delad set<\/strong> samling.<\/p>\n\n\n\n<p><strong>Uts\u00f6kt blommigt broderi<\/strong>: Prydd med intrikata blommiga spetsbroderier, utstr\u00e5lar detta set en romantisk och lyxig k\u00e4nsla. Det detaljerade hantverket visar upp en h\u00f6g niv\u00e5 av konstn\u00e4rskap och tilltalar kunder som uppskattar sk\u00f6nheten och invecklade spetsarbeten i sina underkl\u00e4der.<\/p>\n\n\n\n<p><strong>Guld elastiskt band accent<\/strong>: Inf\u00f6randet av ett guld elastiskt band ger en touch av glamour och f\u00f6rfining. Denna eleganta funktion f\u00f6rst\u00e4rker inte bara det estetiska utseendet utan ger ocks\u00e5 en bekv\u00e4m, justerbar passform, vilket g\u00f6r setet b\u00e5de vackert och praktiskt.<\/p>\n\n\n\n<p><strong>Femlagers br\u00f6stknappar<\/strong>: Den unika designen med fem lager br\u00f6stknappar erbjuder m\u00e5ngsidighet och en anpassningsbar passform. Denna genomt\u00e4nkta detalj s\u00e4kerst\u00e4ller att bustier passar till olika kroppstyper och ger b\u00e5de st\u00f6d och en smickrande siluett.<\/p>\n\n\n\n<p><strong>Perfekt f\u00f6r exklusiva samlingar<\/strong>: Detta skira korsettset med bustier, med sin kombination av elegans och modern design, \u00e4r ett perfekt komplement till alla exklusiva underkl\u00e4deskollektioner. Det \u00e4r mer \u00e4n bara underkl\u00e4der; det \u00e4r ett fashion statement som erbjuder dina kunder en blandning av lyx, komfort och stil.<\/p>\n\n\n\n<p>Bjud in dina kunder att uppleva den lyxiga charmen med v\u00e5rt rena korsettset med bustier. Dess uts\u00f6kta design och uppm\u00e4rksamhet p\u00e5 detaljer g\u00f6r den till ett m\u00e5ste f\u00f6r alla exklusiva underkl\u00e4deskollektioner. Best\u00e4ll nu f\u00f6r att lyfta dina erbjudanden med en touch av sofistikering och modern stil!<\/p>\n\n\n\n<figure class=\"wp-block-table\"><table><tbody><tr><td class=\"has-text-align-center\" data-align=\"center\" colspan=\"4\"><strong>Storlekstabell (CM)<\/strong><\/td><\/tr><tr><td class=\"has-text-align-center\" data-align=\"center\"><strong>Storlek<\/strong><\/td><td class=\"has-text-align-center\" data-align=\"center\"><strong>L\u00e4ngd (cm)<\/strong><\/td><td class=\"has-text-align-center\" data-align=\"center\"><strong>Underbyst (cm)<\/strong><\/td><td class=\"has-text-align-center\" data-align=\"center\"><strong>Trosor midja (cm)<\/strong><\/td><td class=\"has-text-align-center\" data-align=\"center\"><strong>Byxans l\u00e4ngd (cm)<\/strong><\/td><\/tr><tr><td class=\"has-text-align-center\" data-align=\"center\">S<\/td><td class=\"has-text-align-center\" data-align=\"center\">22<\/td><td class=\"has-text-align-center\" data-align=\"center\">64-82<\/td><td class=\"has-text-align-center\" data-align=\"center\">64-90<\/td><td class=\"has-text-align-center\" data-align=\"center\">24<\/td><\/tr><tr><td class=\"has-text-align-center\" data-align=\"center\">M<\/td><td class=\"has-text-align-center\" data-align=\"center\">23<\/td><td class=\"has-text-align-center\" data-align=\"center\">68-86<\/td><td class=\"has-text-align-center\" data-align=\"center\">68-94<\/td><td class=\"has-text-align-center\" data-align=\"center\">25<\/td><\/tr><tr><td class=\"has-text-align-center\" data-align=\"center\">L<\/td><td class=\"has-text-align-center\" data-align=\"center\">24<\/td><td class=\"has-text-align-center\" data-align=\"center\">72-90<\/td><td class=\"has-text-align-center\" data-align=\"center\">72-98<\/td><td class=\"has-text-align-center\" data-align=\"center\">26<\/td><\/tr><tr><td class=\"has-text-align-center\" data-align=\"center\" colspan=\"4\"><strong>Storlekstabell (INCH)<\/strong><\/td><\/tr><tr><td class=\"has-text-align-center\" data-align=\"center\"><strong>Storlek<\/strong><\/td><td class=\"has-text-align-center\" data-align=\"center\"><strong>L\u00e4ngd (tum)<\/strong><\/td><td class=\"has-text-align-center\" data-align=\"center\"><strong>Underbyst (in)<\/strong><\/td><td class=\"has-text-align-center\" data-align=\"center\"><strong>Trosor midja (in)<\/strong><\/td><td class=\"has-text-align-center\" data-align=\"center\"><strong>Byxans l\u00e4ngd (in)<\/strong><\/td><\/tr><tr><td class=\"has-text-align-center\" data-align=\"center\">S<\/td><td class=\"has-text-align-center\" data-align=\"center\">8.66<\/td><td class=\"has-text-align-center\" data-align=\"center\">25.20-32.28<\/td><td class=\"has-text-align-center\" data-align=\"center\">25.20-35.43<\/td><td class=\"has-text-align-center\" data-align=\"center\">9.45<\/td><\/tr><tr><td class=\"has-text-align-center\" data-align=\"center\">M<\/td><td class=\"has-text-align-center\" data-align=\"center\">9.06<\/td><td class=\"has-text-align-center\" data-align=\"center\">26.77-33.86<\/td><td class=\"has-text-align-center\" data-align=\"center\">26.77-37.01<\/td><td class=\"has-text-align-center\" data-align=\"center\">9.84<\/td><\/tr><tr><td class=\"has-text-align-center\" data-align=\"center\">L<\/td><td class=\"has-text-align-center\" data-align=\"center\">9.45<\/td><td class=\"has-text-align-center\" data-align=\"center\">28.35-35.43<\/td><td class=\"has-text-align-center\" data-align=\"center\">28.35-38.58<\/td><td class=\"has-text-align-center\" data-align=\"center\">10.24<\/td><\/tr><\/tbody><\/table><\/figure>","protected":false},"excerpt":{"rendered":"<p>Sk\u00e4m bort oss i v\u00e5r sofistikerade <strong>blommig spets bygel underkl\u00e4der set<\/strong>, med ett trelagers vikt n\u00e4t. Finns i svart, r\u00f6tt, vitt och HotPink, detta set \u00e4r en blandning av elegans och lekfull charm.<\/p>","protected":false},"featured_media":47977,"template":"","meta":[],"product_brand":[],"product_cat":[387,390,367],"product_tag":[452,448,518],"class_list":{"0":"post-48070","1":"product","2":"type-product","3":"status-publish","4":"has-post-thumbnail","6":"product_cat-wholesale-bustier-bra-set","7":"product_cat-wholesale-mesh-bustier","8":"product_cat-sexy-lingerie","9":"product_tag-wholesale-boudoir-lingerie","10":"product_tag-wholesale-elegant-sexy-lingerie","11":"product_tag-mesh-lingerie","12":"pa_color-light-purple","13":"pa_size-wholesale-large-size-women-sexy-lingerie","14":"pa_size-wholesale-medium-size-women-sexy-lingerie","15":"pa_size-wholesale-small-size-sexy-lingerie","17":"first","18":"instock","19":"taxable","20":"shipping-taxable","21":"purchasable","22":"product-type-variable"},"tiered_pricing_type":"fixed","tiered_pricing_fixed_rules":[],"tiered_pricing_product_settings":{"layout":"table","base_unit_name":{"singular":null,"plural":null},"default_variation":null},"tiered_pricing_minimum_quantity":null,"tiered_pricing_roles_data":[],"tiered_pricing_percentage_rules":[],"tiered_pricing_maximum_quantity":null,"tiered_pricing_quantity_step":null,"_links":{"self":[{"href":"https:\/\/gretasexylingerie.com\/sv\/wp-json\/wp\/v2\/product\/48070","targetHints":{"allow":["GET"]}}],"collection":[{"href":"https:\/\/gretasexylingerie.com\/sv\/wp-json\/wp\/v2\/product"}],"about":[{"href":"https:\/\/gretasexylingerie.com\/sv\/wp-json\/wp\/v2\/types\/product"}],"wp:featuredmedia":[{"embeddable":true,"href":"https:\/\/gretasexylingerie.com\/sv\/wp-json\/wp\/v2\/media\/47977"}],"wp:attachment":[{"href":"https:\/\/gretasexylingerie.com\/sv\/wp-json\/wp\/v2\/media?parent=48070"}],"wp:term":[{"taxonomy":"product_brand","embeddable":true,"href":"https:\/\/gretasexylingerie.com\/sv\/wp-json\/wp\/v2\/product_brand?post=48070"},{"taxonomy":"product_cat","embeddable":true,"href":"https:\/\/gretasexylingerie.com\/sv\/wp-json\/wp\/v2\/product_cat?post=48070"},{"taxonomy":"product_tag","embeddable":true,"href":"https:\/\/gretasexylingerie.com\/sv\/wp-json\/wp\/v2\/product_tag?post=48070"}],"curies":[{"name":"wp","href":"https:\/\/api.w.org\/{rel}","templated":true}]}}