{"id":48036,"date":"2024-01-23T10:50:13","date_gmt":"2024-01-23T02:50:13","guid":{"rendered":"https:\/\/gretasexylingerie.com\/?post_type=product&#038;p=48036"},"modified":"2024-02-20T12:50:47","modified_gmt":"2024-02-20T04:50:47","slug":"grossist-blommig-spets-bygel-underklader-set","status":"publish","type":"product","link":"https:\/\/gretasexylingerie.com\/sv\/products\/wholesale-floral-lace-underwire-lingerie-set\/","title":{"rendered":"Partihandel med blommor spets bygel underkl\u00e4der Set"},"content":{"rendered":"<p><strong>Uts\u00f6kt blommig spets<\/strong>: Mittpunkten i detta underkl\u00e4desset \u00e4r den intrikata blommiga spetsdesignen, som utstr\u00e5lar en k\u00e4nsla av lyx och f\u00f6rfining. Denna delikata detaljering tilltalar dem som uppskattar den klassiska sk\u00f6nheten med spets i sina <strong>designerunderkl\u00e4der set<\/strong>, vilket g\u00f6r det till ett perfekt val f\u00f6r exklusiva butiker.<\/p>\n\n\n\n<p><strong>Tre-lagers vikt n\u00e4t Tutu<\/strong>: Tillf\u00f6r en unik och lekfull twist, det trelagers vikta meshet ger en nyckfull men elegant stil till setet. Denna funktion f\u00f6rst\u00e4rker inte bara den estetiska \u00f6verklagandet utan l\u00e4gger ocks\u00e5 till en touch av kreativitet och roligt, vilket g\u00f6r att den sticker ut i alla <strong>3 st underkl\u00e4desset<\/strong> samling.<\/p>\n\n\n\n<p><strong>Vibrerande f\u00e4rgalternativ<\/strong>: Med en rad f\u00e4rger inklusive svart, r\u00f6d, vit och HotPink, passar detta set till olika smaker och preferenser. Varje f\u00e4rg l\u00e4gger sin egen karakt\u00e4r till designen, fr\u00e5n klassisk elegans till dj\u00e4rv passion, vilket s\u00e4kerst\u00e4ller att det finns en perfekt matchning f\u00f6r varje kund.<\/p>\n\n\n\n<p><strong>Bygelst\u00f6d<\/strong>: Bygel-bh:n ger b\u00e5de st\u00f6d och en smickrande form, vilket g\u00f6r setet lika funktionellt som vackert. Denna funktion \u00e4r s\u00e4rskilt uppskattad av kunder som letar efter underkl\u00e4der som erbjuder b\u00e5de komfort och stil.<\/p>\n\n\n\n<p><strong>M\u00e5ngsidig storleksserie<\/strong>: Finns i storlekarna S, M, L, setet \u00e4r designat f\u00f6r att passa en rad olika kroppstyper, vilket s\u00e4kerst\u00e4ller en perfekt passform f\u00f6r en m\u00e5ngsidig kundkrets.<\/p>\n\n\n\n<p><strong>Perfekt f\u00f6r olika samlingar<\/strong>: Detta underkl\u00e4desset, med sin kombination av klassisk spets och modern tutudesign, \u00e4r ett utm\u00e4rkt komplement till alla kollektioner. Det \u00e4r idealiskt f\u00f6r dem som vill erbjuda sina kunder en blandning av traditionell elegans och modernt mode i sina underkl\u00e4der.<\/p>\n\n\n\n<p>Bjud in dina kunder att omfamna tjusningen med v\u00e5rt set med blommiga spetsbyglar. Dess unika design och utbud av f\u00e4rger g\u00f6r den till ett m\u00e5ste f\u00f6r alla kollektioner som vill l\u00e4gga till en touch av sofistikering och lekfull elegans. Best\u00e4ll nu och ge dina kunder den perfekta blandningen av stil, komfort och lyx!<\/p>\n\n\n\n<figure class=\"wp-block-table\"><table><tbody><tr><td class=\"has-text-align-center\" data-align=\"center\" colspan=\"6\"><strong>Storlekstabell (CM)<\/strong><\/td><\/tr><tr><td class=\"has-text-align-center\" data-align=\"center\"><strong>Storlek<\/strong><\/td><td class=\"has-text-align-center\" data-align=\"center\"><strong>L\u00e4ngd (cm)<\/strong><\/td><td class=\"has-text-align-center\" data-align=\"center\"><strong>Under byst (cm)<\/strong><\/td><td class=\"has-text-align-center\" data-align=\"center\"><strong>Byxor Midja I (cm)<\/strong><\/td><td class=\"has-text-align-center\" data-align=\"center\"><strong>Kl\u00e4nningens l\u00e4ngd (cm)<\/strong><\/td><td class=\"has-text-align-center\" data-align=\"center\"><strong>Midja (cm)<\/strong><\/td><\/tr><tr><td class=\"has-text-align-center\" data-align=\"center\">S<\/td><td class=\"has-text-align-center\" data-align=\"center\">13<\/td><td class=\"has-text-align-center\" data-align=\"center\">66-84<\/td><td class=\"has-text-align-center\" data-align=\"center\">60<\/td><td class=\"has-text-align-center\" data-align=\"center\">18<\/td><td class=\"has-text-align-center\" data-align=\"center\">62<\/td><\/tr><tr><td class=\"has-text-align-center\" data-align=\"center\">M<\/td><td class=\"has-text-align-center\" data-align=\"center\">13.5<\/td><td class=\"has-text-align-center\" data-align=\"center\">70-88<\/td><td class=\"has-text-align-center\" data-align=\"center\">64<\/td><td class=\"has-text-align-center\" data-align=\"center\">19<\/td><td class=\"has-text-align-center\" data-align=\"center\">66<\/td><\/tr><tr><td class=\"has-text-align-center\" data-align=\"center\">L<\/td><td class=\"has-text-align-center\" data-align=\"center\">14<\/td><td class=\"has-text-align-center\" data-align=\"center\">74-92<\/td><td class=\"has-text-align-center\" data-align=\"center\">68<\/td><td class=\"has-text-align-center\" data-align=\"center\">20<\/td><td class=\"has-text-align-center\" data-align=\"center\">70<\/td><\/tr><tr><td class=\"has-text-align-center\" data-align=\"center\">XL<\/td><td class=\"has-text-align-center\" data-align=\"center\">14.5<\/td><td class=\"has-text-align-center\" data-align=\"center\">78-96<\/td><td class=\"has-text-align-center\" data-align=\"center\">72<\/td><td class=\"has-text-align-center\" data-align=\"center\">21<\/td><td class=\"has-text-align-center\" data-align=\"center\">74<\/td><\/tr><tr><td class=\"has-text-align-center\" data-align=\"center\" colspan=\"6\"><strong>Storlekstabell (INCH)<\/strong><\/td><\/tr><tr><td class=\"has-text-align-center\" data-align=\"center\"><strong>Storlek<\/strong><\/td><td class=\"has-text-align-center\" data-align=\"center\"><strong>L\u00e4ngd (tum)<\/strong><\/td><td class=\"has-text-align-center\" data-align=\"center\"><strong>Under byst (in)<\/strong><\/td><td class=\"has-text-align-center\" data-align=\"center\"><strong>Byxor Midja I (in)<\/strong><\/td><td class=\"has-text-align-center\" data-align=\"center\"><strong>Kl\u00e4nningens l\u00e4ngd (in)<\/strong><\/td><td class=\"has-text-align-center\" data-align=\"center\"><strong>Midja (in)<\/strong><\/td><\/tr><tr><td class=\"has-text-align-center\" data-align=\"center\">S<\/td><td class=\"has-text-align-center\" data-align=\"center\">5.12<\/td><td class=\"has-text-align-center\" data-align=\"center\">25.98-33.07<\/td><td class=\"has-text-align-center\" data-align=\"center\">23.62<\/td><td class=\"has-text-align-center\" data-align=\"center\">7.09<\/td><td class=\"has-text-align-center\" data-align=\"center\">24.41<\/td><\/tr><tr><td class=\"has-text-align-center\" data-align=\"center\">M<\/td><td class=\"has-text-align-center\" data-align=\"center\">5.31<\/td><td class=\"has-text-align-center\" data-align=\"center\">27.56-34.65<\/td><td class=\"has-text-align-center\" data-align=\"center\">25.20<\/td><td class=\"has-text-align-center\" data-align=\"center\">7.48<\/td><td class=\"has-text-align-center\" data-align=\"center\">25.98<\/td><\/tr><tr><td class=\"has-text-align-center\" data-align=\"center\">L<\/td><td class=\"has-text-align-center\" data-align=\"center\">5.51<\/td><td class=\"has-text-align-center\" data-align=\"center\">29.13-36.22<\/td><td class=\"has-text-align-center\" data-align=\"center\">26.77<\/td><td class=\"has-text-align-center\" data-align=\"center\">7.87<\/td><td class=\"has-text-align-center\" data-align=\"center\">27.56<\/td><\/tr><tr><td class=\"has-text-align-center\" data-align=\"center\">XL<\/td><td class=\"has-text-align-center\" data-align=\"center\">5.71<\/td><td class=\"has-text-align-center\" data-align=\"center\">30.71-37.80<\/td><td class=\"has-text-align-center\" data-align=\"center\">28.35<\/td><td class=\"has-text-align-center\" data-align=\"center\">8.27<\/td><td class=\"has-text-align-center\" data-align=\"center\">29.13<\/td><\/tr><\/tbody><\/table><\/figure>","protected":false},"excerpt":{"rendered":"<p>Sk\u00e4m bort oss i v\u00e5r sofistikerade <strong>blommig spets bygel underkl\u00e4der set<\/strong>, med ett trelagers vikt n\u00e4t. Finns i svart, r\u00f6tt, vitt och HotPink, detta set \u00e4r en blandning av elegans och lekfull charm.<\/p>","protected":false},"featured_media":47987,"template":"","meta":[],"product_brand":[],"product_cat":[368,369,367],"product_tag":[507,448,870,864],"class_list":{"0":"post-48036","1":"product","2":"type-product","3":"status-publish","4":"has-post-thumbnail","6":"product_cat-bra-panty-set","7":"product_cat-wholesale-lace-bra-and-panty-sets","8":"product_cat-sexy-lingerie","9":"product_tag-three-pcs-set","10":"product_tag-wholesale-elegant-sexy-lingerie","11":"product_tag-floral-lingerie","12":"product_tag-sexy-petite-lingerie","13":"pa_color-black","14":"pa_color-hot-pink-women-sexy-lingerie","15":"pa_color-red-women-sexy-lingerie","16":"pa_color-white","17":"pa_size-wholesale-large-size-women-sexy-lingerie","18":"pa_size-wholesale-medium-size-women-sexy-lingerie","19":"pa_size-wholesale-small-size-sexy-lingerie","21":"first","22":"instock","23":"taxable","24":"shipping-taxable","25":"purchasable","26":"product-type-variable"},"tiered_pricing_type":"fixed","tiered_pricing_fixed_rules":[],"tiered_pricing_product_settings":{"layout":"table","base_unit_name":{"singular":null,"plural":null},"default_variation":null},"tiered_pricing_minimum_quantity":null,"tiered_pricing_roles_data":[],"tiered_pricing_percentage_rules":[],"tiered_pricing_maximum_quantity":null,"tiered_pricing_quantity_step":null,"_links":{"self":[{"href":"https:\/\/gretasexylingerie.com\/sv\/wp-json\/wp\/v2\/product\/48036","targetHints":{"allow":["GET"]}}],"collection":[{"href":"https:\/\/gretasexylingerie.com\/sv\/wp-json\/wp\/v2\/product"}],"about":[{"href":"https:\/\/gretasexylingerie.com\/sv\/wp-json\/wp\/v2\/types\/product"}],"wp:featuredmedia":[{"embeddable":true,"href":"https:\/\/gretasexylingerie.com\/sv\/wp-json\/wp\/v2\/media\/47987"}],"wp:attachment":[{"href":"https:\/\/gretasexylingerie.com\/sv\/wp-json\/wp\/v2\/media?parent=48036"}],"wp:term":[{"taxonomy":"product_brand","embeddable":true,"href":"https:\/\/gretasexylingerie.com\/sv\/wp-json\/wp\/v2\/product_brand?post=48036"},{"taxonomy":"product_cat","embeddable":true,"href":"https:\/\/gretasexylingerie.com\/sv\/wp-json\/wp\/v2\/product_cat?post=48036"},{"taxonomy":"product_tag","embeddable":true,"href":"https:\/\/gretasexylingerie.com\/sv\/wp-json\/wp\/v2\/product_tag?post=48036"}],"curies":[{"name":"wp","href":"https:\/\/api.w.org\/{rel}","templated":true}]}}