{"id":47955,"date":"2024-01-23T10:36:52","date_gmt":"2024-01-23T02:36:52","guid":{"rendered":"https:\/\/gretasexylingerie.com\/?post_type=product&#038;p=47955"},"modified":"2024-02-20T12:54:26","modified_gmt":"2024-02-20T04:54:26","slug":"grossist-lila-blommiga-broderade-underklader-set","status":"publish","type":"product","link":"https:\/\/gretasexylingerie.com\/sv\/products\/wholesale-lilac-floral-embroidered-lingerie-set\/","title":{"rendered":"Grossistf\u00f6rs\u00e4ljning Lilac Floral Broderade underkl\u00e4der Set"},"content":{"rendered":"<p><strong>Lila och gr\u00f6n kontrast<\/strong>: Denna upps\u00e4ttnings unika f\u00e4rgpalett kombinerar mjuk lila med livfull gr\u00f6n, vilket skapar en visuellt fantastisk kontrast. Denna sl\u00e5ende kombination f\u00e5ngar inte bara \u00f6gat utan s\u00e4tter ocks\u00e5 en trend inom underkl\u00e4desmodet, vilket g\u00f6r det till ett m\u00e5ste f\u00f6r butiker och butiker som vill erbjuda n\u00e5got unikt tilltalande i sina <strong>blommigt BH-set<\/strong> r\u00e4ckvidd.<\/p>\n\n\n\n<p><strong>Transparent Mesh-tyg<\/strong>: Anv\u00e4ndningen av transparent meshtyg i detta set ger den perfekta balansen mellan lockelse och sofistikering. Den ger en glimt av huden under, vilket ger en sensuell touch till den \u00f6vergripande designen. Den h\u00e4r funktionen \u00e4r s\u00e4rskilt tilltalande f\u00f6r kunder som s\u00f6ker underkl\u00e4der som \u00e4r b\u00e5de eleganta och f\u00f6rf\u00f6riska, vilket g\u00f6r detta set till ett toppval f\u00f6r din <strong>nytt set med bh och trosor<\/strong> samling.<\/p>\n\n\n\n<p><strong>Uts\u00f6kt blommigt broderi<\/strong>: Varje del \u00e4r intrikat broderad med delikata blomm\u00f6nster, vilket ger djup och textur till designen. Detta detaljerade hantverk talar om lyx och exklusivitet och tilltalar kunder som uppskattar de finare sakerna i livet. Det blommiga broderiet f\u00f6rst\u00e4rker inte bara setets sk\u00f6nhet utan l\u00e4gger ocks\u00e5 till en romantisk, feminin touch som \u00e4r mycket eftertraktad i exklusiva underkl\u00e4der.<\/p>\n\n\n\n<p><strong>Broderade volanger<\/strong>: Till\u00e4gget av broderade volanger ger ett lekfullt men \u00e4nd\u00e5 sofistikerat element. Dessa volanger tillf\u00f6r volym och en taktil dimension till underkl\u00e4derna, vilket g\u00f6r att de sticker ut. Den h\u00e4r detaljen \u00e4r perfekt f\u00f6r kunder som \u00e4lskar underkl\u00e4der med en unik twist, och erbjuder dem n\u00e5got mer \u00e4n bara standardunderkl\u00e4dersetet.<\/p>\n\n\n\n<p><strong>Perfekt f\u00f6r nya samlingar<\/strong>: Detta lila underkl\u00e4desset, med sin moderna design och unika egenskaper, \u00e4r ett perfekt komplement till alla nya kollektioner. Det \u00e4r inte bara underkl\u00e4der; det \u00e4r ett fashion statement. Det erbjuder dina kunder n\u00e5got fr\u00e4scht och moderiktigt, vilket skiljer din kollektion fr\u00e5n konkurrenterna.<\/p>\n\n\n\n<p>Bjud in dina kunder att njuta av den lyxiga och unika dragningskraften hos v\u00e5rt lila underkl\u00e4desset. Dess uts\u00f6kta design och uppm\u00e4rksamhet p\u00e5 detaljer g\u00f6r den till ett enast\u00e5ende tillskott till alla exklusiva underkl\u00e4deskollektioner. Best\u00e4ll nu och ge dina erbjudanden en touch av elegans och modern stil!<\/p>\n\n\n\n<figure class=\"wp-block-table\"><table><tbody><tr><td class=\"has-text-align-center\" data-align=\"center\" colspan=\"6\"><strong>Storlekstabell (CM)<\/strong><\/td><\/tr><tr><td class=\"has-text-align-center\" data-align=\"center\"><strong>Storlek<\/strong><\/td><td class=\"has-text-align-center\" data-align=\"center\"><strong>Kopph\u00f6jd (cm)<\/strong><\/td><td class=\"has-text-align-center\" data-align=\"center\"><strong>Under byst (cm)<\/strong><\/td><td class=\"has-text-align-center\" data-align=\"center\"><strong>Trosor midja (cm)<\/strong><\/td><td class=\"has-text-align-center\" data-align=\"center\"><strong>Midja (cm)<\/strong><\/td><td class=\"has-text-align-center\" data-align=\"center\"><strong>Byxans l\u00e4ngd (cm)<\/strong><\/td><\/tr><tr><td class=\"has-text-align-center\" data-align=\"center\">S<\/td><td class=\"has-text-align-center\" data-align=\"center\">16<\/td><td class=\"has-text-align-center\" data-align=\"center\">68-88<\/td><td class=\"has-text-align-center\" data-align=\"center\">68-88<\/td><td class=\"has-text-align-center\" data-align=\"center\">62<\/td><td class=\"has-text-align-center\" data-align=\"center\">24<\/td><\/tr><tr><td class=\"has-text-align-center\" data-align=\"center\">M<\/td><td class=\"has-text-align-center\" data-align=\"center\">16.8<\/td><td class=\"has-text-align-center\" data-align=\"center\">73-92<\/td><td class=\"has-text-align-center\" data-align=\"center\">73-92<\/td><td class=\"has-text-align-center\" data-align=\"center\">66<\/td><td class=\"has-text-align-center\" data-align=\"center\">25<\/td><\/tr><tr><td class=\"has-text-align-center\" data-align=\"center\">L<\/td><td class=\"has-text-align-center\" data-align=\"center\">17.6<\/td><td class=\"has-text-align-center\" data-align=\"center\">79-96<\/td><td class=\"has-text-align-center\" data-align=\"center\">79-96<\/td><td class=\"has-text-align-center\" data-align=\"center\">70<\/td><td class=\"has-text-align-center\" data-align=\"center\">26<\/td><\/tr><tr><td class=\"has-text-align-center\" data-align=\"center\" colspan=\"6\"><strong>Storlekstabell (INCH)<\/strong><\/td><\/tr><tr><td class=\"has-text-align-center\" data-align=\"center\"><strong>Storlek<\/strong><\/td><td class=\"has-text-align-center\" data-align=\"center\"><strong>Kopph\u00f6jd (in)<\/strong><\/td><td class=\"has-text-align-center\" data-align=\"center\"><strong>Under byst (in)<\/strong><\/td><td class=\"has-text-align-center\" data-align=\"center\"><strong>Trosor midja (in)<\/strong><\/td><td class=\"has-text-align-center\" data-align=\"center\"><strong>Midja (in)<\/strong><\/td><td class=\"has-text-align-center\" data-align=\"center\"><strong>Byxans l\u00e4ngd (in)<\/strong><\/td><\/tr><tr><td class=\"has-text-align-center\" data-align=\"center\">S<\/td><td class=\"has-text-align-center\" data-align=\"center\">6.30<\/td><td class=\"has-text-align-center\" data-align=\"center\">26.77-34.65<\/td><td class=\"has-text-align-center\" data-align=\"center\">26.77-34.65<\/td><td class=\"has-text-align-center\" data-align=\"center\">24.41<\/td><td class=\"has-text-align-center\" data-align=\"center\">9.45<\/td><\/tr><tr><td class=\"has-text-align-center\" data-align=\"center\">M<\/td><td class=\"has-text-align-center\" data-align=\"center\">6.61<\/td><td class=\"has-text-align-center\" data-align=\"center\">28.74-36.22<\/td><td class=\"has-text-align-center\" data-align=\"center\">28.74-36.22<\/td><td class=\"has-text-align-center\" data-align=\"center\">25.98<\/td><td class=\"has-text-align-center\" data-align=\"center\">9.84<\/td><\/tr><tr><td class=\"has-text-align-center\" data-align=\"center\">L<\/td><td class=\"has-text-align-center\" data-align=\"center\">6.93<\/td><td class=\"has-text-align-center\" data-align=\"center\">31.10-37.80<\/td><td class=\"has-text-align-center\" data-align=\"center\">31.10-37.80<\/td><td class=\"has-text-align-center\" data-align=\"center\">27.56<\/td><td class=\"has-text-align-center\" data-align=\"center\">10.24<\/td><\/tr><\/tbody><\/table><\/figure>","protected":false},"excerpt":{"rendered":"<p>Uppt\u00e4ck v\u00e5r f\u00f6rtrollande sk\u00f6nhet <strong>lila underkl\u00e4der set<\/strong>, ett m\u00e4sterverk av lila och gr\u00f6n kontrast, tillverkad av transparent mesh prydd med uts\u00f6kt blommiga broderier.<\/p>","protected":false},"featured_media":47944,"template":"","meta":[],"product_brand":[],"product_cat":[368,367,375],"product_tag":[507,454,870,510,972],"class_list":{"0":"post-47955","1":"product","2":"type-product","3":"status-publish","4":"has-post-thumbnail","6":"product_cat-bra-panty-set","7":"product_cat-sexy-lingerie","8":"product_cat-whoelsale-sheer-bra-and-panty-sets","9":"product_tag-three-pcs-set","10":"product_tag-wholesale-sexy-embroidered-lingerie","11":"product_tag-floral-lingerie","12":"product_tag-ruffles-lingerie","13":"product_tag-valentines-day-lingerie","14":"pa_color-light-purple","15":"pa_size-wholesale-large-size-women-sexy-lingerie","16":"pa_size-wholesale-medium-size-women-sexy-lingerie","17":"pa_size-wholesale-small-size-sexy-lingerie","19":"first","20":"instock","21":"taxable","22":"shipping-taxable","23":"purchasable","24":"product-type-variable"},"tiered_pricing_type":"fixed","tiered_pricing_fixed_rules":[],"tiered_pricing_product_settings":{"layout":"table","base_unit_name":{"singular":null,"plural":null},"default_variation":null},"tiered_pricing_minimum_quantity":null,"tiered_pricing_roles_data":[],"tiered_pricing_percentage_rules":[],"tiered_pricing_maximum_quantity":null,"tiered_pricing_quantity_step":null,"_links":{"self":[{"href":"https:\/\/gretasexylingerie.com\/sv\/wp-json\/wp\/v2\/product\/47955","targetHints":{"allow":["GET"]}}],"collection":[{"href":"https:\/\/gretasexylingerie.com\/sv\/wp-json\/wp\/v2\/product"}],"about":[{"href":"https:\/\/gretasexylingerie.com\/sv\/wp-json\/wp\/v2\/types\/product"}],"wp:featuredmedia":[{"embeddable":true,"href":"https:\/\/gretasexylingerie.com\/sv\/wp-json\/wp\/v2\/media\/47944"}],"wp:attachment":[{"href":"https:\/\/gretasexylingerie.com\/sv\/wp-json\/wp\/v2\/media?parent=47955"}],"wp:term":[{"taxonomy":"product_brand","embeddable":true,"href":"https:\/\/gretasexylingerie.com\/sv\/wp-json\/wp\/v2\/product_brand?post=47955"},{"taxonomy":"product_cat","embeddable":true,"href":"https:\/\/gretasexylingerie.com\/sv\/wp-json\/wp\/v2\/product_cat?post=47955"},{"taxonomy":"product_tag","embeddable":true,"href":"https:\/\/gretasexylingerie.com\/sv\/wp-json\/wp\/v2\/product_tag?post=47955"}],"curies":[{"name":"wp","href":"https:\/\/api.w.org\/{rel}","templated":true}]}}