{"id":47939,"date":"2024-01-23T10:33:10","date_gmt":"2024-01-23T02:33:10","guid":{"rendered":"https:\/\/gretasexylingerie.com\/?post_type=product&#038;p=47939"},"modified":"2024-02-20T12:55:57","modified_gmt":"2024-02-20T04:55:57","slug":"grossist-grona-babydoll-underklader","status":"publish","type":"product","link":"https:\/\/gretasexylingerie.com\/sv\/products\/wholesale-green-babydoll-lingerie\/","title":{"rendered":"Gr\u00f6na Babydoll underkl\u00e4der i grossistledet med skir blommig topp"},"content":{"rendered":"<p><strong>Mintgr\u00f6n friskhet<\/strong>: Den mintgr\u00f6na f\u00e4rgen p\u00e5 detta babydoll-set utstr\u00e5lar en fr\u00e4sch och uppiggande dragningskraft, perfekt f\u00f6r att l\u00e4gga till en f\u00e4rgklick till din underkl\u00e4deskollektion.<\/p>\n\n\n\n<p><strong>Uts\u00f6kta broderade blommor<\/strong>: Fint broderade blommor pryder det skira meshtyget, vilket ger en touch av elegans och femininitet till detta <strong>skir babydoll topp<\/strong>.<\/p>\n\n\n\n<p><strong>Genomskinligt n\u00e4ttyg<\/strong>: Det genomskinliga n\u00e4tet ger en lockande inblick samtidigt som den bibeh\u00e5ller en mystik, vilket g\u00f6r detta set b\u00e5de lockande och sofistikerat.<\/p>\n\n\n\n<p><strong>Komplett set i tre delar<\/strong>: Denna aqua <strong>blommiga babydoll underkl\u00e4der<\/strong> Setet inneh\u00e5ller en kjol, matchande trosa och en kompletterande halsring, vilket ger en koordinerad och charmig look.<\/p>\n\n\n\n<p><strong>M\u00e5ngsidig storleksserie<\/strong>: Finns i storlekarna S, M, L, detta set \u00e4r designat f\u00f6r att smickra en m\u00e4ngd olika kroppstyper, vilket s\u00e4kerst\u00e4ller att varje kund hittar sin perfekta passform.<\/p>\n\n\n\n<p>F\u00f6rdjupa dig i tjusningen med v\u00e5rt gr\u00f6na babydoll-underkl\u00e4derset. Dess unika f\u00e4rg, uts\u00f6kta broderi och rena elegans g\u00f6r den till ett enast\u00e5ende komplement till alla underkl\u00e4deskollektioner. Best\u00e4ll nu och ge dina kunder en touch av fr\u00e4schhet och femininitet!<\/p>\n\n\n\n<div class=\"wp-block-columns is-layout-flex wp-container-core-columns-is-layout-28f84493 wp-block-columns-is-layout-flex\">\n<div class=\"wp-block-column is-layout-flow wp-block-column-is-layout-flow\" style=\"flex-basis:100%\">\n<figure class=\"wp-block-table\"><table><tbody><tr><td class=\"has-text-align-center\" data-align=\"center\" colspan=\"5\"><strong>Storlekstabell (CM)<\/strong><\/td><\/tr><tr><td class=\"has-text-align-center\" data-align=\"center\"><strong>Storlek<\/strong><\/td><td class=\"has-text-align-center\" data-align=\"center\"><strong>L\u00e4ngd (cm)<\/strong><\/td><td class=\"has-text-align-center\" data-align=\"center\"><strong>Under byst (cm)<\/strong><\/td><td class=\"has-text-align-center\" data-align=\"center\"><strong>Midja (cm)<\/strong><\/td><td class=\"has-text-align-center\" data-align=\"center\"><strong>Byxans l\u00e4ngd (cm)<\/strong><\/td><\/tr><tr><td class=\"has-text-align-center\" data-align=\"center\">S<\/td><td class=\"has-text-align-center\" data-align=\"center\">72<\/td><td class=\"has-text-align-center\" data-align=\"center\">70<\/td><td class=\"has-text-align-center\" data-align=\"center\">66<\/td><td class=\"has-text-align-center\" data-align=\"center\">22<\/td><\/tr><tr><td class=\"has-text-align-center\" data-align=\"center\">M<\/td><td class=\"has-text-align-center\" data-align=\"center\">73.5<\/td><td class=\"has-text-align-center\" data-align=\"center\">74<\/td><td class=\"has-text-align-center\" data-align=\"center\">70<\/td><td class=\"has-text-align-center\" data-align=\"center\">23<\/td><\/tr><tr><td class=\"has-text-align-center\" data-align=\"center\">L<\/td><td class=\"has-text-align-center\" data-align=\"center\">75<\/td><td class=\"has-text-align-center\" data-align=\"center\">78<\/td><td class=\"has-text-align-center\" data-align=\"center\">74<\/td><td class=\"has-text-align-center\" data-align=\"center\">24<\/td><\/tr><tr><td class=\"has-text-align-center\" data-align=\"center\" colspan=\"5\"><strong>Storlekstabell (INCH)<\/strong><\/td><\/tr><tr><td class=\"has-text-align-center\" data-align=\"center\"><strong>Storlek<\/strong><\/td><td class=\"has-text-align-center\" data-align=\"center\"><strong>L\u00e4ngd (tum)<\/strong><\/td><td class=\"has-text-align-center\" data-align=\"center\"><strong>Under byst (in)<\/strong><\/td><td class=\"has-text-align-center\" data-align=\"center\"><strong>Midja (in)<\/strong><\/td><td class=\"has-text-align-center\" data-align=\"center\"><strong>Byxans l\u00e4ngd (in)<\/strong><\/td><\/tr><tr><td class=\"has-text-align-center\" data-align=\"center\">S<\/td><td class=\"has-text-align-center\" data-align=\"center\">28.35<\/td><td class=\"has-text-align-center\" data-align=\"center\">27.56<\/td><td class=\"has-text-align-center\" data-align=\"center\">25.98<\/td><td class=\"has-text-align-center\" data-align=\"center\">8.66<\/td><\/tr><tr><td class=\"has-text-align-center\" data-align=\"center\">M<\/td><td class=\"has-text-align-center\" data-align=\"center\">28.94<\/td><td class=\"has-text-align-center\" data-align=\"center\">29.13<\/td><td class=\"has-text-align-center\" data-align=\"center\">27.56<\/td><td class=\"has-text-align-center\" data-align=\"center\">9.06<\/td><\/tr><tr><td class=\"has-text-align-center\" data-align=\"center\">L<\/td><td class=\"has-text-align-center\" data-align=\"center\">29.53<\/td><td class=\"has-text-align-center\" data-align=\"center\">30.71<\/td><td class=\"has-text-align-center\" data-align=\"center\">29.13<\/td><td class=\"has-text-align-center\" data-align=\"center\">9.45<\/td><\/tr><\/tbody><\/table><\/figure>\n<\/div>\n<\/div>","protected":false},"excerpt":{"rendered":"<p>Njut av v\u00e5r fr\u00e4sch\u00f6r <strong>gr\u00f6na babydoll underkl\u00e4der<\/strong>, en mintgr\u00f6n ensemble med uts\u00f6kt broderade blommor p\u00e5 genomskinligt meshtyg. Denna aqua <strong>blommiga babydoll underkl\u00e4der<\/strong> setet inneh\u00e5ller en kjol, trosa och halsring.<\/p>","protected":false},"featured_media":47929,"template":"","meta":[],"product_brand":[],"product_cat":[385,382,367],"product_tag":[448,454,518,865],"class_list":{"0":"post-47939","1":"product","2":"type-product","3":"status-publish","4":"has-post-thumbnail","6":"product_cat-wholesale-mesh-babydoll","7":"product_cat-sexy-babydoll","8":"product_cat-sexy-lingerie","9":"product_tag-wholesale-elegant-sexy-lingerie","10":"product_tag-wholesale-sexy-embroidered-lingerie","11":"product_tag-mesh-lingerie","12":"product_tag-sexy-skimpy-lingerie","13":"pa_color-aqua-women-sexy-lingerie","14":"pa_size-wholesale-large-size-women-sexy-lingerie","15":"pa_size-wholesale-medium-size-women-sexy-lingerie","16":"pa_size-wholesale-small-size-sexy-lingerie","18":"first","19":"instock","20":"taxable","21":"shipping-taxable","22":"purchasable","23":"product-type-variable"},"tiered_pricing_type":"fixed","tiered_pricing_fixed_rules":[],"tiered_pricing_product_settings":{"layout":"table","base_unit_name":{"singular":null,"plural":null},"default_variation":null},"tiered_pricing_minimum_quantity":null,"tiered_pricing_roles_data":[],"tiered_pricing_percentage_rules":[],"tiered_pricing_maximum_quantity":null,"tiered_pricing_quantity_step":null,"_links":{"self":[{"href":"https:\/\/gretasexylingerie.com\/sv\/wp-json\/wp\/v2\/product\/47939","targetHints":{"allow":["GET"]}}],"collection":[{"href":"https:\/\/gretasexylingerie.com\/sv\/wp-json\/wp\/v2\/product"}],"about":[{"href":"https:\/\/gretasexylingerie.com\/sv\/wp-json\/wp\/v2\/types\/product"}],"wp:featuredmedia":[{"embeddable":true,"href":"https:\/\/gretasexylingerie.com\/sv\/wp-json\/wp\/v2\/media\/47929"}],"wp:attachment":[{"href":"https:\/\/gretasexylingerie.com\/sv\/wp-json\/wp\/v2\/media?parent=47939"}],"wp:term":[{"taxonomy":"product_brand","embeddable":true,"href":"https:\/\/gretasexylingerie.com\/sv\/wp-json\/wp\/v2\/product_brand?post=47939"},{"taxonomy":"product_cat","embeddable":true,"href":"https:\/\/gretasexylingerie.com\/sv\/wp-json\/wp\/v2\/product_cat?post=47939"},{"taxonomy":"product_tag","embeddable":true,"href":"https:\/\/gretasexylingerie.com\/sv\/wp-json\/wp\/v2\/product_tag?post=47939"}],"curies":[{"name":"wp","href":"https:\/\/api.w.org\/{rel}","templated":true}]}}