{"id":47906,"date":"2024-01-23T10:25:47","date_gmt":"2024-01-23T02:25:47","guid":{"rendered":"https:\/\/gretasexylingerie.com\/?post_type=product&#038;p=47906"},"modified":"2024-02-20T12:59:15","modified_gmt":"2024-02-20T04:59:15","slug":"rosa-korsetttopp-i-grossistledet-med-mesh-armar","status":"publish","type":"product","link":"https:\/\/gretasexylingerie.com\/sv\/products\/wholesale-pink-corset-top-with-mesh-sleeves\/","title":{"rendered":"Rosa korsetttopp i grossistledet med mesh\u00e4rmar"},"content":{"rendered":"<p><strong>Rosa Mesh Design<\/strong>: Den bustier kostymen har ett vackert rosa mesh som erbjuder en mjuk, feminin tilltalande som \u00e4r b\u00e5de lockande och sofistikerad.<\/p>\n\n\n\n<p><strong>Vit kantdekoration<\/strong>: Accentuerad med en chic vit kant, detta <strong>korsetttopp med mesh-\u00e4rmar<\/strong> utstr\u00e5lar en raffinerad elegans, perfekt f\u00f6r en enast\u00e5ende garderob.<\/p>\n\n\n\n<p><strong>Ring i metall med kedja<\/strong>: Inkluderandet av en halsring i metall ger en touch av edgy glamour, vilket g\u00f6r denna topp till ett unikt och elegant val f\u00f6r modeinriktade kunder.<\/p>\n\n\n\n<p><strong>Volangb\u00e4lte accent<\/strong>: Ett volangb\u00e4lte ger ett extra lager av sofistikering, f\u00f6rst\u00e4rker korsettens siluett och ger en lekfull men elegant touch.<\/p>\n\n\n\n<p><strong>Justerbart bh-sp\u00e4nne med sn\u00f6rning<\/strong>: Det justerbara bh-sp\u00e4nnet med sn\u00f6rning s\u00e4kerst\u00e4ller en perfekt passform, erbjuder b\u00e5de komfort och stil, vilket g\u00f6r det till ett praktiskt val f\u00f6r olika kroppstyper.<\/p>\n\n\n\n<p>Omfamna blandningen av modern stil och klassisk elegans med v\u00e5r fantastiska korsetttopp i rosa mesh. Dess unika design och uppm\u00e4rksamhet p\u00e5 detaljer g\u00f6r den till ett m\u00e5ste f\u00f6r dem som letar efter ett fashionabelt men tidl\u00f6st plagg. Best\u00e4ll nu och l\u00e4gg till denna uts\u00f6kta topp till din samling, och erbjuder dina kunder en touch av raffinerad sk\u00f6nhet och trends\u00e4ttande stil!<\/p>\n\n\n\n<figure class=\"wp-block-table\"><table><tbody><tr><td class=\"has-text-align-center\" data-align=\"center\" colspan=\"4\"><strong>Storlekstabell (CM)<\/strong><\/td><\/tr><tr><td class=\"has-text-align-center\" data-align=\"center\"><strong>Storlek<\/strong><\/td><td class=\"has-text-align-center\" data-align=\"center\"><strong>L\u00e4ngd (cm)<\/strong><\/td><td class=\"has-text-align-center\" data-align=\"center\"><strong>Under bysten (cm)<\/strong><\/td><td class=\"has-text-align-center\" data-align=\"center\"><strong>Midja (cm)<\/strong><\/td><\/tr><tr><td class=\"has-text-align-center\" data-align=\"center\">S<\/td><td class=\"has-text-align-center\" data-align=\"center\">22<\/td><td class=\"has-text-align-center\" data-align=\"center\">54-82<\/td><td class=\"has-text-align-center\" data-align=\"center\">68-98<\/td><\/tr><tr><td class=\"has-text-align-center\" data-align=\"center\">M<\/td><td class=\"has-text-align-center\" data-align=\"center\">23<\/td><td class=\"has-text-align-center\" data-align=\"center\">58-86<\/td><td class=\"has-text-align-center\" data-align=\"center\">70-102<\/td><\/tr><tr><td class=\"has-text-align-center\" data-align=\"center\">L<\/td><td class=\"has-text-align-center\" data-align=\"center\">24<\/td><td class=\"has-text-align-center\" data-align=\"center\">62-90<\/td><td class=\"has-text-align-center\" data-align=\"center\">74-106<\/td><\/tr><tr><td class=\"has-text-align-center\" data-align=\"center\" colspan=\"4\"><strong>Storlekstabell (INCH)<\/strong><\/td><\/tr><tr><td class=\"has-text-align-center\" data-align=\"center\"><strong>Storlek<\/strong><\/td><td class=\"has-text-align-center\" data-align=\"center\"><strong>L\u00e4ngd (tum)<\/strong><\/td><td class=\"has-text-align-center\" data-align=\"center\"><strong>Under byst (in)<\/strong><\/td><td class=\"has-text-align-center\" data-align=\"center\"><strong>Midja (in)<\/strong><\/td><\/tr><tr><td class=\"has-text-align-center\" data-align=\"center\">S<\/td><td class=\"has-text-align-center\" data-align=\"center\">8.66<\/td><td class=\"has-text-align-center\" data-align=\"center\">21.26-32.28<\/td><td class=\"has-text-align-center\" data-align=\"center\">26.77-38.58<\/td><\/tr><tr><td class=\"has-text-align-center\" data-align=\"center\">M<\/td><td class=\"has-text-align-center\" data-align=\"center\">9.06<\/td><td class=\"has-text-align-center\" data-align=\"center\">22.83-33.86<\/td><td class=\"has-text-align-center\" data-align=\"center\">27.56-40.16<\/td><\/tr><tr><td class=\"has-text-align-center\" data-align=\"center\">L<\/td><td class=\"has-text-align-center\" data-align=\"center\">9.45<\/td><td class=\"has-text-align-center\" data-align=\"center\">24.41-35.43<\/td><td class=\"has-text-align-center\" data-align=\"center\">29.13-41.73<\/td><\/tr><\/tbody><\/table><\/figure>","protected":false},"excerpt":{"rendered":"<p>Kliv in i en v\u00e4rld av delikat charm med v\u00e5r <strong>rosa korsetttopp<\/strong>, prydd med rosa mesh och elegant vit kantdekoration. Detta <strong>korsetttopp i mesh<\/strong> \u00e4r en blandning av n\u00e5d och modern stil.<\/p>","protected":false},"featured_media":47905,"template":"","meta":[],"product_brand":[],"product_cat":[390,386,367],"product_tag":[505,528,518,524,510,865],"class_list":{"0":"post-47906","1":"product","2":"type-product","3":"status-publish","4":"has-post-thumbnail","6":"product_cat-wholesale-mesh-bustier","7":"product_cat-sexy-bustiers","8":"product_cat-sexy-lingerie","9":"product_tag-5-piece-lingerie-set","10":"product_tag-halter-lingerie","11":"product_tag-mesh-lingerie","12":"product_tag-metal-lingerie","13":"product_tag-ruffles-lingerie","14":"product_tag-sexy-skimpy-lingerie","15":"pa_color-pink-women-sexy-lingerie","16":"pa_size-wholesale-large-size-women-sexy-lingerie","17":"pa_size-wholesale-medium-size-women-sexy-lingerie","18":"pa_size-wholesale-small-size-sexy-lingerie","20":"first","21":"instock","22":"taxable","23":"shipping-taxable","24":"purchasable","25":"product-type-variable"},"tiered_pricing_type":"fixed","tiered_pricing_fixed_rules":[],"tiered_pricing_product_settings":{"layout":"table","base_unit_name":{"singular":null,"plural":null},"default_variation":null},"tiered_pricing_minimum_quantity":null,"tiered_pricing_roles_data":[],"tiered_pricing_percentage_rules":[],"tiered_pricing_maximum_quantity":null,"tiered_pricing_quantity_step":null,"_links":{"self":[{"href":"https:\/\/gretasexylingerie.com\/sv\/wp-json\/wp\/v2\/product\/47906","targetHints":{"allow":["GET"]}}],"collection":[{"href":"https:\/\/gretasexylingerie.com\/sv\/wp-json\/wp\/v2\/product"}],"about":[{"href":"https:\/\/gretasexylingerie.com\/sv\/wp-json\/wp\/v2\/types\/product"}],"wp:featuredmedia":[{"embeddable":true,"href":"https:\/\/gretasexylingerie.com\/sv\/wp-json\/wp\/v2\/media\/47905"}],"wp:attachment":[{"href":"https:\/\/gretasexylingerie.com\/sv\/wp-json\/wp\/v2\/media?parent=47906"}],"wp:term":[{"taxonomy":"product_brand","embeddable":true,"href":"https:\/\/gretasexylingerie.com\/sv\/wp-json\/wp\/v2\/product_brand?post=47906"},{"taxonomy":"product_cat","embeddable":true,"href":"https:\/\/gretasexylingerie.com\/sv\/wp-json\/wp\/v2\/product_cat?post=47906"},{"taxonomy":"product_tag","embeddable":true,"href":"https:\/\/gretasexylingerie.com\/sv\/wp-json\/wp\/v2\/product_tag?post=47906"}],"curies":[{"name":"wp","href":"https:\/\/api.w.org\/{rel}","templated":true}]}}