{"id":47889,"date":"2024-01-23T10:22:08","date_gmt":"2024-01-23T02:22:08","guid":{"rendered":"https:\/\/gretasexylingerie.com\/?post_type=product&#038;p=47889"},"modified":"2024-02-20T13:00:57","modified_gmt":"2024-02-20T05:00:57","slug":"grossist-romantisk-bh-och-trosa-set-med-spets-strumpeband","status":"publish","type":"product","link":"https:\/\/gretasexylingerie.com\/sv\/products\/wholesale-romantic-bra-and-panty-set-with-lace-garter\/","title":{"rendered":"Romantisk beh\u00e5 och trosor i grossistledet med spets strumpeband"},"content":{"rendered":"<p><strong>Hudf\u00e4rgat Transparent Mesh<\/strong>: Det fina, hudf\u00e4rgade genomskinliga n\u00e4tet erbjuder ett utseende som knappt finns, vilket ger en lockande canvas f\u00f6r de intrikata detaljerna i setet.<\/p>\n\n\n\n<p><strong>Uts\u00f6kta svarta broderade blommor<\/strong>: Varje del \u00e4r vackert accentuerad med svarta broderade blommor, vilket ger en touch av romantisk sofistikering till detta <strong>romantisk bh och trosa<\/strong> upps\u00e4ttning.<\/p>\n\n\n\n<p><strong>Spetsblomma accenter<\/strong>: Delika spetsblommor f\u00f6rst\u00e4rker den \u00f6vergripande designen och skapar en harmonisk balans mellan elegans och sensualitet.<\/p>\n\n\n\n<p><strong>M\u00e5ngsidig storleksserie<\/strong>: Det h\u00e4r setet passar till en m\u00e4ngd olika kroppstyper och finns i storlekarna S, M, L, vilket s\u00e4kerst\u00e4ller en perfekt passform och komfort f\u00f6r din kundkrets.<\/p>\n\n\n\n<p><strong>Komplett ensemble<\/strong>: Det h\u00e4r setet inneh\u00e5ller en bustier, trosa och strumpeband, vilket ger en komplett och koordinerad look som \u00e4r b\u00e5de lyxig och f\u00e4ngslande.<\/p>\n\n\n\n<p>Kliv in i en v\u00e4rld d\u00e4r romantik och elegans fl\u00e4tas samman med v\u00e5r uts\u00f6kta spets-bh och strumpebandsset. Perfekt f\u00f6r dem som s\u00f6ker en blandning av sofistikering och lockelse i sin underkl\u00e4deskollektion. Best\u00e4ll nu och l\u00e4gg till en touch av poetisk sk\u00f6nhet till dina erbjudanden!<\/p>\n\n\n\n<figure class=\"wp-block-table\"><table><tbody><tr><td class=\"has-text-align-center\" data-align=\"center\" colspan=\"6\"><strong>Storlekstabell (CM)<\/strong><\/td><\/tr><tr><td class=\"has-text-align-center\" data-align=\"center\"><strong>Storlek<\/strong><\/td><td class=\"has-text-align-center\" data-align=\"center\"><strong>L\u00e4ngd (cm)<\/strong><\/td><td class=\"has-text-align-center\" data-align=\"center\"><strong>Under bysten (cm)<\/strong><\/td><td class=\"has-text-align-center\" data-align=\"center\"><strong>Midja (cm)<\/strong><\/td><td class=\"has-text-align-center\" data-align=\"center\"><strong>Midja (cm)<\/strong><\/td><td class=\"has-text-align-center\" data-align=\"center\"><strong>L\u00e4ngd (cm)<\/strong><\/td><\/tr><tr><td class=\"has-text-align-center\" data-align=\"center\">S<\/td><td class=\"has-text-align-center\" data-align=\"center\">14<\/td><td class=\"has-text-align-center\" data-align=\"center\">67-95<\/td><td class=\"has-text-align-center\" data-align=\"center\">68-98<\/td><td class=\"has-text-align-center\" data-align=\"center\">60-70<\/td><td class=\"has-text-align-center\" data-align=\"center\">21<\/td><\/tr><tr><td class=\"has-text-align-center\" data-align=\"center\">M<\/td><td class=\"has-text-align-center\" data-align=\"center\">15<\/td><td class=\"has-text-align-center\" data-align=\"center\">71-99<\/td><td class=\"has-text-align-center\" data-align=\"center\">72-102<\/td><td class=\"has-text-align-center\" data-align=\"center\">64-74<\/td><td class=\"has-text-align-center\" data-align=\"center\">22<\/td><\/tr><tr><td class=\"has-text-align-center\" data-align=\"center\">L<\/td><td class=\"has-text-align-center\" data-align=\"center\">16<\/td><td class=\"has-text-align-center\" data-align=\"center\">75-103<\/td><td class=\"has-text-align-center\" data-align=\"center\">76-106<\/td><td class=\"has-text-align-center\" data-align=\"center\">68-78<\/td><td class=\"has-text-align-center\" data-align=\"center\">23<\/td><\/tr><tr><td class=\"has-text-align-center\" data-align=\"center\" colspan=\"6\"><strong>Storlekstabell (INCH)<\/strong><\/td><\/tr><tr><td class=\"has-text-align-center\" data-align=\"center\"><strong>Storlek<\/strong><\/td><td class=\"has-text-align-center\" data-align=\"center\"><strong>L\u00e4ngd (tum)<\/strong><\/td><td class=\"has-text-align-center\" data-align=\"center\"><strong>Under byst (in)<\/strong><\/td><td class=\"has-text-align-center\" data-align=\"center\"><strong>Midja (in)<\/strong><\/td><td class=\"has-text-align-center\" data-align=\"center\"><strong>Midja (in)<\/strong><\/td><td class=\"has-text-align-center\" data-align=\"center\"><strong>L\u00e4ngd (tum)<\/strong><\/td><\/tr><tr><td class=\"has-text-align-center\" data-align=\"center\">S<\/td><td class=\"has-text-align-center\" data-align=\"center\">5.51<\/td><td class=\"has-text-align-center\" data-align=\"center\">26.38-37.40<\/td><td class=\"has-text-align-center\" data-align=\"center\">26.77-38.58<\/td><td class=\"has-text-align-center\" data-align=\"center\">23.62-27.56<\/td><td class=\"has-text-align-center\" data-align=\"center\">8.27<\/td><\/tr><tr><td class=\"has-text-align-center\" data-align=\"center\">M<\/td><td class=\"has-text-align-center\" data-align=\"center\">5.91<\/td><td class=\"has-text-align-center\" data-align=\"center\">27.95-38.98<\/td><td class=\"has-text-align-center\" data-align=\"center\">28.35-40.16<\/td><td class=\"has-text-align-center\" data-align=\"center\">25.20-29.13<\/td><td class=\"has-text-align-center\" data-align=\"center\">8.66<\/td><\/tr><tr><td class=\"has-text-align-center\" data-align=\"center\">L<\/td><td class=\"has-text-align-center\" data-align=\"center\">6.30<\/td><td class=\"has-text-align-center\" data-align=\"center\">29.53-40.55<\/td><td class=\"has-text-align-center\" data-align=\"center\">29.92-41.73<\/td><td class=\"has-text-align-center\" data-align=\"center\">26.77-30.71<\/td><td class=\"has-text-align-center\" data-align=\"center\">9.06<\/td><\/tr><\/tbody><\/table><\/figure>","protected":false},"excerpt":{"rendered":"<p>Avsl\u00f6ja essensen av romantik med v\u00e5r <strong>spets bh och strumpeband set<\/strong>, med hudf\u00e4rgat transparent n\u00e4t prydt med uts\u00f6kta svarta broderade blommor. Detta set \u00e4r en poetisk blandning av elegans och lockelse.<\/p>","protected":false},"featured_media":47878,"template":"","meta":[],"product_brand":[],"product_cat":[368,367,375],"product_tag":[507,861,454,446,865],"class_list":{"0":"post-47889","1":"product","2":"type-product","3":"status-publish","4":"has-post-thumbnail","6":"product_cat-bra-panty-set","7":"product_cat-sexy-lingerie","8":"product_cat-whoelsale-sheer-bra-and-panty-sets","9":"product_tag-three-pcs-set","10":"product_tag-brunette-lingerie","11":"product_tag-wholesale-sexy-embroidered-lingerie","12":"product_tag-wholesale-sexy-see-through-lingerie","13":"product_tag-sexy-skimpy-lingerie","14":"pa_color-black","15":"pa_size-wholesale-large-size-women-sexy-lingerie","16":"pa_size-wholesale-medium-size-women-sexy-lingerie","17":"pa_size-wholesale-small-size-sexy-lingerie","19":"first","20":"instock","21":"taxable","22":"shipping-taxable","23":"purchasable","24":"product-type-variable"},"tiered_pricing_type":"fixed","tiered_pricing_fixed_rules":[],"tiered_pricing_product_settings":{"layout":"table","base_unit_name":{"singular":null,"plural":null},"default_variation":null},"tiered_pricing_minimum_quantity":null,"tiered_pricing_roles_data":[],"tiered_pricing_percentage_rules":[],"tiered_pricing_maximum_quantity":null,"tiered_pricing_quantity_step":null,"_links":{"self":[{"href":"https:\/\/gretasexylingerie.com\/sv\/wp-json\/wp\/v2\/product\/47889","targetHints":{"allow":["GET"]}}],"collection":[{"href":"https:\/\/gretasexylingerie.com\/sv\/wp-json\/wp\/v2\/product"}],"about":[{"href":"https:\/\/gretasexylingerie.com\/sv\/wp-json\/wp\/v2\/types\/product"}],"wp:featuredmedia":[{"embeddable":true,"href":"https:\/\/gretasexylingerie.com\/sv\/wp-json\/wp\/v2\/media\/47878"}],"wp:attachment":[{"href":"https:\/\/gretasexylingerie.com\/sv\/wp-json\/wp\/v2\/media?parent=47889"}],"wp:term":[{"taxonomy":"product_brand","embeddable":true,"href":"https:\/\/gretasexylingerie.com\/sv\/wp-json\/wp\/v2\/product_brand?post=47889"},{"taxonomy":"product_cat","embeddable":true,"href":"https:\/\/gretasexylingerie.com\/sv\/wp-json\/wp\/v2\/product_cat?post=47889"},{"taxonomy":"product_tag","embeddable":true,"href":"https:\/\/gretasexylingerie.com\/sv\/wp-json\/wp\/v2\/product_tag?post=47889"}],"curies":[{"name":"wp","href":"https:\/\/api.w.org\/{rel}","templated":true}]}}