{"id":47865,"date":"2024-01-23T10:17:28","date_gmt":"2024-01-23T02:17:28","guid":{"rendered":"https:\/\/gretasexylingerie.com\/?post_type=product&#038;p=47865"},"modified":"2024-04-04T15:00:32","modified_gmt":"2024-04-04T07:00:32","slug":"grossist-spandex-kvinnlig-bodysuit","status":"publish","type":"product","link":"https:\/\/gretasexylingerie.com\/sv\/products\/wholesale-spandex-female-bodysuit\/","title":{"rendered":"Grossist Spandex kvinnlig bodysuit med ih\u00e5lig design"},"content":{"rendered":"<p><strong>Bred remstil<\/strong>: Den h\u00e4r bodyns breda remsdesign erbjuder b\u00e5de komfort och st\u00f6d och \u00e4r ett praktiskt men \u00e4nd\u00e5 stilfullt val f\u00f6r alla modeinriktade evenemang.<\/p>\n\n\n\n<p><strong>Ih\u00e5lig design<\/strong>: Den v\u00e5gade ih\u00e5liga designen ger detta en provocerande kant <strong>spandex bodysuit<\/strong>, perfekt f\u00f6r att g\u00f6ra ett dj\u00e4rvt modestatement.<\/p>\n\n\n\n<p><strong>Supersexigt tilltal<\/strong>: Skr\u00e4ddarsydd f\u00f6r de dj\u00e4rva och sj\u00e4lvs\u00e4kra, \u00e4r denna bodysuit ett uttryck f\u00f6r sensualitet, perfekt f\u00f6r rave-evenemang eller som en enast\u00e5ende garderob.<\/p>\n\n\n\n<p><strong>Halter Neck Design<\/strong>: Den h\u00e4r bodyn kombinerar en modern siluett med en klassisk halsringning och erbjuder en unik blandning av stil och elegans.<\/p>\n\n\n\n<p><strong>M\u00e5ngsidig storleksserie<\/strong>: Finns i storlekarna S, M, L och i livfulla f\u00e4rger \u2013 svart, r\u00f6d och rosa \u2013 den v\u00e4nder sig till en m\u00e5ngsidig kundkrets, vilket s\u00e4kerst\u00e4ller en perfekt passform f\u00f6r en m\u00e4ngd olika kroppstyper.<\/p>\n\n\n\n<p>Kliv in i v\u00e4rlden av dj\u00e4rvt mode med v\u00e5r fantastiska kvinnliga bodysuit. Dess unika design och livfulla f\u00e4rger g\u00f6r den till ett m\u00e5ste f\u00f6r dem som \u00e4lskar att sticka ut. Perfekt f\u00f6r raves, fester eller som ett v\u00e5gat tillskott till din modekollektion. Best\u00e4ll nu f\u00f6r att l\u00e4gga till denna sensationella pj\u00e4s till din lineup!<\/p>\n\n\n\n<figure class=\"wp-block-table\"><table><tbody><tr><td class=\"has-text-align-center\" data-align=\"center\" colspan=\"4\"><strong>Storlekstabell (CM)<\/strong><\/td><\/tr><tr><td class=\"has-text-align-center\" data-align=\"center\"><strong>Storlek<\/strong><\/td><td class=\"has-text-align-center\" data-align=\"center\"><strong>L\u00e4ngd (cm)<\/strong><\/td><td class=\"has-text-align-center\" data-align=\"center\"><strong>Under bysten (cm)<\/strong><\/td><td class=\"has-text-align-center\" data-align=\"center\"><strong>Midja (cm)<\/strong><\/td><\/tr><tr><td class=\"has-text-align-center\" data-align=\"center\">S<\/td><td class=\"has-text-align-center\" data-align=\"center\">72<\/td><td class=\"has-text-align-center\" data-align=\"center\">88<\/td><td class=\"has-text-align-center\" data-align=\"center\">64<\/td><\/tr><tr><td class=\"has-text-align-center\" data-align=\"center\">M<\/td><td class=\"has-text-align-center\" data-align=\"center\">74<\/td><td class=\"has-text-align-center\" data-align=\"center\">92<\/td><td class=\"has-text-align-center\" data-align=\"center\">68<\/td><\/tr><tr><td class=\"has-text-align-center\" data-align=\"center\">L<\/td><td class=\"has-text-align-center\" data-align=\"center\">76<\/td><td class=\"has-text-align-center\" data-align=\"center\">96<\/td><td class=\"has-text-align-center\" data-align=\"center\">72<\/td><\/tr><tr><td class=\"has-text-align-center\" data-align=\"center\" colspan=\"4\"><strong>Storlekstabell (INCH)<\/strong><\/td><\/tr><tr><td class=\"has-text-align-center\" data-align=\"center\"><strong>Storlek<\/strong><\/td><td class=\"has-text-align-center\" data-align=\"center\"><strong>L\u00e4ngd (tum)<\/strong><\/td><td class=\"has-text-align-center\" data-align=\"center\"><strong>Under byst (in)<\/strong><\/td><td class=\"has-text-align-center\" data-align=\"center\"><strong>Midja (in)<\/strong><\/td><\/tr><tr><td class=\"has-text-align-center\" data-align=\"center\">S<\/td><td class=\"has-text-align-center\" data-align=\"center\">28.35<\/td><td class=\"has-text-align-center\" data-align=\"center\">34.65<\/td><td class=\"has-text-align-center\" data-align=\"center\">25.20<\/td><\/tr><tr><td class=\"has-text-align-center\" data-align=\"center\">M<\/td><td class=\"has-text-align-center\" data-align=\"center\">29.13<\/td><td class=\"has-text-align-center\" data-align=\"center\">36.22<\/td><td class=\"has-text-align-center\" data-align=\"center\">26.77<\/td><\/tr><tr><td class=\"has-text-align-center\" data-align=\"center\">L<\/td><td class=\"has-text-align-center\" data-align=\"center\">29.92<\/td><td class=\"has-text-align-center\" data-align=\"center\">37.80<\/td><td class=\"has-text-align-center\" data-align=\"center\">28.35<\/td><\/tr><\/tbody><\/table><\/figure>","protected":false},"excerpt":{"rendered":"<p>Omfamna tjusningen av v\u00e5r <strong>kvinnlig bodysuit<\/strong>, en s\u00f6ml\u00f6s blandning av breda remmar och ih\u00e5lig design. Detta <strong>spandex bodysuit<\/strong> i svart, r\u00f6tt och rosa \u00e4r det ultimata valet f\u00f6r en supersexig rave-look.<\/p>","protected":false},"featured_media":47860,"template":"","meta":[],"product_brand":[],"product_cat":[370,379,367],"product_tag":[528,866,863,447],"class_list":{"0":"post-47865","1":"product","2":"type-product","3":"status-publish","4":"has-post-thumbnail","6":"product_cat-bodysuit","7":"product_cat-wholesale-harness-bodysuit","8":"product_cat-sexy-lingerie","9":"product_tag-halter-lingerie","10":"product_tag-sexy-romper-lingerie","11":"product_tag-sexy-thong-lingerie","12":"product_tag-wholesale-strappy-sexy-lingerie","13":"pa_color-black","14":"pa_size-wholesale-large-size-women-sexy-lingerie","15":"pa_size-wholesale-medium-size-women-sexy-lingerie","16":"pa_size-wholesale-small-size-sexy-lingerie","18":"first","19":"instock","20":"taxable","21":"shipping-taxable","22":"purchasable","23":"product-type-variable"},"tiered_pricing_type":"fixed","tiered_pricing_fixed_rules":[],"tiered_pricing_product_settings":{"layout":"table","base_unit_name":{"singular":null,"plural":null},"default_variation":null},"tiered_pricing_minimum_quantity":null,"tiered_pricing_roles_data":[],"tiered_pricing_percentage_rules":[],"tiered_pricing_maximum_quantity":null,"tiered_pricing_quantity_step":null,"_links":{"self":[{"href":"https:\/\/gretasexylingerie.com\/sv\/wp-json\/wp\/v2\/product\/47865","targetHints":{"allow":["GET"]}}],"collection":[{"href":"https:\/\/gretasexylingerie.com\/sv\/wp-json\/wp\/v2\/product"}],"about":[{"href":"https:\/\/gretasexylingerie.com\/sv\/wp-json\/wp\/v2\/types\/product"}],"wp:featuredmedia":[{"embeddable":true,"href":"https:\/\/gretasexylingerie.com\/sv\/wp-json\/wp\/v2\/media\/47860"}],"wp:attachment":[{"href":"https:\/\/gretasexylingerie.com\/sv\/wp-json\/wp\/v2\/media?parent=47865"}],"wp:term":[{"taxonomy":"product_brand","embeddable":true,"href":"https:\/\/gretasexylingerie.com\/sv\/wp-json\/wp\/v2\/product_brand?post=47865"},{"taxonomy":"product_cat","embeddable":true,"href":"https:\/\/gretasexylingerie.com\/sv\/wp-json\/wp\/v2\/product_cat?post=47865"},{"taxonomy":"product_tag","embeddable":true,"href":"https:\/\/gretasexylingerie.com\/sv\/wp-json\/wp\/v2\/product_tag?post=47865"}],"curies":[{"name":"wp","href":"https:\/\/api.w.org\/{rel}","templated":true}]}}