{"id":47837,"date":"2024-01-23T10:10:40","date_gmt":"2024-01-23T02:10:40","guid":{"rendered":"https:\/\/gretasexylingerie.com\/?post_type=product&#038;p=47837"},"modified":"2024-02-20T13:06:46","modified_gmt":"2024-02-20T05:06:46","slug":"vit-beha-och-trosor-set-i-grossistledet","status":"publish","type":"product","link":"https:\/\/gretasexylingerie.com\/sv\/products\/wholesale-white-bra-and-knickers-set\/","title":{"rendered":"Vit beh\u00e5 och trosor i grossistledet set med blombroderier"},"content":{"rendered":"<p><strong>Uts\u00f6kt broderi<\/strong>: Det ljusbl\u00e5 broderim\u00f6nstret p\u00e5 vitt transparent n\u00e4t ger en delikat och sofistikerad look, perfekt f\u00f6r <strong>n\u00e4t bh trosa design<\/strong> k\u00e4nnare.<\/p>\n\n\n\n<p><strong>Lyxiga spetsdetaljer<\/strong>: Varje del av detta set, inklusive bh, trosa, strumpeband, benring och halsring, \u00e4r f\u00f6rst\u00e4rkt med uts\u00f6kt spets, vilket ger en touch av lyx till <strong>snygga bh-underkl\u00e4der<\/strong> samling.<\/p>\n\n\n\n<p><strong>Komplett set i fem delar<\/strong>: Detta omfattande set ger en komplett ensemble, vilket s\u00e4kerst\u00e4ller en harmonisk och komplett look f\u00f6r alla speciella tillf\u00e4llen eller lyxiga underkl\u00e4deskollektioner.<\/p>\n\n\n\n<p><strong>Variation av storlekar<\/strong>: Finns i storlekarna S, M, L, detta set passar till en m\u00e4ngd olika kroppstyper, vilket g\u00f6r det till ett m\u00e5ngsidigt val f\u00f6r din <strong>vit bh och trosor<\/strong> samling.<\/p>\n\n\n\n<p><strong>Elegant f\u00e4rgkombination<\/strong>: Det ljusbl\u00e5 och vita f\u00e4rgschemat utstr\u00e5lar en lugn och elegant atmosf\u00e4r, vilket g\u00f6r detta set till ett unikt och attraktivt tillskott till alla exklusiva underkl\u00e4der.<\/p>\n\n\n\n<p>F\u00f6rb\u00e4ttra dina underkl\u00e4deserbjudanden med detta vackert broderade bh-set. Dess intrikata design och omfattande femdelade kollektion kommer s\u00e4kerligen att f\u00e4ngsla och tillfredsst\u00e4lla din kr\u00e4sna kundkrets. Perfekt f\u00f6r dem som s\u00f6ker en blandning av elegans och sofistikering i sina underkl\u00e4der. Best\u00e4ll nu och ta med en touch av raffinerad sk\u00f6nhet till din samling!<\/p>\n\n\n\n<figure class=\"wp-block-table\"><table><tbody><tr><td class=\"has-text-align-center\" data-align=\"center\" colspan=\"6\"><strong>Storlekstabell (CM)<\/strong><\/td><\/tr><tr><td class=\"has-text-align-center\" data-align=\"center\"><strong>Storlek<\/strong><\/td><td class=\"has-text-align-center\" data-align=\"center\"><strong>L\u00e4ngd (cm)<\/strong><\/td><td class=\"has-text-align-center\" data-align=\"center\"><strong>Under bysten (cm)<\/strong><\/td><td class=\"has-text-align-center\" data-align=\"center\"><strong>Midja (cm)<\/strong><\/td><td class=\"has-text-align-center\" data-align=\"center\"><strong>Midja (cm)<\/strong><\/td><td class=\"has-text-align-center\" data-align=\"center\"><strong>L\u00e4ngd (cm)<\/strong><\/td><\/tr><tr><td class=\"has-text-align-center\" data-align=\"center\">S<\/td><td class=\"has-text-align-center\" data-align=\"center\">14<\/td><td class=\"has-text-align-center\" data-align=\"center\">64-84<\/td><td class=\"has-text-align-center\" data-align=\"center\">68-98<\/td><td class=\"has-text-align-center\" data-align=\"center\">68-88<\/td><td class=\"has-text-align-center\" data-align=\"center\">19<\/td><\/tr><tr><td class=\"has-text-align-center\" data-align=\"center\">M<\/td><td class=\"has-text-align-center\" data-align=\"center\">15<\/td><td class=\"has-text-align-center\" data-align=\"center\">68-88<\/td><td class=\"has-text-align-center\" data-align=\"center\">72-102<\/td><td class=\"has-text-align-center\" data-align=\"center\">72-92<\/td><td class=\"has-text-align-center\" data-align=\"center\">20<\/td><\/tr><tr><td class=\"has-text-align-center\" data-align=\"center\">L<\/td><td class=\"has-text-align-center\" data-align=\"center\">16<\/td><td class=\"has-text-align-center\" data-align=\"center\">72-92<\/td><td class=\"has-text-align-center\" data-align=\"center\">76-106<\/td><td class=\"has-text-align-center\" data-align=\"center\">76-96<\/td><td class=\"has-text-align-center\" data-align=\"center\">21<\/td><\/tr><tr><td class=\"has-text-align-center\" data-align=\"center\" colspan=\"6\"><strong>Storlekstabell (INCH)<\/strong><\/td><\/tr><tr><td class=\"has-text-align-center\" data-align=\"center\"><strong>Storlek<\/strong><\/td><td class=\"has-text-align-center\" data-align=\"center\"><strong>L\u00e4ngd (tum)<\/strong><\/td><td class=\"has-text-align-center\" data-align=\"center\"><strong>Under byst (in)<\/strong><\/td><td class=\"has-text-align-center\" data-align=\"center\"><strong>Midja (in)<\/strong><\/td><td class=\"has-text-align-center\" data-align=\"center\"><strong>Midja (in)<\/strong><\/td><td class=\"has-text-align-center\" data-align=\"center\"><strong>L\u00e4ngd (tum)<\/strong><\/td><\/tr><tr><td class=\"has-text-align-center\" data-align=\"center\">S<\/td><td class=\"has-text-align-center\" data-align=\"center\">5.51<\/td><td class=\"has-text-align-center\" data-align=\"center\">25.20-33.07<\/td><td class=\"has-text-align-center\" data-align=\"center\">26.77-38.58<\/td><td class=\"has-text-align-center\" data-align=\"center\">26.77-34.65<\/td><td class=\"has-text-align-center\" data-align=\"center\">7.48<\/td><\/tr><tr><td class=\"has-text-align-center\" data-align=\"center\">M<\/td><td class=\"has-text-align-center\" data-align=\"center\">5.91<\/td><td class=\"has-text-align-center\" data-align=\"center\">26.77-34.65<\/td><td class=\"has-text-align-center\" data-align=\"center\">28.35-40.16<\/td><td class=\"has-text-align-center\" data-align=\"center\">28.35-36.22<\/td><td class=\"has-text-align-center\" data-align=\"center\">7.87<\/td><\/tr><tr><td class=\"has-text-align-center\" data-align=\"center\">L<\/td><td class=\"has-text-align-center\" data-align=\"center\">6.30<\/td><td class=\"has-text-align-center\" data-align=\"center\">28.35-36.22<\/td><td class=\"has-text-align-center\" data-align=\"center\">29.92-41.73<\/td><td class=\"has-text-align-center\" data-align=\"center\">29.92-37.80<\/td><td class=\"has-text-align-center\" data-align=\"center\">8.27<\/td><\/tr><\/tbody><\/table><\/figure>\n\n\n\n<p><\/p>","protected":false},"excerpt":{"rendered":"<p>Uppt\u00e4ck v\u00e5r f\u00f6rtrollning <strong>vit bh och trosor<\/strong> set, prydd med ljusbl\u00e5tt broderi p\u00e5 vitt genomskinligt n\u00e4t. Detta <strong>snygga bh-underkl\u00e4der<\/strong> ensemble \u00e4r en symfoni av elegans och charm.<\/p>","protected":false},"featured_media":47828,"template":"","meta":[],"product_brand":[],"product_cat":[368,369,367],"product_tag":[505,454,875,518],"class_list":{"0":"post-47837","1":"product","2":"type-product","3":"status-publish","4":"has-post-thumbnail","6":"product_cat-bra-panty-set","7":"product_cat-wholesale-lace-bra-and-panty-sets","8":"product_cat-sexy-lingerie","9":"product_tag-5-piece-lingerie-set","10":"product_tag-wholesale-sexy-embroidered-lingerie","11":"product_tag-lace-sexy-lingerie","12":"product_tag-mesh-lingerie","13":"pa_color-white","14":"pa_size-wholesale-large-size-women-sexy-lingerie","15":"pa_size-wholesale-medium-size-women-sexy-lingerie","16":"pa_size-wholesale-small-size-sexy-lingerie","18":"first","19":"instock","20":"taxable","21":"shipping-taxable","22":"purchasable","23":"product-type-variable"},"tiered_pricing_type":"fixed","tiered_pricing_fixed_rules":[],"tiered_pricing_product_settings":{"layout":"table","base_unit_name":{"singular":null,"plural":null},"default_variation":{}},"tiered_pricing_minimum_quantity":null,"tiered_pricing_roles_data":[],"tiered_pricing_percentage_rules":[],"tiered_pricing_maximum_quantity":null,"tiered_pricing_quantity_step":null,"_links":{"self":[{"href":"https:\/\/gretasexylingerie.com\/sv\/wp-json\/wp\/v2\/product\/47837","targetHints":{"allow":["GET"]}}],"collection":[{"href":"https:\/\/gretasexylingerie.com\/sv\/wp-json\/wp\/v2\/product"}],"about":[{"href":"https:\/\/gretasexylingerie.com\/sv\/wp-json\/wp\/v2\/types\/product"}],"wp:featuredmedia":[{"embeddable":true,"href":"https:\/\/gretasexylingerie.com\/sv\/wp-json\/wp\/v2\/media\/47828"}],"wp:attachment":[{"href":"https:\/\/gretasexylingerie.com\/sv\/wp-json\/wp\/v2\/media?parent=47837"}],"wp:term":[{"taxonomy":"product_brand","embeddable":true,"href":"https:\/\/gretasexylingerie.com\/sv\/wp-json\/wp\/v2\/product_brand?post=47837"},{"taxonomy":"product_cat","embeddable":true,"href":"https:\/\/gretasexylingerie.com\/sv\/wp-json\/wp\/v2\/product_cat?post=47837"},{"taxonomy":"product_tag","embeddable":true,"href":"https:\/\/gretasexylingerie.com\/sv\/wp-json\/wp\/v2\/product_tag?post=47837"}],"curies":[{"name":"wp","href":"https:\/\/api.w.org\/{rel}","templated":true}]}}