{"id":46760,"date":"2023-11-21T00:45:13","date_gmt":"2023-11-20T16:45:13","guid":{"rendered":"https:\/\/gretasexylingerie.com\/?post_type=product&#038;p=46760"},"modified":"2023-12-13T21:35:58","modified_gmt":"2023-12-13T13:35:58","slug":"elegant-strumpebandsbody-med-karleksflackig-mesh","status":"publish","type":"product","link":"https:\/\/gretasexylingerie.com\/sv\/products\/elegant-garter-bodysuit-with-love-spotted-mesh\/","title":{"rendered":"Elegant strumpebandsbody med Love-Spotted Mesh"},"content":{"rendered":"<ol class=\"wp-block-list\">\n<li><strong>Strumpebandsbody<\/strong>: V\u00e5r strumpebandsbody \u00e4r designad f\u00f6r att erbjuda b\u00e5de stil och komfort. Dess design i ett stycke s\u00e4kerst\u00e4ller en elegant och s\u00f6ml\u00f6s look, vilket g\u00f6r den till ett m\u00e5ste f\u00f6r din underkl\u00e4deskollektion.<\/li>\n\n\n\n<li><strong>Br\u00f6stb\u00e5gedekoration<\/strong>: Den \u00f6mt\u00e5liga br\u00f6stb\u00e5gen ger en touch av femininitet och elegans, vilket skiljer denna body fr\u00e5n resten. Det \u00e4r en subtil men \u00e4nd\u00e5 slagkraftig detalj som f\u00f6rst\u00e4rker den \u00f6vergripande \u00f6verklagandet.<\/li>\n\n\n\n<li><strong>K\u00e4rleksfl\u00e4ckig mesh<\/strong>: Bodyns k\u00e4rleksfl\u00e4ckiga meshtyg \u00e4r b\u00e5de visuellt imponerande och behagligt taktil. Detta unika material ger designen en lekfull och romantisk stil.<\/li>\n\n\n\n<li><strong>Sexig svart bodysuit<\/strong>: Omfamna din sensualitet med denna sexiga svarta kroppsdress. Dess f\u00e4rg och design g\u00f6r den m\u00e5ngsidig f\u00f6r olika tillf\u00e4llen, oavsett om den \u00e4r intim eller som ett dj\u00e4rvt uttryck under din outfit.<\/li>\n\n\n\n<li><strong>Bodysuit i tyll med meshbensringar<\/strong>: Inkorporeringen av tyll och mesh benringar ger en modern twist till den klassiska bodyn, och erbjuder en unik blandning av komfort och stil.<\/li>\n<\/ol>\n\n\n\n<p>Njut av den lyxiga k\u00e4nslan och sofistikerade designen hos v\u00e5r Garter Bodysuit. Oavsett om du vill l\u00e4gga till en touch av romantik till din kv\u00e4ll eller helt enkelt letar efter ett snyggt och bekv\u00e4mt underkl\u00e4desplagg, kommer den h\u00e4r bodyn s\u00e4kerligen att f\u00e4ngsla och f\u00f6rtrolla. Lyft ditt underkl\u00e4derspel med detta uts\u00f6kta plagg \u2013 best\u00e4ll ditt idag och upplev den perfekta blandningen av elegans och lockelse!<\/p>\n\n\n\n<figure class=\"wp-block-table\"><table><tbody><tr><td colspan=\"6\"><strong>Storlekstabell (CM)<\/strong><\/td><\/tr><tr><td><strong>Storlek<\/strong><\/td><td><strong>L\u00e4ngd (cm)<\/strong><\/td><td><strong>Axel (cm)<\/strong><\/td><td><strong>Under bysten (cm)<\/strong><\/td><td><strong>Midja (cm)<\/strong><\/td><td><strong>H\u00f6ft (cm)<\/strong><\/td><\/tr><tr><td>S<\/td><td>57<\/td><td>38<\/td><td>66-86<\/td><td>64-96<\/td><td>64<\/td><\/tr><tr><td>M<\/td><td>59<\/td><td>38<\/td><td>70-90<\/td><td>68-100<\/td><td>68<\/td><\/tr><tr><td>L<\/td><td>61<\/td><td>38<\/td><td>74-94<\/td><td>72-104<\/td><td>72<\/td><\/tr><\/tbody><\/table><\/figure>\n\n\n\n<figure class=\"wp-block-table\"><table><tbody><tr><td colspan=\"6\"><strong>Storlekstabell (INCH)<\/strong><\/td><\/tr><tr><td><strong>Storlek<\/strong><\/td><td><strong>L\u00e4ngd (tum)<\/strong><\/td><td><strong>Axel (in)<\/strong><\/td><td><strong>Under byst (in)<\/strong><\/td><td><strong>Midja (in)<\/strong><\/td><td><strong>H\u00f6ft (in)<\/strong><\/td><\/tr><tr><td>S<\/td><td>22.44<\/td><td>14.96<\/td><td>25.98-33.86<\/td><td>25.20-37.80<\/td><td>25.20<\/td><\/tr><tr><td>M<\/td><td>23.23<\/td><td>14.96<\/td><td>27.56-35.43<\/td><td>26.77-39.37<\/td><td>26.77<\/td><\/tr><tr><td>L<\/td><td>24.02<\/td><td>14.96<\/td><td>29.13-37.01<\/td><td>28.35-40.94<\/td><td>28.35<\/td><\/tr><\/tbody><\/table><\/figure>","protected":false},"excerpt":{"rendered":"<p>Kliv in i en v\u00e4rld av elegans med v\u00e5r Garter Bodysuit, ett underverk i ett stycke prydd med en charmig br\u00f6stb\u00e5gedekoration. Tillverkad av k\u00e4rleksfl\u00e4ckig mesh och med mesh-benringar, \u00e4r denna bodysuit en symbol f\u00f6r n\u00e5d och lockelse, perfekt f\u00f6r de speciella stunderna.<\/p>","protected":false},"featured_media":46775,"template":"","meta":[],"product_brand":[],"product_cat":[370,367,373],"product_tag":[452,448,518],"class_list":{"0":"post-46760","1":"product","2":"type-product","3":"status-publish","4":"has-post-thumbnail","6":"product_cat-bodysuit","7":"product_cat-sexy-lingerie","8":"product_cat-wholesale-sexy-mesh-bodysuit","9":"product_tag-wholesale-boudoir-lingerie","10":"product_tag-wholesale-elegant-sexy-lingerie","11":"product_tag-mesh-lingerie","12":"pa_color-black","13":"pa_size-wholesale-large-size-women-sexy-lingerie","14":"pa_size-wholesale-medium-size-women-sexy-lingerie","15":"pa_size-wholesale-small-size-sexy-lingerie","17":"first","18":"instock","19":"taxable","20":"shipping-taxable","21":"purchasable","22":"product-type-variable"},"tiered_pricing_type":"fixed","tiered_pricing_fixed_rules":[],"tiered_pricing_product_settings":{"layout":"default","base_unit_name":{"singular":null,"plural":null},"default_variation":{}},"tiered_pricing_minimum_quantity":null,"tiered_pricing_roles_data":[],"tiered_pricing_percentage_rules":[],"tiered_pricing_maximum_quantity":null,"tiered_pricing_quantity_step":null,"_links":{"self":[{"href":"https:\/\/gretasexylingerie.com\/sv\/wp-json\/wp\/v2\/product\/46760","targetHints":{"allow":["GET"]}}],"collection":[{"href":"https:\/\/gretasexylingerie.com\/sv\/wp-json\/wp\/v2\/product"}],"about":[{"href":"https:\/\/gretasexylingerie.com\/sv\/wp-json\/wp\/v2\/types\/product"}],"wp:featuredmedia":[{"embeddable":true,"href":"https:\/\/gretasexylingerie.com\/sv\/wp-json\/wp\/v2\/media\/46775"}],"wp:attachment":[{"href":"https:\/\/gretasexylingerie.com\/sv\/wp-json\/wp\/v2\/media?parent=46760"}],"wp:term":[{"taxonomy":"product_brand","embeddable":true,"href":"https:\/\/gretasexylingerie.com\/sv\/wp-json\/wp\/v2\/product_brand?post=46760"},{"taxonomy":"product_cat","embeddable":true,"href":"https:\/\/gretasexylingerie.com\/sv\/wp-json\/wp\/v2\/product_cat?post=46760"},{"taxonomy":"product_tag","embeddable":true,"href":"https:\/\/gretasexylingerie.com\/sv\/wp-json\/wp\/v2\/product_tag?post=46760"}],"curies":[{"name":"wp","href":"https:\/\/api.w.org\/{rel}","templated":true}]}}