{"id":46735,"date":"2023-11-21T00:14:17","date_gmt":"2023-11-20T16:14:17","guid":{"rendered":"https:\/\/gretasexylingerie.com\/?post_type=product&#038;p=46735"},"modified":"2024-04-04T16:16:01","modified_gmt":"2024-04-04T08:16:01","slug":"designbody-med-oppen-kupa-med-diamantdetaljer","status":"publish","type":"product","link":"https:\/\/gretasexylingerie.com\/sv\/products\/open-cup-designer-bodysuit-with-heart-diamond-detail\/","title":{"rendered":"Designerbody med \u00f6ppen kopp med diamantdetaljer"},"content":{"rendered":"<ol class=\"wp-block-list\">\n<li><strong>Svart designer bodysuit<\/strong>: Kliv in i en v\u00e4rld av sofistikerad stil med denna svarta designerbody. Dess unika design skiljer den \u00e5t, vilket g\u00f6r den till ett m\u00e5ste f\u00f6r modeintresserade individer.<\/li>\n\n\n\n<li><strong>Sexig ih\u00e5lig och buntad stil<\/strong>: Omfamna din dj\u00e4rva sida med bodyns sexiga ih\u00e5liga och buntade stil. Den \u00e4r designad f\u00f6r att smickra din figur samtidigt som den ger en edgy touch till din look.<\/li>\n\n\n\n<li><strong>Hj\u00e4rta diamant dekorerad kista<\/strong>: Hj\u00e4rtdiamantutsmyckningen p\u00e5 br\u00f6stet ger en touch av lyx och glamour, perfekt f\u00f6r de d\u00e4r speciella tillf\u00e4llena eller n\u00e4r du vill k\u00e4nna dig extra fantastisk.<\/li>\n\n\n\n<li><strong>Bodysuit med \u00f6ppen kupa med breda axelband<\/strong>: Kombinera mode med komfort, den \u00f6ppna kupans design och breda axelband ger st\u00f6d samtidigt som de f\u00f6rst\u00e4rker dina naturliga kurvor.<\/li>\n\n\n\n<li><strong>Button-avsl\u00f6jande design f\u00f6r extra stil<\/strong>: V\u00e4nd p\u00e5 huvudet med bodyns fr\u00e4cka rumpa-avsl\u00f6jande design. Detta <strong>bodysuit med tr\u00e5d<\/strong> handlar om att fira din kropp och l\u00e4gga till en lekfull twist till din outfit.<\/li>\n<\/ol>\n\n\n\n<p>Missa inte chansen att \u00e4ga denna uts\u00f6kta svarta designerbody. Perfekt f\u00f6r dem som \u00e4lskar att kombinera elegans med en antydan till dj\u00e4rvhet, den kommer s\u00e4kerligen att bli en omhuldad del i din samling. Oavsett om du kl\u00e4r ut dig f\u00f6r en utekv\u00e4ll eller vill l\u00e4gga till lite sp\u00e4nning i din garderob, \u00e4r den h\u00e4r bodyn det perfekta valet. Best\u00e4ll nu och kliv in i en v\u00e4rld av o\u00f6vertr\u00e4ffad stil och sj\u00e4lvf\u00f6rtroende!<\/p>\n\n\n\n<figure class=\"wp-block-table\"><table><tbody><tr><td colspan=\"5\"><strong>Storlekstabell (CM)<\/strong><\/td><\/tr><tr><td><strong>Storlek<\/strong><\/td><td><strong>L\u00e4ngd (cm)<\/strong><\/td><td><strong>Under bysten (cm)<\/strong><\/td><td><strong>Midja (cm)<\/strong><\/td><td><strong>H\u00f6ft (cm)<\/strong><\/td><\/tr><tr><td>S<\/td><td>72<\/td><td>68-86<\/td><td>66-96<\/td><td>72<\/td><\/tr><tr><td>M<\/td><td>74<\/td><td>72-90<\/td><td>70-100<\/td><td>76<\/td><\/tr><tr><td>L<\/td><td>76<\/td><td>76-94<\/td><td>74-104<\/td><td>80<\/td><\/tr><\/tbody><\/table><\/figure>\n\n\n\n<figure class=\"wp-block-table\"><table><tbody><tr><td colspan=\"5\"><strong>Storlekstabell (INCH)<\/strong><\/td><\/tr><tr><td><strong>Storlek<\/strong><\/td><td><strong>L\u00e4ngd (tum)<\/strong><\/td><td><strong>Under byst (in)<\/strong><\/td><td><strong>Midja (in)<\/strong><\/td><td><strong>H\u00f6ft (in)<\/strong><\/td><\/tr><tr><td>S<\/td><td>28.35<\/td><td>26.77-33.86<\/td><td>25.98-37.80<\/td><td>28.35<\/td><\/tr><tr><td>M<\/td><td>29.13<\/td><td>28.35-35.43<\/td><td>27.56-39.37<\/td><td>29.92<\/td><\/tr><tr><td>L<\/td><td>29.92<\/td><td>29.92-37.01<\/td><td>29.13-40.94<\/td><td>31.50<\/td><\/tr><\/tbody><\/table><\/figure>","protected":false},"excerpt":{"rendered":"<p>Lyft din stil med v\u00e5r fantastiska svarta designerbody, med en hj\u00e4rtdekorerad kista och en v\u00e5gad \u00f6ppen kupa. Denna bodysuit kombinerar tjusningen av en sexig ih\u00e5lig och buntad stil med komforten av breda axelband, vilket g\u00f6r den till en perfekt blandning av elegans och f\u00f6rf\u00f6relse.<\/p>","protected":false},"featured_media":46751,"template":"","meta":[],"product_brand":[],"product_cat":[370,379,367],"product_tag":[452,446],"class_list":{"0":"post-46735","1":"product","2":"type-product","3":"status-publish","4":"has-post-thumbnail","6":"product_cat-bodysuit","7":"product_cat-wholesale-harness-bodysuit","8":"product_cat-sexy-lingerie","9":"product_tag-wholesale-boudoir-lingerie","10":"product_tag-wholesale-sexy-see-through-lingerie","11":"pa_color-black","12":"pa_color-blue-women-sexy-lingerie","13":"pa_color-red-women-sexy-lingerie","14":"pa_size-wholesale-large-size-women-sexy-lingerie","15":"pa_size-wholesale-medium-size-women-sexy-lingerie","16":"pa_size-wholesale-small-size-sexy-lingerie","18":"first","19":"instock","20":"taxable","21":"shipping-taxable","22":"purchasable","23":"product-type-variable"},"tiered_pricing_type":"fixed","tiered_pricing_fixed_rules":[],"tiered_pricing_product_settings":{"layout":"table","base_unit_name":{"singular":null,"plural":null},"default_variation":{}},"tiered_pricing_minimum_quantity":null,"tiered_pricing_roles_data":[],"tiered_pricing_percentage_rules":[],"tiered_pricing_maximum_quantity":null,"tiered_pricing_quantity_step":null,"_links":{"self":[{"href":"https:\/\/gretasexylingerie.com\/sv\/wp-json\/wp\/v2\/product\/46735","targetHints":{"allow":["GET"]}}],"collection":[{"href":"https:\/\/gretasexylingerie.com\/sv\/wp-json\/wp\/v2\/product"}],"about":[{"href":"https:\/\/gretasexylingerie.com\/sv\/wp-json\/wp\/v2\/types\/product"}],"wp:featuredmedia":[{"embeddable":true,"href":"https:\/\/gretasexylingerie.com\/sv\/wp-json\/wp\/v2\/media\/46751"}],"wp:attachment":[{"href":"https:\/\/gretasexylingerie.com\/sv\/wp-json\/wp\/v2\/media?parent=46735"}],"wp:term":[{"taxonomy":"product_brand","embeddable":true,"href":"https:\/\/gretasexylingerie.com\/sv\/wp-json\/wp\/v2\/product_brand?post=46735"},{"taxonomy":"product_cat","embeddable":true,"href":"https:\/\/gretasexylingerie.com\/sv\/wp-json\/wp\/v2\/product_cat?post=46735"},{"taxonomy":"product_tag","embeddable":true,"href":"https:\/\/gretasexylingerie.com\/sv\/wp-json\/wp\/v2\/product_tag?post=46735"}],"curies":[{"name":"wp","href":"https:\/\/api.w.org\/{rel}","templated":true}]}}