{"id":46716,"date":"2023-11-20T23:27:07","date_gmt":"2023-11-20T15:27:07","guid":{"rendered":"https:\/\/gretasexylingerie.com\/?post_type=product&#038;p=46716"},"modified":"2024-04-04T16:14:36","modified_gmt":"2024-04-04T08:14:36","slug":"grossist-svart-bodysuit-med-genomskinlig-mesh-och-rygglos-design","status":"publish","type":"product","link":"https:\/\/gretasexylingerie.com\/sv\/products\/wholesale-black-bodysuit-with-see-through-mesh-and-backless-design\/","title":{"rendered":"Svart bodysuit i grossistledet med genomskinlig mesh och ryggl\u00f6s design"},"content":{"rendered":"<ol class=\"wp-block-list\">\n<li><strong>Svart bodysuit f\u00f6r damer<\/strong>: Omfamna elegansen i v\u00e5r svarta bodysuit f\u00f6r damer, designad f\u00f6r att smickra din figur samtidigt som den ger en sofistikerad och elegant look.<\/li>\n\n\n\n<li><strong>Genomskinlig meshdesign<\/strong>: Bodyns genomskinliga mesh ger en v\u00e5gad och f\u00f6rf\u00f6risk touch, perfekt f\u00f6r dig som vill g\u00f6ra ett statement med sin stil.<\/li>\n\n\n\n<li><strong>Bekv\u00e4m Snap Crotch Bodysuit<\/strong>: Designad f\u00f6r enkelhet och funktionalitet, sn\u00e4ppan i grenen p\u00e5 denna body m\u00f6jligg\u00f6r snabb och enkel anv\u00e4ndning, vilket g\u00f6r den till ett m\u00e5ste i din garderob.<\/li>\n\n\n\n<li><strong>Fantastisk ryggl\u00f6s elegans<\/strong>: Den h\u00e4r ryggl\u00f6sa designen <strong>kroppsdr\u00e4kt med \u00f6ppen rygg<\/strong> ger en lockande glimt av hud, blandar lockelse med high fashion.<\/li>\n\n\n\n<li><strong>Komfort och stil med breda axelband<\/strong>: Njut av den perfekta balansen mellan komfort och stil med de breda axelremmarna, vilket s\u00e4kerst\u00e4ller en s\u00e4ker och smickrande passform f\u00f6r alla kroppstyper.<\/li>\n<\/ol>\n\n\n\n<p>Kliv in i en v\u00e4rld av elegans och sofistikering med v\u00e5r svarta bodysuit. Oavsett om du kl\u00e4r ut dig f\u00f6r en utekv\u00e4ll eller letar efter ett chict tillskott till din dagliga garderob, kommer denna bodysuit att imponera. Omfamna den perfekta kombinationen av stil, komfort och bekv\u00e4mlighet. L\u00e4gg till denna fantastiska pj\u00e4s till din samling nu och lyft ditt modespel!<\/p>\n\n\n\n<figure class=\"wp-block-table\"><table><tbody><tr><td colspan=\"6\"><strong>Storlekstabell (CM)<\/strong><\/td><\/tr><tr><td><strong>Storlek<\/strong><\/td><td><strong>Toppl\u00e4ngd (cm)<\/strong><\/td><td><strong>Axel (cm)<\/strong><\/td><td><strong>Under bysten (cm)<\/strong><\/td><td><strong>Midja (cm)<\/strong><\/td><td><strong>Fotsomkrets (cm)<\/strong><\/td><\/tr><tr><td>S<\/td><td>57<\/td><td>30<\/td><td>64-86<\/td><td>66-96<\/td><td>62<\/td><\/tr><tr><td>M<\/td><td>59<\/td><td>30<\/td><td>68-90<\/td><td>70-100<\/td><td>66<\/td><\/tr><tr><td>L<\/td><td>61<\/td><td>30<\/td><td>72-94<\/td><td>74-104<\/td><td>70<\/td><\/tr><\/tbody><\/table><\/figure>\n\n\n\n<figure class=\"wp-block-table\"><table><tbody><tr><td colspan=\"6\"><strong>Storlekstabell (INCH)<\/strong><\/td><\/tr><tr><td><strong>Storlek<\/strong><\/td><td><strong>Toppl\u00e4ngd (in)<\/strong><\/td><td><strong>Axel (in)<\/strong><\/td><td><strong>Under byst (in)<\/strong><\/td><td><strong>Midja (in)<\/strong><\/td><td><strong>Fotsomkrets (in)<\/strong><\/td><\/tr><tr><td>S<\/td><td>22.44<\/td><td>11.81<\/td><td>25.20-33.86<\/td><td>25.98-37.80<\/td><td>24.41<\/td><\/tr><tr><td>M<\/td><td>23.23<\/td><td>11.81<\/td><td>26.77-35.43<\/td><td>27.56-39.37<\/td><td>25.98<\/td><\/tr><tr><td>L<\/td><td>24.02<\/td><td>11.81<\/td><td>28.35-37.01<\/td><td>29.13-40.94<\/td><td>27.56<\/td><\/tr><\/tbody><\/table><\/figure>","protected":false},"excerpt":{"rendered":"<p>Uppt\u00e4ck tjusningen av v\u00e5r <strong>svart bodysuit f\u00f6r damer<\/strong>, tillverkad med ett fantastiskt genomskinligt n\u00e4t och en elegant design utan rygg. Denna body \u00e4r praktisk <strong>bodysuit med kn\u00e4ppning i grenen<\/strong> funktionalitet, vilket g\u00f6r den till en perfekt blandning av stil och bekv\u00e4mlighet.<\/p>","protected":false},"featured_media":46726,"template":"","meta":[],"product_brand":[],"product_cat":[370,367,373],"product_tag":[448,518,973,446],"class_list":{"0":"post-46716","1":"product","2":"type-product","3":"status-publish","4":"has-post-thumbnail","6":"product_cat-bodysuit","7":"product_cat-sexy-lingerie","8":"product_cat-wholesale-sexy-mesh-bodysuit","9":"product_tag-wholesale-elegant-sexy-lingerie","10":"product_tag-mesh-lingerie","11":"product_tag-oem","12":"product_tag-wholesale-sexy-see-through-lingerie","13":"pa_color-black","14":"pa_size-wholesale-large-size-women-sexy-lingerie","15":"pa_size-wholesale-medium-size-women-sexy-lingerie","16":"pa_size-wholesale-small-size-sexy-lingerie","18":"first","19":"instock","20":"taxable","21":"shipping-taxable","22":"purchasable","23":"product-type-variable"},"tiered_pricing_type":"fixed","tiered_pricing_fixed_rules":[],"tiered_pricing_product_settings":{"layout":"table","base_unit_name":{"singular":null,"plural":null},"default_variation":{}},"tiered_pricing_minimum_quantity":null,"tiered_pricing_roles_data":[],"tiered_pricing_percentage_rules":[],"tiered_pricing_maximum_quantity":null,"tiered_pricing_quantity_step":null,"_links":{"self":[{"href":"https:\/\/gretasexylingerie.com\/sv\/wp-json\/wp\/v2\/product\/46716","targetHints":{"allow":["GET"]}}],"collection":[{"href":"https:\/\/gretasexylingerie.com\/sv\/wp-json\/wp\/v2\/product"}],"about":[{"href":"https:\/\/gretasexylingerie.com\/sv\/wp-json\/wp\/v2\/types\/product"}],"wp:featuredmedia":[{"embeddable":true,"href":"https:\/\/gretasexylingerie.com\/sv\/wp-json\/wp\/v2\/media\/46726"}],"wp:attachment":[{"href":"https:\/\/gretasexylingerie.com\/sv\/wp-json\/wp\/v2\/media?parent=46716"}],"wp:term":[{"taxonomy":"product_brand","embeddable":true,"href":"https:\/\/gretasexylingerie.com\/sv\/wp-json\/wp\/v2\/product_brand?post=46716"},{"taxonomy":"product_cat","embeddable":true,"href":"https:\/\/gretasexylingerie.com\/sv\/wp-json\/wp\/v2\/product_cat?post=46716"},{"taxonomy":"product_tag","embeddable":true,"href":"https:\/\/gretasexylingerie.com\/sv\/wp-json\/wp\/v2\/product_tag?post=46716"}],"curies":[{"name":"wp","href":"https:\/\/api.w.org\/{rel}","templated":true}]}}