{"id":46678,"date":"2023-11-13T21:10:38","date_gmt":"2023-11-13T13:10:38","guid":{"rendered":"https:\/\/gretasexylingerie.com\/?post_type=product&#038;p=46678"},"modified":"2024-02-15T22:41:51","modified_gmt":"2024-02-15T14:41:51","slug":"grossist-halter-neck-blommig-spets-bodystocking-bodysuit-4","status":"publish","type":"product","link":"https:\/\/gretasexylingerie.com\/sv\/products\/wholesale-halter-neck-body-stocking-dress\/","title":{"rendered":"Grossist Halter Neck Body Stocking Kl\u00e4nning"},"content":{"rendered":"<ol class=\"wp-block-list\">\n<li><strong>H\u00f6ftl\u00e5ng kort kjol<\/strong>: Den h\u00e4r lekfulla, korta kjoll\u00e4ngden ger en flirtig touch till din underkl\u00e4deskollektion, vilket g\u00f6r den till en enast\u00e5ende pj\u00e4s.<\/li>\n\n\n\n<li><strong>Halter Neck Design<\/strong>: Den eleganta halsringningen f\u00f6rst\u00e4rker din halsringning och erbjuder b\u00e5de sofistikering och st\u00f6d.<\/li>\n\n\n\n<li><strong>Ih\u00e5lig midjedetalj<\/strong>: Den ih\u00e5liga midjan i denna <strong>kroppsstrumpa n\u00e4t<\/strong> piece accentuerar din figur och skapar en i\u00f6gonfallande siluett.<\/li>\n\n\n\n<li><strong>Sexig \u00f6ppen rygg<\/strong>: Den v\u00e5gade \u00f6ppna ryggfunktionen l\u00e4gger till ett element av lockelse, perfekt f\u00f6r att g\u00f6ra ett dj\u00e4rvt uttalande.<\/li>\n\n\n\n<li><strong>M\u00e5ngsidig och unik<\/strong>: Perfekt f\u00f6r speciella kv\u00e4llar eller som ett v\u00e5gat komplement till din festkl\u00e4dsel, detta <strong>kroppsstrumpa outfit<\/strong> \u00e4r m\u00e5ngsidig och distinkt.<\/li>\n<\/ol>\n\n\n\n<p>Kliv in i en v\u00e4rld av elegans och tjusning med v\u00e5r halter neck bodystocking kl\u00e4nning. Perfekt f\u00f6r dem som \u00e4lskar att sticka ut, det h\u00e4r plagget \u00e4r viktigt f\u00f6r att l\u00e4gga till en touch av sofistikering och f\u00f6rf\u00f6relse till din garderob. Omfamna den unika stilen p\u00e5 v\u00e5r kroppsstrumpkl\u00e4nning idag och f\u00f6rvandla din underkl\u00e4desupplevelse!<\/p>","protected":false},"excerpt":{"rendered":"<p>Uppt\u00e4ck tjusningen av v\u00e5r <strong>kroppsstrumpa outfit<\/strong>, en f\u00e4ngslande halter neck bodystocking kl\u00e4nning. Dess unika design har en h\u00f6ftl\u00e5ng kort kjol och en ih\u00e5lig midja, kompletterad med en sexig \u00f6ppen rygg och de intrikata detaljerna i en <strong>kl\u00e4nning f\u00f6r fisken\u00e4t<\/strong>.<\/p>","protected":false},"featured_media":46685,"template":"","meta":[],"product_brand":[],"product_cat":[405,406,404],"product_tag":[],"class_list":{"0":"post-46678","1":"product","2":"type-product","3":"status-publish","4":"has-post-thumbnail","6":"product_cat-wholesale-bodystocking","7":"product_cat-wholesale-fishnet-dress","8":"product_cat-sexy-stocking","9":"pa_color-black","10":"pa_size-free","12":"first","13":"instock","14":"taxable","15":"shipping-taxable","16":"purchasable","17":"product-type-variable"},"tiered_pricing_type":"fixed","tiered_pricing_fixed_rules":[],"tiered_pricing_product_settings":{"layout":"table","base_unit_name":{"singular":null,"plural":null},"default_variation":{}},"tiered_pricing_minimum_quantity":null,"tiered_pricing_roles_data":[],"tiered_pricing_percentage_rules":[],"tiered_pricing_maximum_quantity":null,"tiered_pricing_quantity_step":null,"_links":{"self":[{"href":"https:\/\/gretasexylingerie.com\/sv\/wp-json\/wp\/v2\/product\/46678","targetHints":{"allow":["GET"]}}],"collection":[{"href":"https:\/\/gretasexylingerie.com\/sv\/wp-json\/wp\/v2\/product"}],"about":[{"href":"https:\/\/gretasexylingerie.com\/sv\/wp-json\/wp\/v2\/types\/product"}],"wp:featuredmedia":[{"embeddable":true,"href":"https:\/\/gretasexylingerie.com\/sv\/wp-json\/wp\/v2\/media\/46685"}],"wp:attachment":[{"href":"https:\/\/gretasexylingerie.com\/sv\/wp-json\/wp\/v2\/media?parent=46678"}],"wp:term":[{"taxonomy":"product_brand","embeddable":true,"href":"https:\/\/gretasexylingerie.com\/sv\/wp-json\/wp\/v2\/product_brand?post=46678"},{"taxonomy":"product_cat","embeddable":true,"href":"https:\/\/gretasexylingerie.com\/sv\/wp-json\/wp\/v2\/product_cat?post=46678"},{"taxonomy":"product_tag","embeddable":true,"href":"https:\/\/gretasexylingerie.com\/sv\/wp-json\/wp\/v2\/product_tag?post=46678"}],"curies":[{"name":"wp","href":"https:\/\/api.w.org\/{rel}","templated":true}]}}