{"id":46665,"date":"2023-11-11T01:05:00","date_gmt":"2023-11-10T17:05:00","guid":{"rendered":"https:\/\/gretasexylingerie.com\/?post_type=product&#038;p=46665"},"modified":"2023-11-11T01:08:18","modified_gmt":"2023-11-10T17:08:18","slug":"grossist-halter-neck-blommig-spets-bodystocking-bodysuit-3","status":"publish","type":"product","link":"https:\/\/gretasexylingerie.com\/sv\/products\/wholesale-sexy-fishnet-full-body-stocking\/","title":{"rendered":"Sexig n\u00e4tstrumpa i grossistledet"},"content":{"rendered":"<ol class=\"wp-block-list\">\n<li><strong>Sexig n\u00e4tdesign<\/strong>: Det klassiska n\u00e4tm\u00f6nstret erbjuder en tidl\u00f6s tilltalande, som ger en touch av dj\u00e4rvhet till din underkl\u00e4deskollektion.<\/li>\n\n\n\n<li><strong>Halter Neck och \u00f6ppen rygg<\/strong>: Visa din figur med grimma halsen och \u00f6ppen ryggdesign, vilket skapar en lockande siluett som \u00e4r sv\u00e5r att motst\u00e5.<\/li>\n\n\n\n<li><strong>Grenl\u00f6s f\u00f6r Added Intrigue<\/strong>: Lyft upp dina intima stunder med den grenl\u00f6sa funktionen, blanda komfort med en antydan av riskabel charm.<\/li>\n\n\n\n<li><strong>R\u00f6d Ribbon Bow detalj<\/strong>: En delikat r\u00f6d rosett ger en lekfull och feminin touch till detta <strong>bodystocking i \u00f6ppen gren<\/strong>.<\/li>\n\n\n\n<li><strong>Perfekt f\u00f6r klubbdr\u00e4kter<\/strong>: Inte bara f\u00f6r intima milj\u00f6er, den h\u00e4r kroppsstrumpan fungerar ocks\u00e5 som ett dj\u00e4rvt uttalande f\u00f6r <strong>n\u00e4tklubbskl\u00e4der<\/strong>.<\/li>\n<\/ol>\n\n\n\n<p>Sl\u00e4pp loss din inre f\u00f6rf\u00f6rare med v\u00e5r helkroppsn\u00e4tstrumpa, en perfekt blandning av elegans och erotik. Oavsett om det \u00e4r f\u00f6r en speciell kv\u00e4ll i eller som ett v\u00e5gat tillskott till dina klubbkl\u00e4der, lovar det h\u00e4r plagget att v\u00e4cka huvuden och t\u00e4nda passioner. Omfamna din dj\u00e4rva sida och best\u00e4ll nu!<\/p>","protected":false},"excerpt":{"rendered":"<p>Uppt\u00e4ck tjusningen av v\u00e5r <strong>sexiga underkl\u00e4der bodystocking<\/strong>, ett helkroppsfiskn\u00e4t som m\u00e4sterligt blandar sensualitet och stil. Med en grimmantad design, \u00f6ppen rygg och en v\u00e5gad design utan gren, accentueras den med en charmig r\u00f6d rosett med band.<\/p>","protected":false},"featured_media":46673,"template":"","meta":[],"product_brand":[],"product_cat":[405,407,404],"product_tag":[],"class_list":{"0":"post-46665","1":"product","2":"type-product","3":"status-publish","4":"has-post-thumbnail","6":"product_cat-wholesale-bodystocking","7":"product_cat-wholesale-full-body-stocking","8":"product_cat-sexy-stocking","9":"pa_color-black","10":"pa_size-free","12":"first","13":"instock","14":"taxable","15":"shipping-taxable","16":"purchasable","17":"product-type-variable"},"tiered_pricing_type":"fixed","tiered_pricing_fixed_rules":[],"tiered_pricing_product_settings":{"layout":"default","base_unit_name":{"singular":null,"plural":null},"default_variation":{}},"tiered_pricing_minimum_quantity":null,"tiered_pricing_roles_data":[],"tiered_pricing_percentage_rules":[],"tiered_pricing_maximum_quantity":null,"tiered_pricing_quantity_step":null,"_links":{"self":[{"href":"https:\/\/gretasexylingerie.com\/sv\/wp-json\/wp\/v2\/product\/46665","targetHints":{"allow":["GET"]}}],"collection":[{"href":"https:\/\/gretasexylingerie.com\/sv\/wp-json\/wp\/v2\/product"}],"about":[{"href":"https:\/\/gretasexylingerie.com\/sv\/wp-json\/wp\/v2\/types\/product"}],"wp:featuredmedia":[{"embeddable":true,"href":"https:\/\/gretasexylingerie.com\/sv\/wp-json\/wp\/v2\/media\/46673"}],"wp:attachment":[{"href":"https:\/\/gretasexylingerie.com\/sv\/wp-json\/wp\/v2\/media?parent=46665"}],"wp:term":[{"taxonomy":"product_brand","embeddable":true,"href":"https:\/\/gretasexylingerie.com\/sv\/wp-json\/wp\/v2\/product_brand?post=46665"},{"taxonomy":"product_cat","embeddable":true,"href":"https:\/\/gretasexylingerie.com\/sv\/wp-json\/wp\/v2\/product_cat?post=46665"},{"taxonomy":"product_tag","embeddable":true,"href":"https:\/\/gretasexylingerie.com\/sv\/wp-json\/wp\/v2\/product_tag?post=46665"}],"curies":[{"name":"wp","href":"https:\/\/api.w.org\/{rel}","templated":true}]}}