{"id":46644,"date":"2023-11-11T00:07:04","date_gmt":"2023-11-10T16:07:04","guid":{"rendered":"https:\/\/gretasexylingerie.com\/?post_type=product&#038;p=46644"},"modified":"2023-11-11T00:07:59","modified_gmt":"2023-11-10T16:07:59","slug":"grossist-sexig-halterneck-stringtrosa-bodystocking","status":"publish","type":"product","link":"https:\/\/gretasexylingerie.com\/sv\/products\/wholesale-sexy-halterneck-thong-bodystocking\/","title":{"rendered":"Partihandel Sexig Halterneck Strumpa Bodystocking"},"content":{"rendered":"<ol class=\"wp-block-list\">\n<li><strong>Sexig Halterneck Design<\/strong>Bodystrumpan har en halterneck-stil som framh\u00e4ver axlarna och ryggen, vilket ger en touch av elegans till detta v\u00e5gade plagg.<\/li>\n\n\n\n<li><strong>Ryggl\u00f6s elegans<\/strong>: Omfamna tjusningen med den ryggl\u00f6sa designen och ge en glimt av hud som s\u00e4kerligen kommer att f\u00e4ngsla och f\u00f6rtrolla.<\/li>\n\n\n\n<li><strong>String grenfunktion<\/strong>: Den h\u00e4r stringtrosan <strong>bodysuit med spetsn\u00e4t<\/strong> l\u00e4gger till ett extra lager av tjusning, vilket g\u00f6r det till ett dj\u00e4rvt val f\u00f6r de d\u00e4r speciella stunderna.<\/li>\n\n\n\n<li><strong>Skirt n\u00e4ttyg<\/strong>: Den h\u00e4r kroppsstrumpan \u00e4r tillverkad av rent n\u00e4tmaterial och \u00e4r b\u00e5de lockande och bekv\u00e4m, perfekt f\u00f6r l\u00e4ngre anv\u00e4ndning.<\/li>\n\n\n\n<li><strong>M\u00e5ngsidig och f\u00f6rf\u00f6risk<\/strong>: Oavsett om det \u00e4r f\u00f6r en romantisk kv\u00e4ll eller som ett v\u00e5gat underplagg, \u00e4r denna bodystocking tillr\u00e4ckligt m\u00e5ngsidig f\u00f6r att passa alla tillf\u00e4llen.<\/li>\n<\/ol>\n\n\n\n<p>Sl\u00e4pp loss din inre gudinna med v\u00e5r sexiga halterneck stringtrosa bodystocking. Detta uts\u00f6kta plagg \u00e4r ett m\u00e5ste f\u00f6r alla som vill l\u00e4gga till en touch av v\u00e5gad elegans till sin underkl\u00e4deskollektion. Best\u00e4ll nu och f\u00f6rbered dig p\u00e5 att bl\u00e4nda med varje steg du tar!<\/p>","protected":false},"excerpt":{"rendered":"<p>Uppt\u00e4ck tjusningen av v\u00e5r <strong>stringtrosa<\/strong>, en f\u00e4ngslande blandning av en sexig halterneck och en v\u00e5gad design utan rygg. Detta <strong>skir bodysuit med fiskn\u00e4t<\/strong> \u00e4r symbolen f\u00f6r f\u00f6rf\u00f6risk elegans, perfekt f\u00f6r dem som v\u00e5gar bara.<\/p>","protected":false},"featured_media":46652,"template":"","meta":[],"product_brand":[],"product_cat":[405,370,367,373,404,409],"product_tag":[],"class_list":{"0":"post-46644","1":"product","2":"type-product","3":"status-publish","4":"has-post-thumbnail","6":"product_cat-wholesale-bodystocking","7":"product_cat-bodysuit","8":"product_cat-sexy-lingerie","9":"product_cat-wholesale-sexy-mesh-bodysuit","10":"product_cat-sexy-stocking","11":"product_cat-wholesale-stocking-bodysuit","12":"pa_color-black","13":"pa_size-free","15":"first","16":"instock","17":"taxable","18":"shipping-taxable","19":"purchasable","20":"product-type-variable"},"tiered_pricing_type":"fixed","tiered_pricing_fixed_rules":[],"tiered_pricing_product_settings":{"layout":"default","base_unit_name":{"singular":null,"plural":null},"default_variation":{}},"tiered_pricing_minimum_quantity":null,"tiered_pricing_roles_data":[],"tiered_pricing_percentage_rules":[],"tiered_pricing_maximum_quantity":null,"tiered_pricing_quantity_step":null,"_links":{"self":[{"href":"https:\/\/gretasexylingerie.com\/sv\/wp-json\/wp\/v2\/product\/46644","targetHints":{"allow":["GET"]}}],"collection":[{"href":"https:\/\/gretasexylingerie.com\/sv\/wp-json\/wp\/v2\/product"}],"about":[{"href":"https:\/\/gretasexylingerie.com\/sv\/wp-json\/wp\/v2\/types\/product"}],"wp:featuredmedia":[{"embeddable":true,"href":"https:\/\/gretasexylingerie.com\/sv\/wp-json\/wp\/v2\/media\/46652"}],"wp:attachment":[{"href":"https:\/\/gretasexylingerie.com\/sv\/wp-json\/wp\/v2\/media?parent=46644"}],"wp:term":[{"taxonomy":"product_brand","embeddable":true,"href":"https:\/\/gretasexylingerie.com\/sv\/wp-json\/wp\/v2\/product_brand?post=46644"},{"taxonomy":"product_cat","embeddable":true,"href":"https:\/\/gretasexylingerie.com\/sv\/wp-json\/wp\/v2\/product_cat?post=46644"},{"taxonomy":"product_tag","embeddable":true,"href":"https:\/\/gretasexylingerie.com\/sv\/wp-json\/wp\/v2\/product_tag?post=46644"}],"curies":[{"name":"wp","href":"https:\/\/api.w.org\/{rel}","templated":true}]}}