{"id":46623,"date":"2023-11-10T23:29:20","date_gmt":"2023-11-10T15:29:20","guid":{"rendered":"https:\/\/gretasexylingerie.com\/?post_type=product&#038;p=46623"},"modified":"2023-11-10T23:35:05","modified_gmt":"2023-11-10T15:35:05","slug":"grossist-spets-halter-neck-bodystocking-bodysuit","status":"publish","type":"product","link":"https:\/\/gretasexylingerie.com\/sv\/products\/wholesale-lace-halter-neck-bodystocking-bodysuit\/","title":{"rendered":"Grossist Spets Halter Neck Bodystocking Body"},"content":{"rendered":"<ol class=\"wp-block-list\">\n<li><strong>Spets Halter Neck Design<\/strong>: Bodyn har en fantastisk <strong>grimstrumpa<\/strong> stil, gjord av intrikata spetsar som graci\u00f6st sveper runt halsen och erbjuder b\u00e5de sk\u00f6nhet och komfort.<\/li>\n\n\n\n<li><strong>Sexig stor ih\u00e5lig design<\/strong>: Omfamna konsten att f\u00f6rf\u00f6ra med bodyns stora ih\u00e5liga ytor, som lekfullt avsl\u00f6jar och d\u00f6ljer, vilket skapar en oemotst\u00e5ndlig visuell intrig.<\/li>\n\n\n\n<li><strong>Virkad kroppsstrumpa<\/strong>: De virkliknande detaljerna ger en touch av handgjord charm och blandar traditionella tekniker med modern sensualitet.<\/li>\n\n\n\n<li><strong>Kinky Appeal<\/strong>: Perfekt f\u00f6r dem som gillar lite kink, det h\u00e4r <strong>kinky kroppsstrumpa<\/strong> kommer s\u00e4kerligen att piffa upp alla intima tillf\u00e4llen.<\/li>\n\n\n\n<li><strong>M\u00e5ngsidig och bekv\u00e4m<\/strong>: \u00c4ven om den utstr\u00e5lar sex, \u00e4r den h\u00e4r bodyn ocks\u00e5 bekv\u00e4m f\u00f6r l\u00e5ngvarig anv\u00e4ndning, vilket g\u00f6r den till ett m\u00e5ngsidigt tillskott till din underkl\u00e4deskollektion.<\/li>\n<\/ol>\n\n\n\n<p>Dyk in i en v\u00e4rld av erotisk elegans med v\u00e5r bodysuit med spetshalshals. Oavsett om du letar efter att t\u00e4nda passion eller helt enkelt k\u00e4nner dig bemyndigad i din egen hud, \u00e4r detta stycke ett m\u00e5ste. V\u00e4nta inte med att f\u00f6rvandla dina intima stunder \u2013 l\u00e4gg till denna uts\u00f6kta bodysuit till din samling idag!<\/p>","protected":false},"excerpt":{"rendered":"<p>Sl\u00e4pp loss din inre f\u00f6rf\u00f6rare med v\u00e5r <strong>spets halter neck bodystocking<\/strong> kroppsdr\u00e4kt. Denna f\u00f6rtrollande smycke kombinerar tjusningen av delikat spets med en v\u00e5gat stor ih\u00e5lig design, perfekt f\u00f6r dem som \u00e4lskar att g\u00f6ra ett dj\u00e4rvt uttalande.<\/p>","protected":false},"featured_media":46634,"template":"","meta":[],"product_brand":[],"product_cat":[405,370,367,373,404,409],"product_tag":[],"class_list":{"0":"post-46623","1":"product","2":"type-product","3":"status-publish","4":"has-post-thumbnail","6":"product_cat-wholesale-bodystocking","7":"product_cat-bodysuit","8":"product_cat-sexy-lingerie","9":"product_cat-wholesale-sexy-mesh-bodysuit","10":"product_cat-sexy-stocking","11":"product_cat-wholesale-stocking-bodysuit","12":"pa_color-black","13":"pa_size-free","15":"first","16":"instock","17":"taxable","18":"shipping-taxable","19":"purchasable","20":"product-type-variable"},"tiered_pricing_type":"fixed","tiered_pricing_fixed_rules":[],"tiered_pricing_product_settings":{"layout":"default","base_unit_name":{"singular":null,"plural":null},"default_variation":{}},"tiered_pricing_minimum_quantity":null,"tiered_pricing_roles_data":[],"tiered_pricing_percentage_rules":[],"tiered_pricing_maximum_quantity":null,"tiered_pricing_quantity_step":null,"_links":{"self":[{"href":"https:\/\/gretasexylingerie.com\/sv\/wp-json\/wp\/v2\/product\/46623","targetHints":{"allow":["GET"]}}],"collection":[{"href":"https:\/\/gretasexylingerie.com\/sv\/wp-json\/wp\/v2\/product"}],"about":[{"href":"https:\/\/gretasexylingerie.com\/sv\/wp-json\/wp\/v2\/types\/product"}],"wp:featuredmedia":[{"embeddable":true,"href":"https:\/\/gretasexylingerie.com\/sv\/wp-json\/wp\/v2\/media\/46634"}],"wp:attachment":[{"href":"https:\/\/gretasexylingerie.com\/sv\/wp-json\/wp\/v2\/media?parent=46623"}],"wp:term":[{"taxonomy":"product_brand","embeddable":true,"href":"https:\/\/gretasexylingerie.com\/sv\/wp-json\/wp\/v2\/product_brand?post=46623"},{"taxonomy":"product_cat","embeddable":true,"href":"https:\/\/gretasexylingerie.com\/sv\/wp-json\/wp\/v2\/product_cat?post=46623"},{"taxonomy":"product_tag","embeddable":true,"href":"https:\/\/gretasexylingerie.com\/sv\/wp-json\/wp\/v2\/product_tag?post=46623"}],"curies":[{"name":"wp","href":"https:\/\/api.w.org\/{rel}","templated":true}]}}