{"id":46568,"date":"2023-11-09T00:39:30","date_gmt":"2023-11-08T16:39:30","guid":{"rendered":"https:\/\/gretasexylingerie.com\/?post_type=product&#038;p=46568"},"modified":"2023-11-09T00:40:25","modified_gmt":"2023-11-08T16:40:25","slug":"grossist-halter-neck-blommig-spets-bodystocking-bodysuit","status":"publish","type":"product","link":"https:\/\/gretasexylingerie.com\/sv\/products\/wholesale-halter-neck-floral-lace-bodystocking-bodysuit\/","title":{"rendered":"Grossist Halter Neck Blommig spets Bodystocking Body"},"content":{"rendered":"<ol class=\"wp-block-list\">\n<li><strong>Halter Neck Design<\/strong>: Halterneck-silhuetten p\u00e5 denna bodystocking-bodysuit erbjuder en lockande visning av axlar och rygg, samtidigt som den ger en bekv\u00e4m, justerbar passform.<\/li>\n\n\n\n<li><strong>Uts\u00f6kt Jacquard<\/strong>: Utsmyckad med intrikata jacquardm\u00f6nster, det h\u00e4r f\u00f6rem\u00e5let \u00e4r ett konstverk som l\u00e4gger till en touch av elegans till den provocerande designen av <strong>bodysuit med fiskn\u00e4t<\/strong>.<\/li>\n\n\n\n<li><strong>Sexig genomskinlig<\/strong>: Det skira tyget inbjuder till ett spel av avsl\u00f6ja och d\u00f6lja, retar fantasin och h\u00f6jer v\u00e4rmen i alla intima m\u00f6ten.<\/li>\n\n\n\n<li><strong>Blommig spetsdetaljer<\/strong>: Delikat blommig spets v\u00e4vs genom hela designen, erbjuder en romantisk kontrast till det dj\u00e4rva fiskn\u00e4tet och g\u00f6r det till ett <strong>varm<\/strong> val f\u00f6r speciella n\u00e4tter.<\/li>\n\n\n\n<li><strong>M\u00e5ngsidigt tilltalande<\/strong>: Perfekt f\u00f6r lager eller som frist\u00e5ende plagg, den h\u00e4r bodystrumpan \u00e4r lika m\u00e5ngsidig som den \u00e4r f\u00f6rf\u00f6risk, vilket s\u00e4kerst\u00e4ller att du \u00e4r i centrum f\u00f6r uppm\u00e4rksamheten.<\/li>\n<\/ol>\n\n\n\n<p>Kliv in i en v\u00e4rld d\u00e4r fantasi m\u00f6ter verklighet med v\u00e5r halter neck blommiga spets bodystocking. Det \u00e4r mer \u00e4n bara underkl\u00e4der; det \u00e4r en sj\u00e4lvf\u00f6rtroendeboost, ett uttalande, en hemlig kraft. V\u00e4nta inte med att f\u00f6rvandla dina intima stunder till of\u00f6rgl\u00f6mliga minnen. L\u00e4gg till denna uts\u00f6kta pj\u00e4s till din samling idag och l\u00e5t din tjusning skina igenom.<\/p>","protected":false},"excerpt":{"rendered":"<p>Omfamna tjusningen av v\u00e5r <strong>halter neck bodystocking<\/strong>, en fascinerande blandning av blommig spets och fiskn\u00e4t som lovar att f\u00e4ngsla. Denna bodysuit \u00e4r ett bevis p\u00e5 frestelsens konst, skapad f\u00f6r dem som uppskattar de finare detaljerna i sin intima kl\u00e4dsel.<\/p>","protected":false},"featured_media":46578,"template":"","meta":[],"product_brand":[],"product_cat":[405,404,409],"product_tag":[],"class_list":{"0":"post-46568","1":"product","2":"type-product","3":"status-publish","4":"has-post-thumbnail","6":"product_cat-wholesale-bodystocking","7":"product_cat-sexy-stocking","8":"product_cat-wholesale-stocking-bodysuit","9":"pa_color-black","10":"pa_size-free","12":"first","13":"instock","14":"taxable","15":"shipping-taxable","16":"purchasable","17":"product-type-variable"},"tiered_pricing_type":"fixed","tiered_pricing_fixed_rules":[],"tiered_pricing_product_settings":{"layout":"default","base_unit_name":{"singular":null,"plural":null},"default_variation":{}},"tiered_pricing_minimum_quantity":null,"tiered_pricing_roles_data":[],"tiered_pricing_percentage_rules":[],"tiered_pricing_maximum_quantity":null,"tiered_pricing_quantity_step":null,"_links":{"self":[{"href":"https:\/\/gretasexylingerie.com\/sv\/wp-json\/wp\/v2\/product\/46568","targetHints":{"allow":["GET"]}}],"collection":[{"href":"https:\/\/gretasexylingerie.com\/sv\/wp-json\/wp\/v2\/product"}],"about":[{"href":"https:\/\/gretasexylingerie.com\/sv\/wp-json\/wp\/v2\/types\/product"}],"wp:featuredmedia":[{"embeddable":true,"href":"https:\/\/gretasexylingerie.com\/sv\/wp-json\/wp\/v2\/media\/46578"}],"wp:attachment":[{"href":"https:\/\/gretasexylingerie.com\/sv\/wp-json\/wp\/v2\/media?parent=46568"}],"wp:term":[{"taxonomy":"product_brand","embeddable":true,"href":"https:\/\/gretasexylingerie.com\/sv\/wp-json\/wp\/v2\/product_brand?post=46568"},{"taxonomy":"product_cat","embeddable":true,"href":"https:\/\/gretasexylingerie.com\/sv\/wp-json\/wp\/v2\/product_cat?post=46568"},{"taxonomy":"product_tag","embeddable":true,"href":"https:\/\/gretasexylingerie.com\/sv\/wp-json\/wp\/v2\/product_tag?post=46568"}],"curies":[{"name":"wp","href":"https:\/\/api.w.org\/{rel}","templated":true}]}}