{"id":46559,"date":"2023-11-09T00:23:49","date_gmt":"2023-11-08T16:23:49","guid":{"rendered":"https:\/\/gretasexylingerie.com\/?post_type=product&#038;p=46559"},"modified":"2023-11-09T00:25:19","modified_gmt":"2023-11-08T16:25:19","slug":"axelbandslos-korsett-bodystocking-set-i-grossistledet","status":"publish","type":"product","link":"https:\/\/gretasexylingerie.com\/sv\/products\/wholesale-strapless-corset-bodystocking-set\/","title":{"rendered":"Grossist axelbandsl\u00f6s korsett Bodystocking Set"},"content":{"rendered":"<ol class=\"wp-block-list\">\n<li><strong>Axelbandsl\u00f6s n\u00e4tkorsett<\/strong>: Den axelbandsl\u00f6sa designen p\u00e5 korsettkroppsstrumpan accentuerar axlarna och halsen, medan n\u00e4tm\u00f6nstret l\u00e4gger till ett lager av intriger och sofistikering.<\/li>\n\n\n\n<li><strong>Multi-Strip Trosa<\/strong>: Ett komplement till korsetten \u00e4r en trosa med flera remsor som erbjuder en lekfull men \u00e4nd\u00e5 elegant tilltalande, vilket s\u00e4kerst\u00e4ller att din <strong>kroppsstrumpa underkl\u00e4der<\/strong> \u00e4r allt annat \u00e4n vanligt.<\/li>\n\n\n\n<li><strong>Uts\u00f6kt hantverk<\/strong>: Varje del i detta set \u00e4r tillverkad med uppm\u00e4rksamhet p\u00e5 detaljer, vilket s\u00e4kerst\u00e4ller inte bara ett fantastiskt utseende utan ocks\u00e5 en bekv\u00e4m passform som r\u00f6r sig med din kropp.<\/li>\n\n\n\n<li><strong>Of\u00f6rgl\u00f6mlig stil<\/strong>: Oavsett om det \u00e4r f\u00f6r ett speciellt tillf\u00e4lle eller f\u00f6r att ge lite krydda till dina intima kl\u00e4der, \u00e4r detta bodystocking-set med korsett designat f\u00f6r att g\u00f6ra ett minnesv\u00e4rt uttalande.<\/li>\n\n\n\n<li><strong>M\u00e5ngsidig och smickrande<\/strong>: Setet \u00e4r m\u00e5ngsidigt nog att b\u00e4ras under kl\u00e4derna f\u00f6r en \u00f6verraskningsavsl\u00f6jande eller som ett frist\u00e5ende plagg som hyllar din figur i all sin glans.<\/li>\n<\/ol>\n\n\n\n<p>Sl\u00e4pp l\u00f6s din inre vixen med v\u00e5rt axelbandsl\u00f6sa korsett bodystocking-set, en kombination av tjusning och komfort som s\u00e4kerligen kommer att t\u00e4nda passion. Perfekt f\u00f6r dem som v\u00e5gar blotta och omfamna sin sensualitet, detta set \u00e4r ett m\u00e5ste-tillskott till din intima samling. Handla nu och omdefiniera vad det inneb\u00e4r att vara oemotst\u00e5ndlig du.<\/p>","protected":false},"excerpt":{"rendered":"<p>Dyk in i f\u00f6rf\u00f6relsens v\u00e5gade v\u00e4rld med v\u00e5r <strong>bodystocking set<\/strong>, en provocerande ensemble som inkluderar en axelbandsl\u00f6s n\u00e4tkorsett och en trosa med flera remsor. Detta set \u00e4r symbolen f\u00f6r dj\u00e4rvt sovrumsmode, som blandar klassisk tjusning med en modern twist.<\/p>","protected":false},"featured_media":46567,"template":"","meta":[],"product_brand":[],"product_cat":[405,924,404],"product_tag":[],"class_list":{"0":"post-46559","1":"product","2":"type-product","3":"status-publish","4":"has-post-thumbnail","6":"product_cat-wholesale-bodystocking","7":"product_cat-wholesale-bodystocking-sets","8":"product_cat-sexy-stocking","9":"pa_color-black","10":"pa_size-free","12":"first","13":"instock","14":"taxable","15":"shipping-taxable","16":"purchasable","17":"product-type-variable"},"tiered_pricing_type":"fixed","tiered_pricing_fixed_rules":[],"tiered_pricing_product_settings":{"layout":"default","base_unit_name":{"singular":null,"plural":null},"default_variation":{}},"tiered_pricing_minimum_quantity":null,"tiered_pricing_roles_data":[],"tiered_pricing_percentage_rules":[],"tiered_pricing_maximum_quantity":null,"tiered_pricing_quantity_step":null,"_links":{"self":[{"href":"https:\/\/gretasexylingerie.com\/sv\/wp-json\/wp\/v2\/product\/46559","targetHints":{"allow":["GET"]}}],"collection":[{"href":"https:\/\/gretasexylingerie.com\/sv\/wp-json\/wp\/v2\/product"}],"about":[{"href":"https:\/\/gretasexylingerie.com\/sv\/wp-json\/wp\/v2\/types\/product"}],"wp:featuredmedia":[{"embeddable":true,"href":"https:\/\/gretasexylingerie.com\/sv\/wp-json\/wp\/v2\/media\/46567"}],"wp:attachment":[{"href":"https:\/\/gretasexylingerie.com\/sv\/wp-json\/wp\/v2\/media?parent=46559"}],"wp:term":[{"taxonomy":"product_brand","embeddable":true,"href":"https:\/\/gretasexylingerie.com\/sv\/wp-json\/wp\/v2\/product_brand?post=46559"},{"taxonomy":"product_cat","embeddable":true,"href":"https:\/\/gretasexylingerie.com\/sv\/wp-json\/wp\/v2\/product_cat?post=46559"},{"taxonomy":"product_tag","embeddable":true,"href":"https:\/\/gretasexylingerie.com\/sv\/wp-json\/wp\/v2\/product_tag?post=46559"}],"curies":[{"name":"wp","href":"https:\/\/api.w.org\/{rel}","templated":true}]}}