{"id":46548,"date":"2023-11-08T21:40:53","date_gmt":"2023-11-08T13:40:53","guid":{"rendered":"https:\/\/gretasexylingerie.com\/?post_type=product&#038;p=46548"},"modified":"2023-11-09T00:19:00","modified_gmt":"2023-11-08T16:19:00","slug":"grossist-rygglos-mesh-bodystrumpa","status":"publish","type":"product","link":"https:\/\/gretasexylingerie.com\/sv\/products\/wholesale-backless-mesh-bodysuit-stocking\/","title":{"rendered":"Grossist ryggl\u00f6s Mesh Bodysuit strumpa"},"content":{"rendered":"<ol class=\"wp-block-list\">\n<li><strong>Sl\u00e5ende ryggl\u00f6s design<\/strong>: Omfamna tjusningen av det ov\u00e4ntade med en bodysuit som har ett f\u00e4ngslande ryggl\u00f6st snitt, s\u00e5 att alla \u00f6gon \u00e4r p\u00e5 dig.<\/li>\n\n\n\n<li><strong>Kroppsformande kontur<\/strong>: V\u00e5rt <strong>kroppsformande n\u00e4tstrumpbyxor<\/strong> \u00e4r konstruerade f\u00f6r att f\u00f6rb\u00e4ttra dina naturliga kurvor och erbjuder b\u00e5de st\u00f6d och en touch av mystik med sin rena tjusning.<\/li>\n\n\n\n<li><strong>Transparent elegans<\/strong>: Den breda och enkla strukturen f\u00f6rh\u00f6js av sitt ih\u00e5liga, transparenta material, vilket m\u00f6jligg\u00f6r en v\u00e5gad visning av huden under det eleganta n\u00e4tet.<\/li>\n\n\n\n<li><strong>Rave-Ready Style<\/strong>: Perfekt f\u00f6r en utekv\u00e4ll eller en festival, det h\u00e4r <strong>svart mesh rave outfit<\/strong> kommer s\u00e4kerligen att v\u00e4nda huvudet och s\u00e4tta tonen f\u00f6r en of\u00f6rgl\u00f6mlig upplevelse.<\/li>\n\n\n\n<li><strong>Bekv\u00e4m och m\u00e5ngsidig<\/strong>: \u00c4ven om den h\u00e4r kroppsstrumpan \u00e4r dj\u00e4rv i designen, kompromissar den inte med komforten, vilket g\u00f6r den till ett m\u00e5ngsidigt plagg f\u00f6r olika tillf\u00e4llen, fr\u00e5n intima sammankomster till h\u00f6genergievenemang.<\/li>\n<\/ol>\n\n\n\n<p>Stig in i rampljuset med v\u00e5r ryggl\u00f6sa mesh-bodystocking, ett plagg som lovar att forma, visa upp och bed\u00f6va. Oavsett om det \u00e4r f\u00f6r ett rave eller ett romantiskt m\u00f6te, \u00e4r denna bodystrumpa din biljett till en oemotst\u00e5ndlig look. Lyft din garderob med detta m\u00e5ste-objekt och l\u00e5t ditt sj\u00e4lvf\u00f6rtroende skina igenom.<\/p>","protected":false},"excerpt":{"rendered":"<p>Avsl\u00f6ja ett dj\u00e4rvt uttalande med v\u00e5r <strong>ryggl\u00f6s bodystocking<\/strong>, en blandning av enkelhet och sensualitet. Denna bodystrumpa \u00e4r designad f\u00f6r att skulptera och fira din siluett, med en bred, ih\u00e5lig och transparent struktur som p\u00e5 ett lockande s\u00e4tt avsl\u00f6jar midjan och ryggen.<\/p>","protected":false},"featured_media":46558,"template":"","meta":[],"product_brand":[],"product_cat":[405,370,367,373,404,409],"product_tag":[],"class_list":{"0":"post-46548","1":"product","2":"type-product","3":"status-publish","4":"has-post-thumbnail","6":"product_cat-wholesale-bodystocking","7":"product_cat-bodysuit","8":"product_cat-sexy-lingerie","9":"product_cat-wholesale-sexy-mesh-bodysuit","10":"product_cat-sexy-stocking","11":"product_cat-wholesale-stocking-bodysuit","12":"pa_color-black","13":"pa_size-free","15":"first","16":"instock","17":"taxable","18":"shipping-taxable","19":"purchasable","20":"product-type-variable"},"tiered_pricing_type":"fixed","tiered_pricing_fixed_rules":[],"tiered_pricing_product_settings":{"layout":"default","base_unit_name":{"singular":null,"plural":null},"default_variation":{}},"tiered_pricing_minimum_quantity":null,"tiered_pricing_roles_data":[],"tiered_pricing_percentage_rules":[],"tiered_pricing_maximum_quantity":null,"tiered_pricing_quantity_step":null,"_links":{"self":[{"href":"https:\/\/gretasexylingerie.com\/sv\/wp-json\/wp\/v2\/product\/46548","targetHints":{"allow":["GET"]}}],"collection":[{"href":"https:\/\/gretasexylingerie.com\/sv\/wp-json\/wp\/v2\/product"}],"about":[{"href":"https:\/\/gretasexylingerie.com\/sv\/wp-json\/wp\/v2\/types\/product"}],"wp:featuredmedia":[{"embeddable":true,"href":"https:\/\/gretasexylingerie.com\/sv\/wp-json\/wp\/v2\/media\/46558"}],"wp:attachment":[{"href":"https:\/\/gretasexylingerie.com\/sv\/wp-json\/wp\/v2\/media?parent=46548"}],"wp:term":[{"taxonomy":"product_brand","embeddable":true,"href":"https:\/\/gretasexylingerie.com\/sv\/wp-json\/wp\/v2\/product_brand?post=46548"},{"taxonomy":"product_cat","embeddable":true,"href":"https:\/\/gretasexylingerie.com\/sv\/wp-json\/wp\/v2\/product_cat?post=46548"},{"taxonomy":"product_tag","embeddable":true,"href":"https:\/\/gretasexylingerie.com\/sv\/wp-json\/wp\/v2\/product_tag?post=46548"}],"curies":[{"name":"wp","href":"https:\/\/api.w.org\/{rel}","templated":true}]}}