{"id":46526,"date":"2023-11-07T00:36:03","date_gmt":"2023-11-06T16:36:03","guid":{"rendered":"https:\/\/gretasexylingerie.com\/?post_type=product&#038;p=46526"},"modified":"2023-11-07T21:56:24","modified_gmt":"2023-11-07T13:56:24","slug":"grossist-utsokt-grimma-full-bodystocking","status":"publish","type":"product","link":"https:\/\/gretasexylingerie.com\/sv\/products\/wholesale-exquisite-halter-full-bodystocking\/","title":{"rendered":"Grossist uts\u00f6kt Halter Helkroppsstrump"},"content":{"rendered":"<ol class=\"wp-block-list\">\n<li><strong>Elegant Halter Neck<\/strong>: Halterneck-designen p\u00e5 denna bodystocking ger inte bara en tidl\u00f6s look utan s\u00e4kerst\u00e4ller ocks\u00e5 en bekv\u00e4m passform som accentuerar halsen och axlarna.<\/li>\n\n\n\n<li><strong>Uts\u00f6kt Jacquarddetaljer<\/strong>: Intrikata jacquardm\u00f6nster v\u00e4vs \u00f6ver kroppsstrumpan och erbjuder en lyxig textur och visuellt intresse som f\u00e4ngslar och charmar.<\/li>\n\n\n\n<li><strong>Lockande n\u00e4tstrumpbyxor<\/strong>: Det klassiska n\u00e4tstrumpbyxelementet l\u00e4gger till en dj\u00e4rv och sensuell dimension till bodystockingen, vilket g\u00f6r den till ett m\u00e5ngsidigt tillskott till din underkl\u00e4deskollektion.<\/li>\n\n\n\n<li><strong>V\u00e5gad \u00f6ppen gren<\/strong>: Designad f\u00f6r dem som omfamnar sin sensualitet, den \u00f6ppna grenen bjuder in ett element av \u00f6verraskning och sp\u00e4nning i dina intima stunder.<\/li>\n\n\n\n<li><strong>Ren helkroppst\u00e4ckning<\/strong>: Som en <strong>ren helkroppsstrumpa<\/strong>, den ger en oavbruten kontur som smickrar varje kurva och erbjuder en s\u00f6ml\u00f6s och provocerande visning av kroppen.<\/li>\n<\/ol>\n\n\n\n<p>Uppt\u00e4ck tjusningen med v\u00e5r uts\u00f6kta grimma helkroppsstrump, d\u00e4r sk\u00f6nhet och lust fl\u00e4tas samman. Perfekt f\u00f6r de d\u00e4r speciella kv\u00e4llarna eller som ett dj\u00e4rvt underplagg, det \u00e4r dags att f\u00e4ngsla och locka. V\u00e4nta inte med att l\u00e4gga till detta fantastiska plagg till din samling \u2013 upplev det ultimata inom f\u00f6rf\u00f6riska underkl\u00e4der idag.<\/p>","protected":false},"excerpt":{"rendered":"<p>Kliv in i en sofistikerad v\u00e4rld med v\u00e5r <strong>helkroppsn\u00e4tstrumpa<\/strong>. Tillverkad med en lockande halsringning och utsmyckad med uts\u00f6kta jacquarddetaljer, denna bodystocking i ett stycke \u00e4r ett m\u00e4sterverk av design, som blandar elegans med en touch av v\u00e5ghalsighet genom sin \u00f6ppna grenfunktion.<\/p>","protected":false},"featured_media":46539,"template":"","meta":[],"product_brand":[],"product_cat":[405,407,404],"product_tag":[],"class_list":{"0":"post-46526","1":"product","2":"type-product","3":"status-publish","4":"has-post-thumbnail","6":"product_cat-wholesale-bodystocking","7":"product_cat-wholesale-full-body-stocking","8":"product_cat-sexy-stocking","9":"pa_color-black","10":"pa_size-free","12":"first","13":"instock","14":"taxable","15":"shipping-taxable","16":"purchasable","17":"product-type-variable"},"tiered_pricing_type":"fixed","tiered_pricing_fixed_rules":[],"tiered_pricing_product_settings":{"layout":"default","base_unit_name":{"singular":null,"plural":null},"default_variation":null},"tiered_pricing_minimum_quantity":null,"tiered_pricing_roles_data":[],"tiered_pricing_percentage_rules":[],"tiered_pricing_maximum_quantity":null,"tiered_pricing_quantity_step":null,"_links":{"self":[{"href":"https:\/\/gretasexylingerie.com\/sv\/wp-json\/wp\/v2\/product\/46526","targetHints":{"allow":["GET"]}}],"collection":[{"href":"https:\/\/gretasexylingerie.com\/sv\/wp-json\/wp\/v2\/product"}],"about":[{"href":"https:\/\/gretasexylingerie.com\/sv\/wp-json\/wp\/v2\/types\/product"}],"wp:featuredmedia":[{"embeddable":true,"href":"https:\/\/gretasexylingerie.com\/sv\/wp-json\/wp\/v2\/media\/46539"}],"wp:attachment":[{"href":"https:\/\/gretasexylingerie.com\/sv\/wp-json\/wp\/v2\/media?parent=46526"}],"wp:term":[{"taxonomy":"product_brand","embeddable":true,"href":"https:\/\/gretasexylingerie.com\/sv\/wp-json\/wp\/v2\/product_brand?post=46526"},{"taxonomy":"product_cat","embeddable":true,"href":"https:\/\/gretasexylingerie.com\/sv\/wp-json\/wp\/v2\/product_cat?post=46526"},{"taxonomy":"product_tag","embeddable":true,"href":"https:\/\/gretasexylingerie.com\/sv\/wp-json\/wp\/v2\/product_tag?post=46526"}],"curies":[{"name":"wp","href":"https:\/\/api.w.org\/{rel}","templated":true}]}}