{"id":46514,"date":"2023-11-07T00:06:58","date_gmt":"2023-11-06T16:06:58","guid":{"rendered":"https:\/\/gretasexylingerie.com\/?post_type=product&#038;p=46514"},"modified":"2023-11-07T00:09:13","modified_gmt":"2023-11-06T16:09:13","slug":"grossist-ren-grimma-helkroppsstrumpa","status":"publish","type":"product","link":"https:\/\/gretasexylingerie.com\/sv\/products\/wholesale-sheer-halter-full-bodystocking\/","title":{"rendered":"Grossist Sheer Halter Full Bodystocking"},"content":{"rendered":"<ol class=\"wp-block-list\">\n<li><strong>Charmig fluga detalj<\/strong>: Den \u00f6mt\u00e5liga flugan p\u00e5 br\u00f6stet ger en lekfull touch till bodystockingen, vilket skapar en fantastisk kontaktpunkt.<\/li>\n\n\n\n<li><strong>F\u00f6rf\u00f6risk Halter Neck<\/strong>: Omfamna tjusningen med halterneck-designen, som erbjuder b\u00e5de st\u00f6d och en lockande visning av axlar och rygg.<\/li>\n\n\n\n<li><strong>Djupt V Jacquard-m\u00f6nster<\/strong>: Det djupa V-snittet, utsmyckat med intrikat jacquard, drar ner \u00f6gat och f\u00f6rst\u00e4rker din naturliga siluett med sin figursmickrande design.<\/li>\n\n\n\n<li><strong>Ren Fishnet Allure<\/strong>: Det skira n\u00e4tmaterialet omsluter din kropp i en sl\u00f6ja av mystik och l\u00e4mnar precis tillr\u00e4ckligt \u00e5t fantasin samtidigt som du framh\u00e4ver din form.<\/li>\n\n\n\n<li><strong>Helkropps elegans<\/strong>: Som en <strong>ren helkroppsstrumpa<\/strong>, ger den en s\u00f6ml\u00f6s look fr\u00e5n topp till t\u00e5, perfekt f\u00f6r lager eller som ett dj\u00e4rvt statement.<\/li>\n<\/ol>\n\n\n\n<p>Kliv in i en v\u00e4rld av elegans och tjusning med v\u00e5r rena grimma helkroppsstrump. Perfekt f\u00f6r dem som v\u00e5gar bl\u00e4nda, detta plagg \u00e4r ett m\u00e5ste f\u00f6r din intima kl\u00e4dkollektion. Lyft din kv\u00e4ll till en of\u00f6rgl\u00f6mlig upplevelse med denna uts\u00f6kta bodystocking. Handla nu och omfamna symbolen f\u00f6r f\u00f6rf\u00f6relse.<\/p>","protected":false},"excerpt":{"rendered":"<p>Avsl\u00f6ja din inre f\u00f6rf\u00f6rare med v\u00e5r <strong>helkroppsn\u00e4tstrumpa<\/strong>. Denna lockande bodystocking i ett stycke har en ih\u00e5lig br\u00f6stkorg med en charmig fluga-anslutning, en halter-neck-design och ett djupt V-jacquardm\u00f6nster som faller \u00f6ver dina kurvor i ett genomskinligt fisken\u00e4t.<\/p>","protected":false},"featured_media":46521,"template":"","meta":[],"product_brand":[],"product_cat":[405,407,404],"product_tag":[],"class_list":{"0":"post-46514","1":"product","2":"type-product","3":"status-publish","4":"has-post-thumbnail","6":"product_cat-wholesale-bodystocking","7":"product_cat-wholesale-full-body-stocking","8":"product_cat-sexy-stocking","9":"pa_color-black","10":"pa_size-free","12":"first","13":"instock","14":"taxable","15":"shipping-taxable","16":"purchasable","17":"product-type-variable"},"tiered_pricing_type":"fixed","tiered_pricing_fixed_rules":[],"tiered_pricing_product_settings":{"layout":"default","base_unit_name":{"singular":null,"plural":null},"default_variation":{}},"tiered_pricing_minimum_quantity":null,"tiered_pricing_roles_data":[],"tiered_pricing_percentage_rules":[],"tiered_pricing_maximum_quantity":null,"tiered_pricing_quantity_step":null,"_links":{"self":[{"href":"https:\/\/gretasexylingerie.com\/sv\/wp-json\/wp\/v2\/product\/46514","targetHints":{"allow":["GET"]}}],"collection":[{"href":"https:\/\/gretasexylingerie.com\/sv\/wp-json\/wp\/v2\/product"}],"about":[{"href":"https:\/\/gretasexylingerie.com\/sv\/wp-json\/wp\/v2\/types\/product"}],"wp:featuredmedia":[{"embeddable":true,"href":"https:\/\/gretasexylingerie.com\/sv\/wp-json\/wp\/v2\/media\/46521"}],"wp:attachment":[{"href":"https:\/\/gretasexylingerie.com\/sv\/wp-json\/wp\/v2\/media?parent=46514"}],"wp:term":[{"taxonomy":"product_brand","embeddable":true,"href":"https:\/\/gretasexylingerie.com\/sv\/wp-json\/wp\/v2\/product_brand?post=46514"},{"taxonomy":"product_cat","embeddable":true,"href":"https:\/\/gretasexylingerie.com\/sv\/wp-json\/wp\/v2\/product_cat?post=46514"},{"taxonomy":"product_tag","embeddable":true,"href":"https:\/\/gretasexylingerie.com\/sv\/wp-json\/wp\/v2\/product_tag?post=46514"}],"curies":[{"name":"wp","href":"https:\/\/api.w.org\/{rel}","templated":true}]}}