{"id":46493,"date":"2023-11-06T23:23:12","date_gmt":"2023-11-06T15:23:12","guid":{"rendered":"https:\/\/gretasexylingerie.com\/?post_type=product&#038;p=46493"},"modified":"2023-11-06T23:24:28","modified_gmt":"2023-11-06T15:24:28","slug":"grossist-cupless-jacquard-bodystocking","status":"publish","type":"product","link":"https:\/\/gretasexylingerie.com\/sv\/products\/wholesale-cupless-jacquard-bodystocking\/","title":{"rendered":"Partihandel Cupless Jacquard Bodystocking"},"content":{"rendered":"<ol class=\"wp-block-list\">\n<li><strong>V\u00e5gad koppl\u00f6s design<\/strong>: V\u00e5r bodystocking tar tjusningen till nya h\u00f6jder med sin no-cup-funktion, som inbjuder till en dj\u00e4rv och sj\u00e4lvs\u00e4ker uppvisning av sk\u00f6nhet.<\/li>\n\n\n\n<li><strong>Sensuell \u00f6ppen gren<\/strong>: Tillverkad f\u00f6r bekv\u00e4mlighet och f\u00f6rf\u00f6relse ger den \u00f6ppna grendesignen en provocerande kant till din intima kl\u00e4dsel.<\/li>\n\n\n\n<li><strong>Uts\u00f6kt Jacquarddetaljer<\/strong>: Den intrikata jacquardv\u00e4ven p\u00e5 denna bodystocking ger en touch av sofistikering till det skira, <strong>sexiga genomskinliga kroppsstrumpor<\/strong>.<\/li>\n\n\n\n<li><strong>Klassisk Fishnet Allure<\/strong>: Omfamna fiskn\u00e4tets tidl\u00f6sa tilltalande och ge en lockande glimt av vad som finns under.<\/li>\n\n\n\n<li><strong>\u00d6ppen rygg Elegance<\/strong>: V\u00e4nd dig om f\u00f6r att avsl\u00f6ja en \u00f6ppen rygg som faller ner till ryggraden, vilket s\u00e4kerst\u00e4ller att du ser fantastisk ut fr\u00e5n alla vinklar.<\/li>\n<\/ol>\n\n\n\n<p>Upplev det ultimata uttrycket i f\u00f6rf\u00f6relse med v\u00e5r koppl\u00f6sa jacquard-bodystocking. Perfekt f\u00f6r de \u00f6gonblick d\u00e5 du vill k\u00e4nna dig or\u00e4dd och oemotst\u00e5ndlig, den h\u00e4r biten \u00e4r ett m\u00e5ste f\u00f6r din intima samling. Handla nu och omdefiniera sensualitet.<\/p>","protected":false},"excerpt":{"rendered":"<p>Sl\u00e4pp loss din inre frestare med v\u00e5r <strong>koppl\u00f6s kroppsstrumpa<\/strong>. Denna v\u00e5gade pj\u00e4s har en \u00f6ppen gren och en \u00f6ppen ryggdesign, tillverkad med uts\u00f6kta jacquardm\u00f6nster p\u00e5 klassiska <strong>n\u00e4tstrumpbyxor<\/strong>. Det \u00e4r den perfekta blandningen av dj\u00e4rvhet och intrikata sk\u00f6nhet f\u00f6r dem som v\u00e5gar bara.<\/p>","protected":false},"featured_media":46502,"template":"","meta":[],"product_brand":[],"product_cat":[405,407,404],"product_tag":[],"class_list":{"0":"post-46493","1":"product","2":"type-product","3":"status-publish","4":"has-post-thumbnail","6":"product_cat-wholesale-bodystocking","7":"product_cat-wholesale-full-body-stocking","8":"product_cat-sexy-stocking","9":"pa_color-black","10":"pa_size-free","12":"first","13":"instock","14":"taxable","15":"shipping-taxable","16":"purchasable","17":"product-type-variable"},"tiered_pricing_type":"fixed","tiered_pricing_fixed_rules":[],"tiered_pricing_product_settings":{"layout":"default","base_unit_name":{"singular":null,"plural":null},"default_variation":{}},"tiered_pricing_minimum_quantity":null,"tiered_pricing_roles_data":[],"tiered_pricing_percentage_rules":[],"tiered_pricing_maximum_quantity":null,"tiered_pricing_quantity_step":null,"_links":{"self":[{"href":"https:\/\/gretasexylingerie.com\/sv\/wp-json\/wp\/v2\/product\/46493","targetHints":{"allow":["GET"]}}],"collection":[{"href":"https:\/\/gretasexylingerie.com\/sv\/wp-json\/wp\/v2\/product"}],"about":[{"href":"https:\/\/gretasexylingerie.com\/sv\/wp-json\/wp\/v2\/types\/product"}],"wp:featuredmedia":[{"embeddable":true,"href":"https:\/\/gretasexylingerie.com\/sv\/wp-json\/wp\/v2\/media\/46502"}],"wp:attachment":[{"href":"https:\/\/gretasexylingerie.com\/sv\/wp-json\/wp\/v2\/media?parent=46493"}],"wp:term":[{"taxonomy":"product_brand","embeddable":true,"href":"https:\/\/gretasexylingerie.com\/sv\/wp-json\/wp\/v2\/product_brand?post=46493"},{"taxonomy":"product_cat","embeddable":true,"href":"https:\/\/gretasexylingerie.com\/sv\/wp-json\/wp\/v2\/product_cat?post=46493"},{"taxonomy":"product_tag","embeddable":true,"href":"https:\/\/gretasexylingerie.com\/sv\/wp-json\/wp\/v2\/product_tag?post=46493"}],"curies":[{"name":"wp","href":"https:\/\/api.w.org\/{rel}","templated":true}]}}