{"id":46484,"date":"2023-11-06T22:49:27","date_gmt":"2023-11-06T14:49:27","guid":{"rendered":"https:\/\/gretasexylingerie.com\/?post_type=product&#038;p=46484"},"modified":"2023-11-06T22:52:54","modified_gmt":"2023-11-06T14:52:54","slug":"grossist-utsokt-fisknat-bodystocking-underklader","status":"publish","type":"product","link":"https:\/\/gretasexylingerie.com\/sv\/products\/wholesale-exquisite-fishnet-bodystocking-lingerie\/","title":{"rendered":"Grossist uts\u00f6kta Fishnet Bodystocking underkl\u00e4der"},"content":{"rendered":"<ol class=\"wp-block-list\">\n<li><strong>Deep V Seduction<\/strong>: Det djupa V-snittet kastar sig v\u00e5gat f\u00f6r att avsl\u00f6ja precis tillr\u00e4ckligt, vilket skapar en oemotst\u00e5ndlig fokuspunkt som f\u00e4ngslar och lockar.<\/li>\n\n\n\n<li><strong>Chic rund halsringning<\/strong>: Den runda halsen balanserar dj\u00e4rvheten och erbjuder en klassisk touch, vilket g\u00f6r denna bodystocking till ett m\u00e5ngsidigt val f\u00f6r olika tillf\u00e4llen.<\/li>\n\n\n\n<li><strong>Uts\u00f6kt Jacquarddetaljer<\/strong>: Intrikata jacquardm\u00f6nster v\u00e4vs genom hela bodystockingen, vilket ger djup och elegans till det lockande fisken\u00e4tet.<\/li>\n\n\n\n<li><strong>Klassisk Fishnet Appeal<\/strong>: Omfamna fiskn\u00e4tets tidl\u00f6sa sexighet med denna kroppsstrumpa som hyllar sk\u00f6nheten i den kvinnliga formen.<\/li>\n\n\n\n<li><strong>Helkroppsomfamning<\/strong>: V\u00e5r bodystocking kramar varje kurva och erbjuder en s\u00f6ml\u00f6s siluett som k\u00e4nns lika bra som den ser ut.<\/li>\n<\/ol>\n\n\n\n<p>Kliv in i en v\u00e4rld av tjusning med v\u00e5ra kroppsunderkl\u00e4der f\u00f6r fiskn\u00e4t. Oavsett om det \u00e4r f\u00f6r en speciell utekv\u00e4ll eller en v\u00e5gad utekv\u00e4ll, lovar detta stycke att f\u00e5 dig att k\u00e4nna dig kraftfull och oemotst\u00e5ndlig. Omfamna din sensualitet och l\u00e4gg till denna uts\u00f6kta pj\u00e4s till din samling idag.<\/p>","protected":false},"excerpt":{"rendered":"<p>Uppt\u00e4ck det ultimata inom f\u00f6rf\u00f6risk elegans med v\u00e5r <strong>fishnet bodystocking underkl\u00e4der<\/strong>. Med ett ih\u00e5ligt djupt V och rund hals, \u00e4r det h\u00e4r stycket utsmyckat med uts\u00f6kt jacquarddetaljer som kombinerar tjusningen av <strong>n\u00e4ttights f\u00f6r hela kroppen<\/strong> med sofistikeringen av en tidl\u00f6s design.<\/p>","protected":false},"featured_media":46492,"template":"","meta":[],"product_brand":[],"product_cat":[405,404,410],"product_tag":[],"class_list":{"0":"post-46484","1":"product","2":"type-product","3":"status-publish","4":"has-post-thumbnail","6":"product_cat-wholesale-bodystocking","7":"product_cat-sexy-stocking","8":"product_cat-wholesale-suspender-bodystocking","9":"pa_color-black","10":"pa_size-free","12":"first","13":"instock","14":"taxable","15":"shipping-taxable","16":"purchasable","17":"product-type-variable"},"tiered_pricing_type":"fixed","tiered_pricing_fixed_rules":[],"tiered_pricing_product_settings":{"layout":"default","base_unit_name":{"singular":null,"plural":null},"default_variation":{}},"tiered_pricing_minimum_quantity":null,"tiered_pricing_roles_data":[],"tiered_pricing_percentage_rules":[],"tiered_pricing_maximum_quantity":null,"tiered_pricing_quantity_step":null,"_links":{"self":[{"href":"https:\/\/gretasexylingerie.com\/sv\/wp-json\/wp\/v2\/product\/46484","targetHints":{"allow":["GET"]}}],"collection":[{"href":"https:\/\/gretasexylingerie.com\/sv\/wp-json\/wp\/v2\/product"}],"about":[{"href":"https:\/\/gretasexylingerie.com\/sv\/wp-json\/wp\/v2\/types\/product"}],"wp:featuredmedia":[{"embeddable":true,"href":"https:\/\/gretasexylingerie.com\/sv\/wp-json\/wp\/v2\/media\/46492"}],"wp:attachment":[{"href":"https:\/\/gretasexylingerie.com\/sv\/wp-json\/wp\/v2\/media?parent=46484"}],"wp:term":[{"taxonomy":"product_brand","embeddable":true,"href":"https:\/\/gretasexylingerie.com\/sv\/wp-json\/wp\/v2\/product_brand?post=46484"},{"taxonomy":"product_cat","embeddable":true,"href":"https:\/\/gretasexylingerie.com\/sv\/wp-json\/wp\/v2\/product_cat?post=46484"},{"taxonomy":"product_tag","embeddable":true,"href":"https:\/\/gretasexylingerie.com\/sv\/wp-json\/wp\/v2\/product_tag?post=46484"}],"curies":[{"name":"wp","href":"https:\/\/api.w.org\/{rel}","templated":true}]}}