{"id":46454,"date":"2023-11-03T23:53:41","date_gmt":"2023-11-03T15:53:41","guid":{"rendered":"https:\/\/gretasexylingerie.com\/?post_type=product&#038;p=46454"},"modified":"2023-11-03T23:53:54","modified_gmt":"2023-11-03T15:53:54","slug":"grossist-helkroppshangstrumpa-med-djup-v","status":"publish","type":"product","link":"https:\/\/gretasexylingerie.com\/sv\/products\/wholesale-full-body-suspender-stocking-with-deep-v\/","title":{"rendered":"H\u00e4ngselstrumpa med djup V"},"content":{"rendered":"<ol class=\"wp-block-list\">\n<li><strong>Uts\u00f6kt Jacquarddetaljer<\/strong>: De intrikata m\u00f6nstren som \u00e4r inv\u00e4vda i denna strumpa \u00e4r ett bevis p\u00e5 dess f\u00f6rstklassiga hantverk, och erbjuder en touch av sofistikering till din underkl\u00e4deskollektion.<\/li>\n\n\n\n<li><strong>Genomskinligt fisken\u00e4t<\/strong>: Tillverkat f\u00f6r dem som v\u00e5gar reta och locka, det genomskinliga fiskn\u00e4tet ger en lockande glimt av vad som finns under.<\/li>\n\n\n\n<li><strong>Deep V Plunge<\/strong>: Designad f\u00f6r att dra \u00f6gat och accentuera dina kurvor, den djupa V-ringningen \u00e4r b\u00e5de dj\u00e4rv och vacker.<\/li>\n\n\n\n<li><strong>\u00d6ppen rygg Elegance<\/strong>: V\u00e4nd dig om f\u00f6r att avsl\u00f6ja den fantastiska \u00f6ppna baksidan, en funktion som lovar att l\u00e4mna ett best\u00e5ende intryck.<\/li>\n\n\n\n<li><strong>Bodystocking i hel nylon<\/strong>: Upplev den andra hudens k\u00e4nsla av hel nylon, som erbjuder b\u00e5de komfort och lockelse n\u00e4r den omsluter varje kurva.<\/li>\n<\/ol>\n\n\n\n<p>Dyk ner i beg\u00e4rets djup med v\u00e5r helkroppsh\u00e4ngstrumpa. Oavsett om det \u00e4r det konstiga avsl\u00f6jandet av det djupa V eller smekningen av ren nylon, utlovar det h\u00e4r stycket en kv\u00e4ll av elegans och sp\u00e4nning. V\u00e4nta inte med att lyfta din boudoarkl\u00e4dsel \u2013 njut av det ultimata uttrycket av f\u00f6rf\u00f6relse idag.<\/p>","protected":false},"excerpt":{"rendered":"<p>Omfamna tjusningen av v\u00e5r <strong>skira strumpbyxor f\u00f6r hela kroppen<\/strong>, ett m\u00e4sterverk av f\u00f6rf\u00f6relse med sitt genomskinliga fisken\u00e4t och uts\u00f6kta jacquarddetaljer. Den runda halsen och djupa V-doppningen, i kombination med en \u00f6ppen rygg, g\u00f6r detta <strong>strumpeband kroppsstrumpa<\/strong> ett f\u00e4ngslande val f\u00f6r alla intima tillf\u00e4llen.<\/p>","protected":false},"featured_media":46463,"template":"","meta":[],"product_brand":[],"product_cat":[405,404,410],"product_tag":[],"class_list":{"0":"post-46454","1":"product","2":"type-product","3":"status-publish","4":"has-post-thumbnail","6":"product_cat-wholesale-bodystocking","7":"product_cat-sexy-stocking","8":"product_cat-wholesale-suspender-bodystocking","9":"pa_color-black","10":"pa_size-free","12":"first","13":"instock","14":"taxable","15":"shipping-taxable","16":"purchasable","17":"product-type-variable"},"tiered_pricing_type":"fixed","tiered_pricing_fixed_rules":[],"tiered_pricing_product_settings":{"layout":"default","base_unit_name":{"singular":null,"plural":null},"default_variation":null},"tiered_pricing_minimum_quantity":null,"tiered_pricing_roles_data":[],"tiered_pricing_percentage_rules":[],"tiered_pricing_maximum_quantity":null,"tiered_pricing_quantity_step":null,"_links":{"self":[{"href":"https:\/\/gretasexylingerie.com\/sv\/wp-json\/wp\/v2\/product\/46454","targetHints":{"allow":["GET"]}}],"collection":[{"href":"https:\/\/gretasexylingerie.com\/sv\/wp-json\/wp\/v2\/product"}],"about":[{"href":"https:\/\/gretasexylingerie.com\/sv\/wp-json\/wp\/v2\/types\/product"}],"wp:featuredmedia":[{"embeddable":true,"href":"https:\/\/gretasexylingerie.com\/sv\/wp-json\/wp\/v2\/media\/46463"}],"wp:attachment":[{"href":"https:\/\/gretasexylingerie.com\/sv\/wp-json\/wp\/v2\/media?parent=46454"}],"wp:term":[{"taxonomy":"product_brand","embeddable":true,"href":"https:\/\/gretasexylingerie.com\/sv\/wp-json\/wp\/v2\/product_brand?post=46454"},{"taxonomy":"product_cat","embeddable":true,"href":"https:\/\/gretasexylingerie.com\/sv\/wp-json\/wp\/v2\/product_cat?post=46454"},{"taxonomy":"product_tag","embeddable":true,"href":"https:\/\/gretasexylingerie.com\/sv\/wp-json\/wp\/v2\/product_tag?post=46454"}],"curies":[{"name":"wp","href":"https:\/\/api.w.org\/{rel}","templated":true}]}}