{"id":46444,"date":"2023-11-03T23:18:00","date_gmt":"2023-11-03T15:18:00","guid":{"rendered":"https:\/\/gretasexylingerie.com\/?post_type=product&#038;p=46444"},"modified":"2023-11-03T23:20:04","modified_gmt":"2023-11-03T15:20:04","slug":"grossist-fjaril-en-axel-helkroppsstrumpa","status":"publish","type":"product","link":"https:\/\/gretasexylingerie.com\/sv\/products\/wholesale-butterfly-one-shoulder-full-body-stocking\/","title":{"rendered":"Grossist Butterfly One-Soulder Helkroppsstrumpa"},"content":{"rendered":"<ol class=\"wp-block-list\">\n<li><strong>Fj\u00e4rilsm\u00f6nster<\/strong>: Graci\u00f6st och elegant, fj\u00e4rilsmotivet ger en nyckfull touch till denna f\u00f6rf\u00f6riska <strong>helkroppsbody med fiskn\u00e4t<\/strong>.<\/li>\n\n\n\n<li><strong>Design med en axel<\/strong>: Asymmetri m\u00f6ter tjusning med en-axelsk\u00e4rningen, som erbjuder en modern twist p\u00e5 klassiska underkl\u00e4der.<\/li>\n\n\n\n<li><strong>Genomskinligt fisken\u00e4t<\/strong>: Det rena materialet inbjuder till ett spel kurrag\u00f6mma, antyder vad som ligger under utan att avsl\u00f6ja allt.<\/li>\n\n\n\n<li><strong>\u00d6ppen grenbekv\u00e4mlighet<\/strong>: Den \u00f6ppna grendesignen f\u00f6renar praktiskt med n\u00f6je och s\u00e4kerst\u00e4ller att du \u00e4r redo f\u00f6r intima stunder utan att tveka.<\/li>\n\n\n\n<li><strong>Helkroppsomfamning<\/strong>: Det h\u00e4r <strong>helkroppsstrumpa<\/strong> konturer efter varje kurva och lovar en natt av oh\u00e4mmad passion och stil.<\/li>\n<\/ol>\n\n\n\n<p>Kliv in i en v\u00e4rld av fantasi med v\u00e5r fj\u00e4rilsm\u00f6nstrade helkroppsstrumpa med en axel. Det \u00e4r mer \u00e4n underkl\u00e4der; det \u00e4r en ink\u00f6rsport till din egen hemliga tr\u00e4dg\u00e5rd av beg\u00e4r. \u00d6verl\u00e4mna dig till tjusningen \u2013 best\u00e4ll nu och f\u00f6rvandla en vanlig natt till en ber\u00e4ttelse om f\u00f6rf\u00f6relse.<\/p>","protected":false},"excerpt":{"rendered":"<p>Uppt\u00e4ck v\u00e5r f\u00f6rtrollande tjusning <strong>kroppsstrumpa i ett stycke<\/strong>, prydd med ett delikat fj\u00e4rilsm\u00f6nster. Denna enaxlade, genomskinliga n\u00e4tbody med en \u00f6ppen grendesign f\u00f6renar dj\u00e4rvhet med sk\u00f6nhet.<\/p>","protected":false},"featured_media":46452,"template":"","meta":[],"product_brand":[],"product_cat":[405,407,404],"product_tag":[],"class_list":{"0":"post-46444","1":"product","2":"type-product","3":"status-publish","4":"has-post-thumbnail","6":"product_cat-wholesale-bodystocking","7":"product_cat-wholesale-full-body-stocking","8":"product_cat-sexy-stocking","9":"pa_color-black","10":"pa_size-free","12":"first","13":"instock","14":"taxable","15":"shipping-taxable","16":"purchasable","17":"product-type-variable"},"tiered_pricing_type":"fixed","tiered_pricing_fixed_rules":[],"tiered_pricing_product_settings":{"layout":"default","base_unit_name":{"singular":null,"plural":null},"default_variation":{}},"tiered_pricing_minimum_quantity":null,"tiered_pricing_roles_data":[],"tiered_pricing_percentage_rules":[],"tiered_pricing_maximum_quantity":null,"tiered_pricing_quantity_step":null,"_links":{"self":[{"href":"https:\/\/gretasexylingerie.com\/sv\/wp-json\/wp\/v2\/product\/46444","targetHints":{"allow":["GET"]}}],"collection":[{"href":"https:\/\/gretasexylingerie.com\/sv\/wp-json\/wp\/v2\/product"}],"about":[{"href":"https:\/\/gretasexylingerie.com\/sv\/wp-json\/wp\/v2\/types\/product"}],"wp:featuredmedia":[{"embeddable":true,"href":"https:\/\/gretasexylingerie.com\/sv\/wp-json\/wp\/v2\/media\/46452"}],"wp:attachment":[{"href":"https:\/\/gretasexylingerie.com\/sv\/wp-json\/wp\/v2\/media?parent=46444"}],"wp:term":[{"taxonomy":"product_brand","embeddable":true,"href":"https:\/\/gretasexylingerie.com\/sv\/wp-json\/wp\/v2\/product_brand?post=46444"},{"taxonomy":"product_cat","embeddable":true,"href":"https:\/\/gretasexylingerie.com\/sv\/wp-json\/wp\/v2\/product_cat?post=46444"},{"taxonomy":"product_tag","embeddable":true,"href":"https:\/\/gretasexylingerie.com\/sv\/wp-json\/wp\/v2\/product_tag?post=46444"}],"curies":[{"name":"wp","href":"https:\/\/api.w.org\/{rel}","templated":true}]}}