{"id":46425,"date":"2023-11-02T00:13:21","date_gmt":"2023-11-01T16:13:21","guid":{"rendered":"https:\/\/gretasexylingerie.com\/?post_type=product&#038;p=46425"},"modified":"2023-11-02T00:14:21","modified_gmt":"2023-11-01T16:14:21","slug":"grossist-skir-bodystocking-med-off-axel-design","status":"publish","type":"product","link":"https:\/\/gretasexylingerie.com\/sv\/products\/wholesale-sheer-bodystocking-with-off-the-shoulder-design\/","title":{"rendered":"Grossist Sheer Bodystocking med Off-the-Soulder Design"},"content":{"rendered":"<ol class=\"wp-block-list\">\n<li><strong>L\u00e5nga \u00e4rmar<\/strong>: De hell\u00e5nga \u00e4rmarna ger en touch av elegans, vilket g\u00f6r den h\u00e4r bodystrumpan l\u00e4mplig f\u00f6r olika tillf\u00e4llen.<\/li>\n\n\n\n<li><strong>Off-the-Soulder Design<\/strong>: Visa upp ditt nyckelben och axlar med den h\u00e4r kvava designen som f\u00f6rst\u00e4rker den \u00f6vergripande attraktionskraften <strong>bodystocking i mesh<\/strong>.<\/li>\n\n\n\n<li><strong>Genomskinlig sensualitet<\/strong>: Det genomskinliga materialet lovar en lockande glimt av din siluett, vilket s\u00e4kerst\u00e4ller att du k\u00e4nner dig s\u00e4ker och lockande.<\/li>\n\n\n\n<li><strong>Strategiska utsk\u00e4rningar<\/strong>: Placerade f\u00f6r att accentuera dina kurvor, utsk\u00e4rningarna l\u00e4gger till ett element av \u00f6verraskning till detta <strong>n\u00e4tdr\u00e4kt f\u00f6r hela kroppen<\/strong>.<\/li>\n\n\n\n<li><strong>Material av h\u00f6g kvalitet<\/strong>: V\u00e5r bodystocking \u00e4r tillverkad med omsorg och lovar b\u00e5de komfort och h\u00e5llbarhet, vilket s\u00e4kerst\u00e4ller att du m\u00e5r lika bra som du ser ut.<\/li>\n<\/ol>\n\n\n\n<p>Kliv in i en v\u00e4rld av elegans och f\u00f6rf\u00f6relse med v\u00e5r off-the-shoulder bodystocking. Dess unika design och strategiska utsk\u00e4rningar lovar att g\u00f6ra dig till kv\u00e4llens stj\u00e4rna. V\u00e4nta inte \u2013 omfamna din inre diva idag!<\/p>","protected":false},"excerpt":{"rendered":"<p>Uppt\u00e4ck tjusningen av v\u00e5r <strong>ren bodystocking<\/strong>. Designat med l\u00e5nga \u00e4rmar, en off-shoulder-stil och f\u00f6rf\u00f6riska utsk\u00e4rningar, \u00e4r detta genomskinliga m\u00e4sterverk en symbol f\u00f6r sensualitet.<\/p>","protected":false},"featured_media":46431,"template":"","meta":[],"product_brand":[],"product_cat":[405,404,410],"product_tag":[],"class_list":{"0":"post-46425","1":"product","2":"type-product","3":"status-publish","4":"has-post-thumbnail","6":"product_cat-wholesale-bodystocking","7":"product_cat-sexy-stocking","8":"product_cat-wholesale-suspender-bodystocking","9":"pa_color-black","10":"pa_size-free","12":"first","13":"instock","14":"taxable","15":"shipping-taxable","16":"purchasable","17":"product-type-variable"},"tiered_pricing_type":"fixed","tiered_pricing_fixed_rules":[],"tiered_pricing_product_settings":{"layout":"default","base_unit_name":{"singular":null,"plural":null},"default_variation":{}},"tiered_pricing_minimum_quantity":null,"tiered_pricing_roles_data":[],"tiered_pricing_percentage_rules":[],"tiered_pricing_maximum_quantity":null,"tiered_pricing_quantity_step":null,"_links":{"self":[{"href":"https:\/\/gretasexylingerie.com\/sv\/wp-json\/wp\/v2\/product\/46425","targetHints":{"allow":["GET"]}}],"collection":[{"href":"https:\/\/gretasexylingerie.com\/sv\/wp-json\/wp\/v2\/product"}],"about":[{"href":"https:\/\/gretasexylingerie.com\/sv\/wp-json\/wp\/v2\/types\/product"}],"wp:featuredmedia":[{"embeddable":true,"href":"https:\/\/gretasexylingerie.com\/sv\/wp-json\/wp\/v2\/media\/46431"}],"wp:attachment":[{"href":"https:\/\/gretasexylingerie.com\/sv\/wp-json\/wp\/v2\/media?parent=46425"}],"wp:term":[{"taxonomy":"product_brand","embeddable":true,"href":"https:\/\/gretasexylingerie.com\/sv\/wp-json\/wp\/v2\/product_brand?post=46425"},{"taxonomy":"product_cat","embeddable":true,"href":"https:\/\/gretasexylingerie.com\/sv\/wp-json\/wp\/v2\/product_cat?post=46425"},{"taxonomy":"product_tag","embeddable":true,"href":"https:\/\/gretasexylingerie.com\/sv\/wp-json\/wp\/v2\/product_tag?post=46425"}],"curies":[{"name":"wp","href":"https:\/\/api.w.org\/{rel}","templated":true}]}}