{"id":46396,"date":"2023-11-01T23:09:28","date_gmt":"2023-11-01T15:09:28","guid":{"rendered":"https:\/\/gretasexylingerie.com\/?post_type=product&#038;p=46396"},"modified":"2023-11-01T23:10:30","modified_gmt":"2023-11-01T15:10:30","slug":"grossist-sexig-natkroppsdrakt-med-rygglos-design","status":"publish","type":"product","link":"https:\/\/gretasexylingerie.com\/sv\/products\/wholesale-sexy-fishnet-body-suit-with-backless-design\/","title":{"rendered":"Sexig Fishnet Body Suit i grossistledet med ryggl\u00f6s design"},"content":{"rendered":"<ol class=\"wp-block-list\">\n<li><strong>Midjel\u00f6s design<\/strong>: Den unika midjefria sk\u00e4rningen accentuerar dina kurvor och erbjuder en smickrande siluett som s\u00e4kerligen kommer att v\u00e4nda huvudet.<\/li>\n\n\n\n<li><strong>Sexig genomskinlig look<\/strong>: Tillverkad med skirt material, detta <strong>sexig svart bodystocking<\/strong> erbjuder en lockande peek-a-boo-effekt, vilket g\u00f6r den till ett m\u00e5ste f\u00f6r de speciella kv\u00e4llarna.<\/li>\n\n\n\n<li><strong>Ryggl\u00f6s funktion<\/strong>: Det fantastiska <strong>ryggl\u00f6s bodystocking<\/strong> designen l\u00e4gger till ett element av \u00f6verraskning, vilket s\u00e4kerst\u00e4ller att du l\u00e4mnar ett best\u00e5ende intryck.<\/li>\n\n\n\n<li><strong>Material av h\u00f6g kvalitet<\/strong>: Tillverkad av f\u00f6rstklassigt, t\u00f6jbart tyg, s\u00e4kerst\u00e4ller v\u00e5r kroppsstrumpa en \u00e5tsittande passform samtidigt som den ger h\u00f6gsta komfort.<\/li>\n\n\n\n<li><strong>Perfekt f\u00f6r alla tillf\u00e4llen<\/strong>: Oavsett om det \u00e4r en romantisk kv\u00e4ll, en fest eller bara en utekv\u00e4ll, \u00e4r denna bodystrumpa m\u00e5ngsidig nog f\u00f6r att lyfta vilken outfit som helst.<\/li>\n<\/ol>\n\n\n\n<p>Dyk in i en v\u00e4rld av sensualitet och elegans med v\u00e5r ryggl\u00f6sa n\u00e4tbody. Dess f\u00e4ngslande design och oklanderliga detaljer lovar att g\u00f6ra dig till kv\u00e4llens stj\u00e4rna. Omfamna din inre diva och best\u00e4ll din idag!<\/p>","protected":false},"excerpt":{"rendered":"<p>Avsl\u00f6ja din kvava sida med v\u00e5r <strong>sexig n\u00e4tdress<\/strong>. Designad med en midjel\u00f6s och ryggl\u00f6s funktion, denna bodystrumpa \u00e4r den perfekta blandningen av lockelse och sofistikering.<\/p>","protected":false},"featured_media":46404,"template":"","meta":[],"product_brand":[],"product_cat":[405,404,409],"product_tag":[],"class_list":{"0":"post-46396","1":"product","2":"type-product","3":"status-publish","4":"has-post-thumbnail","6":"product_cat-wholesale-bodystocking","7":"product_cat-sexy-stocking","8":"product_cat-wholesale-stocking-bodysuit","9":"pa_color-black","10":"pa_size-free","12":"first","13":"instock","14":"taxable","15":"shipping-taxable","16":"purchasable","17":"product-type-variable"},"tiered_pricing_type":"fixed","tiered_pricing_fixed_rules":[],"tiered_pricing_product_settings":{"layout":"default","base_unit_name":{"singular":null,"plural":null},"default_variation":{}},"tiered_pricing_minimum_quantity":null,"tiered_pricing_roles_data":[],"tiered_pricing_percentage_rules":[],"tiered_pricing_maximum_quantity":null,"tiered_pricing_quantity_step":null,"_links":{"self":[{"href":"https:\/\/gretasexylingerie.com\/sv\/wp-json\/wp\/v2\/product\/46396","targetHints":{"allow":["GET"]}}],"collection":[{"href":"https:\/\/gretasexylingerie.com\/sv\/wp-json\/wp\/v2\/product"}],"about":[{"href":"https:\/\/gretasexylingerie.com\/sv\/wp-json\/wp\/v2\/types\/product"}],"wp:featuredmedia":[{"embeddable":true,"href":"https:\/\/gretasexylingerie.com\/sv\/wp-json\/wp\/v2\/media\/46404"}],"wp:attachment":[{"href":"https:\/\/gretasexylingerie.com\/sv\/wp-json\/wp\/v2\/media?parent=46396"}],"wp:term":[{"taxonomy":"product_brand","embeddable":true,"href":"https:\/\/gretasexylingerie.com\/sv\/wp-json\/wp\/v2\/product_brand?post=46396"},{"taxonomy":"product_cat","embeddable":true,"href":"https:\/\/gretasexylingerie.com\/sv\/wp-json\/wp\/v2\/product_cat?post=46396"},{"taxonomy":"product_tag","embeddable":true,"href":"https:\/\/gretasexylingerie.com\/sv\/wp-json\/wp\/v2\/product_tag?post=46396"}],"curies":[{"name":"wp","href":"https:\/\/api.w.org\/{rel}","templated":true}]}}