{"id":46387,"date":"2023-11-01T22:54:54","date_gmt":"2023-11-01T14:54:54","guid":{"rendered":"https:\/\/gretasexylingerie.com\/?post_type=product&#038;p=46387"},"modified":"2023-11-01T22:56:14","modified_gmt":"2023-11-01T14:56:14","slug":"grossist-bodysuit-for-kvinnor-med-gnistrande-strass","status":"publish","type":"product","link":"https:\/\/gretasexylingerie.com\/sv\/products\/wholesale-womens-fishnet-bodysuit-with-sparkling-rhinestone\/","title":{"rendered":"Fiskn\u00e4tsbody f\u00f6r kvinnor i grossistledet med gnistrande strass"},"content":{"rendered":"<ol class=\"wp-block-list\">\n<li><strong>Glittrande Rhinestones<\/strong>: Varje body \u00e4r utsmyckad med bl\u00e4ndande strass, ger en touch av lyx och f\u00e5r dig att gl\u00e4nsa i varje milj\u00f6.<\/li>\n\n\n\n<li><strong>L\u00e5ng\u00e4rmad design<\/strong>: Tillverkad med en <strong>fishnet bodysuit l\u00e5ng \u00e4rm<\/strong> design, den erbjuder en perfekt balans mellan lockelse och elegans, l\u00e4mplig f\u00f6r olika tillf\u00e4llen.<\/li>\n\n\n\n<li><strong>Randigt m\u00f6nster<\/strong>: Den unika randiga designen l\u00e4gger till djup och dimension till bodyn, vilket s\u00e4kerst\u00e4ller att du sticker ut fr\u00e5n m\u00e4ngden.<\/li>\n\n\n\n<li><strong>Material av h\u00f6g kvalitet<\/strong>: V\u00e5r bodysuit \u00e4r tillverkad av premiummaterial och \u00e4r mjuk, t\u00f6jbar och s\u00e4kerst\u00e4ller en bekv\u00e4m passform, vilket g\u00f6r att du kan b\u00e4ra den under l\u00e4ngre perioder.<\/li>\n\n\n\n<li><strong>M\u00e5ngsidigt slitage<\/strong>: Oavsett om det kombineras med en kjol, jeans eller b\u00e4rs som en <strong>rhinestone fishnets outfit<\/strong>, den h\u00e4r bodyn \u00e4r tillr\u00e4ckligt m\u00e5ngsidig f\u00f6r att komplettera vilken look som helst.<\/li>\n<\/ol>\n\n\n\n<p>Kliv in i en v\u00e4rld av lyx och elegans med v\u00e5r strass-utsmyckade n\u00e4tbody. Dess unika design och oklanderliga hantverk lovar att g\u00f6ra dig i centrum f\u00f6r uppm\u00e4rksamheten. L\u00e4gg till detta m\u00e4sterverk till din samling och gl\u00e4ns som aldrig f\u00f6rr!<\/p>","protected":false},"excerpt":{"rendered":"<p>Lyft din stil med v\u00e5r fantastiska <strong>bodysuit med fiskn\u00e4t f\u00f6r kvinnor<\/strong>. Prydd med gnistrande strass och med l\u00e5nga \u00e4rmar med randig design, \u00e4r den h\u00e4r bodyn en symbol f\u00f6r glamour och sofistikering.<\/p>","protected":false},"featured_media":46395,"template":"","meta":[],"product_brand":[],"product_cat":[405,408,404,409],"product_tag":[],"class_list":{"0":"post-46387","1":"product","2":"type-product","3":"status-publish","4":"has-post-thumbnail","6":"product_cat-wholesale-bodystocking","7":"product_cat-wholesale-rhinestone-bodystocking","8":"product_cat-sexy-stocking","9":"product_cat-wholesale-stocking-bodysuit","10":"pa_color-black","11":"pa_size-free","13":"first","14":"instock","15":"taxable","16":"shipping-taxable","17":"purchasable","18":"product-type-variable"},"tiered_pricing_type":"fixed","tiered_pricing_fixed_rules":[],"tiered_pricing_product_settings":{"layout":"default","base_unit_name":{"singular":null,"plural":null},"default_variation":{}},"tiered_pricing_minimum_quantity":null,"tiered_pricing_roles_data":[],"tiered_pricing_percentage_rules":[],"tiered_pricing_maximum_quantity":null,"tiered_pricing_quantity_step":null,"_links":{"self":[{"href":"https:\/\/gretasexylingerie.com\/sv\/wp-json\/wp\/v2\/product\/46387","targetHints":{"allow":["GET"]}}],"collection":[{"href":"https:\/\/gretasexylingerie.com\/sv\/wp-json\/wp\/v2\/product"}],"about":[{"href":"https:\/\/gretasexylingerie.com\/sv\/wp-json\/wp\/v2\/types\/product"}],"wp:featuredmedia":[{"embeddable":true,"href":"https:\/\/gretasexylingerie.com\/sv\/wp-json\/wp\/v2\/media\/46395"}],"wp:attachment":[{"href":"https:\/\/gretasexylingerie.com\/sv\/wp-json\/wp\/v2\/media?parent=46387"}],"wp:term":[{"taxonomy":"product_brand","embeddable":true,"href":"https:\/\/gretasexylingerie.com\/sv\/wp-json\/wp\/v2\/product_brand?post=46387"},{"taxonomy":"product_cat","embeddable":true,"href":"https:\/\/gretasexylingerie.com\/sv\/wp-json\/wp\/v2\/product_cat?post=46387"},{"taxonomy":"product_tag","embeddable":true,"href":"https:\/\/gretasexylingerie.com\/sv\/wp-json\/wp\/v2\/product_tag?post=46387"}],"curies":[{"name":"wp","href":"https:\/\/api.w.org\/{rel}","templated":true}]}}