{"id":46377,"date":"2023-11-01T22:39:39","date_gmt":"2023-11-01T14:39:39","guid":{"rendered":"https:\/\/gretasexylingerie.com\/?post_type=product&#038;p=46377"},"modified":"2023-11-01T23:02:54","modified_gmt":"2023-11-01T15:02:54","slug":"bodystocking-klanning-i-grossistledet-med-sexig-ihalig-design","status":"publish","type":"product","link":"https:\/\/gretasexylingerie.com\/sv\/products\/wholesale-off-the-shoulder-bodystocking-dress-with-sexy-hollow-design\/","title":{"rendered":"Off-the-houlder Bodystocking-kl\u00e4nning i grossistledet med sexig ih\u00e5lig design"},"content":{"rendered":"<ol class=\"wp-block-list\">\n<li><strong>Off-the-Soulder Design<\/strong>: Den runda axeldesignen erbjuder en klassisk och tidl\u00f6s look, vilket s\u00e4kerst\u00e4ller att du sticker ut med elegans och stil i v\u00e5r <strong>n\u00e4tunderkl\u00e4der kl\u00e4nning<\/strong>.<\/li>\n\n\n\n<li><strong>Sexiga ih\u00e5liga m\u00f6nster<\/strong>: Intrikat designad med ett unikt ih\u00e5ligt m\u00f6nster, den h\u00e4r kl\u00e4nningen f\u00e5ngar essensen av f\u00f6rf\u00f6relse och mystik, som p\u00e5minner om en <strong>spindeln\u00e4t kroppsstrumpa<\/strong>.<\/li>\n\n\n\n<li><strong>H\u00f6ftt\u00e4ckande kort kjol<\/strong>: Den extra korta kjolen ger ett extra lager av lockelse, perfekt komplement till den \u00f6vergripande designen och f\u00f6rst\u00e4rker din siluett.<\/li>\n\n\n\n<li><strong>Komfort och passform<\/strong>: Tillverkad av t\u00f6jbara och andningsbara material, v\u00e5r bodystocking-kl\u00e4nning lovar en bekv\u00e4m passform, s\u00e5 att du kan r\u00f6ra dig med l\u00e4tthet och sj\u00e4lvf\u00f6rtroende.<\/li>\n\n\n\n<li><strong>M\u00e5ngsidigt slitage<\/strong>: Oavsett om det \u00e4r f\u00f6r en speciell kv\u00e4ll eller bara f\u00f6r att ge lite krydda till din underkl\u00e4deskollektion, \u00e4r den h\u00e4r kl\u00e4nningen m\u00e5ngsidig nog f\u00f6r alla tillf\u00e4llen.<\/li>\n<\/ol>\n\n\n\n<p>Dyk in i en v\u00e4rld av elegans och sensualitet med v\u00e5r off-the-shoulder bodystocking kl\u00e4nning. Dess unika design och oklanderliga detaljer lovar att l\u00e4mna ett of\u00f6rgl\u00f6mligt intryck. Missa inte det; h\u00f6j ditt underkl\u00e4desspel idag!<\/p>","protected":false},"excerpt":{"rendered":"<p>Vi presenterar v\u00e5r f\u00e4ngslande <strong>off shoulder n\u00e4tkl\u00e4nning<\/strong>, utformad f\u00f6r att g\u00f6ra ett uttalande. Med sin runda axeldesign, kvava ih\u00e5liga m\u00f6nster och en h\u00f6ft-t\u00e4ckande kort kjol \u00e4r denna bodystocking-kl\u00e4nning den perfekta blandningen av elegans och lockelse.<\/p>","protected":false},"featured_media":46386,"template":"","meta":[],"product_brand":[],"product_cat":[405,406,404],"product_tag":[],"class_list":{"0":"post-46377","1":"product","2":"type-product","3":"status-publish","4":"has-post-thumbnail","6":"product_cat-wholesale-bodystocking","7":"product_cat-wholesale-fishnet-dress","8":"product_cat-sexy-stocking","9":"pa_color-black","10":"pa_size-free","12":"first","13":"instock","14":"taxable","15":"shipping-taxable","16":"purchasable","17":"product-type-variable"},"tiered_pricing_type":"fixed","tiered_pricing_fixed_rules":[],"tiered_pricing_product_settings":{"layout":"default","base_unit_name":{"singular":null,"plural":null},"default_variation":{}},"tiered_pricing_minimum_quantity":null,"tiered_pricing_roles_data":[],"tiered_pricing_percentage_rules":[],"tiered_pricing_maximum_quantity":null,"tiered_pricing_quantity_step":null,"_links":{"self":[{"href":"https:\/\/gretasexylingerie.com\/sv\/wp-json\/wp\/v2\/product\/46377","targetHints":{"allow":["GET"]}}],"collection":[{"href":"https:\/\/gretasexylingerie.com\/sv\/wp-json\/wp\/v2\/product"}],"about":[{"href":"https:\/\/gretasexylingerie.com\/sv\/wp-json\/wp\/v2\/types\/product"}],"wp:featuredmedia":[{"embeddable":true,"href":"https:\/\/gretasexylingerie.com\/sv\/wp-json\/wp\/v2\/media\/46386"}],"wp:attachment":[{"href":"https:\/\/gretasexylingerie.com\/sv\/wp-json\/wp\/v2\/media?parent=46377"}],"wp:term":[{"taxonomy":"product_brand","embeddable":true,"href":"https:\/\/gretasexylingerie.com\/sv\/wp-json\/wp\/v2\/product_brand?post=46377"},{"taxonomy":"product_cat","embeddable":true,"href":"https:\/\/gretasexylingerie.com\/sv\/wp-json\/wp\/v2\/product_cat?post=46377"},{"taxonomy":"product_tag","embeddable":true,"href":"https:\/\/gretasexylingerie.com\/sv\/wp-json\/wp\/v2\/product_tag?post=46377"}],"curies":[{"name":"wp","href":"https:\/\/api.w.org\/{rel}","templated":true}]}}