{"id":46367,"date":"2023-11-01T22:09:05","date_gmt":"2023-11-01T14:09:05","guid":{"rendered":"https:\/\/gretasexylingerie.com\/?post_type=product&#038;p=46367"},"modified":"2023-11-01T22:10:21","modified_gmt":"2023-11-01T14:10:21","slug":"grossist-en-axel-hangslen-bodystocking-med-jacquard","status":"publish","type":"product","link":"https:\/\/gretasexylingerie.com\/sv\/products\/wholesale-one-shoulder-suspender-bodystocking-with-jacquard\/","title":{"rendered":"Grossist One Shoulder Suspender Bodystocking med Jacquard"},"content":{"rendered":"<ol class=\"wp-block-list\">\n<li><strong>Design med en axel<\/strong>: V\u00e5rt <strong>en axelstrumpa<\/strong> erbjuder en modern och chic look, som skiljer dig fr\u00e5n resten. Den korta \u00e4rmen ger en touch av sofistikering till den \u00f6vergripande designen.<\/li>\n\n\n\n<li><strong>Svart n\u00e4tmaterial<\/strong>: Tillverkad av premium svart mesh, ger denna bodystocking en lockande titt p\u00e5 vad som finns under, vilket s\u00e4kerst\u00e4ller att du ser och k\u00e4nner dig oemotst\u00e5ndlig.<\/li>\n\n\n\n<li><strong>Ih\u00e5liga Jacquarddetaljer<\/strong>: Det intrikata ih\u00e5liga jacquardm\u00f6nstret \u00e4r inte bara visuellt fantastiskt utan ger ocks\u00e5 en touch av lyx och elegans till bodystockingen.<\/li>\n\n\n\n<li><strong>Ryggl\u00f6s elegans<\/strong>: Den h\u00e4r f\u00f6rf\u00f6riska ryggl\u00f6sa designen <strong>h\u00e4ngslen kroppsstrumpa<\/strong> framh\u00e4ver din rygg, vilket g\u00f6r den till ett perfekt val f\u00f6r de d\u00e4r speciella kv\u00e4llarna.<\/li>\n\n\n\n<li><strong>Perfekt passform<\/strong>: V\u00e5r kroppsstrumpa \u00e4r tillverkad av t\u00f6jbart material och s\u00e4kerst\u00e4ller en \u00e5tsittande och bekv\u00e4m passform och framh\u00e4ver dina kurvor p\u00e5 alla r\u00e4tt st\u00e4llen.<\/li>\n<\/ol>\n\n\n\n<p>Upplev den perfekta blandningen av stil och sensualitet med v\u00e5r bodystocking med en axelremsa. Med sin uts\u00f6kta design och f\u00f6rstklassiga kvalitet, lovar detta pj\u00e4s att bli en showstopper. Best\u00e4ll din idag och omfamna din inre gudinna!<\/p>","protected":false},"excerpt":{"rendered":"<p>F\u00f6rh\u00f6j din underkl\u00e4deskollektion med v\u00e5r <strong>kroppsstrumpa i svart mesh<\/strong>. Denna unika kort\u00e4rmade design med en axel, i kombination med intrikat ih\u00e5lig jacquard och en kvav ryggl\u00f6s funktion, \u00e4r symbolen f\u00f6r elegans och sensualitet.<\/p>","protected":false},"featured_media":46375,"template":"","meta":[],"product_brand":[],"product_cat":[405,404,410],"product_tag":[],"class_list":{"0":"post-46367","1":"product","2":"type-product","3":"status-publish","4":"has-post-thumbnail","6":"product_cat-wholesale-bodystocking","7":"product_cat-sexy-stocking","8":"product_cat-wholesale-suspender-bodystocking","9":"pa_color-black","10":"pa_size-free","12":"first","13":"instock","14":"taxable","15":"shipping-taxable","16":"purchasable","17":"product-type-variable"},"tiered_pricing_type":"fixed","tiered_pricing_fixed_rules":[],"tiered_pricing_product_settings":{"layout":"default","base_unit_name":{"singular":null,"plural":null},"default_variation":{}},"tiered_pricing_minimum_quantity":null,"tiered_pricing_roles_data":[],"tiered_pricing_percentage_rules":[],"tiered_pricing_maximum_quantity":null,"tiered_pricing_quantity_step":null,"_links":{"self":[{"href":"https:\/\/gretasexylingerie.com\/sv\/wp-json\/wp\/v2\/product\/46367","targetHints":{"allow":["GET"]}}],"collection":[{"href":"https:\/\/gretasexylingerie.com\/sv\/wp-json\/wp\/v2\/product"}],"about":[{"href":"https:\/\/gretasexylingerie.com\/sv\/wp-json\/wp\/v2\/types\/product"}],"wp:featuredmedia":[{"embeddable":true,"href":"https:\/\/gretasexylingerie.com\/sv\/wp-json\/wp\/v2\/media\/46375"}],"wp:attachment":[{"href":"https:\/\/gretasexylingerie.com\/sv\/wp-json\/wp\/v2\/media?parent=46367"}],"wp:term":[{"taxonomy":"product_brand","embeddable":true,"href":"https:\/\/gretasexylingerie.com\/sv\/wp-json\/wp\/v2\/product_brand?post=46367"},{"taxonomy":"product_cat","embeddable":true,"href":"https:\/\/gretasexylingerie.com\/sv\/wp-json\/wp\/v2\/product_cat?post=46367"},{"taxonomy":"product_tag","embeddable":true,"href":"https:\/\/gretasexylingerie.com\/sv\/wp-json\/wp\/v2\/product_tag?post=46367"}],"curies":[{"name":"wp","href":"https:\/\/api.w.org\/{rel}","templated":true}]}}