{"id":46357,"date":"2023-11-01T21:46:18","date_gmt":"2023-11-01T13:46:18","guid":{"rendered":"https:\/\/gretasexylingerie.com\/?post_type=product&#038;p=46357"},"modified":"2023-11-01T21:47:23","modified_gmt":"2023-11-01T13:47:23","slug":"grossist-strass-helkroppsstrumpa-med-transparent-jacquard","status":"publish","type":"product","link":"https:\/\/gretasexylingerie.com\/sv\/products\/wholesale-rhinestone-full-bodystocking-with-transparent-jacquard\/","title":{"rendered":"Rhinestone helkroppsstrumpa i parti med transparent jacquard"},"content":{"rendered":"<ol class=\"wp-block-list\">\n<li><strong>Rhinestone utsmyckningar<\/strong>: Varje <strong>diamantn\u00e4t bodystocking<\/strong> \u00e4r prydd med gnistrande strass, vilket ger en touch av lyx och glamour till din look. De skimrande utsmyckningarna f\u00e5ngar ljuset vackert och ser till att du lyser fr\u00e5n alla vinklar.<\/li>\n\n\n\n<li><strong>Transparent n\u00e4tmaterial<\/strong>: Tillverkad av h\u00f6gkvalitativt genomskinligt mesh, ger den h\u00e4r kroppsstrumpan en lockande glimt av din hud under. Materialet \u00e4r mjukt, t\u00f6jbart och s\u00e4kerst\u00e4ller en \u00e5tsittande passform.<\/li>\n\n\n\n<li><strong>Ryggl\u00f6s design<\/strong>: Den h\u00e4r f\u00f6rf\u00f6riska ryggl\u00f6sa designen <strong>strumpeband bodystocking<\/strong> accentuerar din rygg och l\u00e4gger till ett element av \u00f6verraskning och lockelse till din ensemble.<\/li>\n\n\n\n<li><strong>Sexig grendetaljer<\/strong>: Kroppsstrumpan har en unikt designad sexig gren, vilket s\u00e4kerst\u00e4ller att du k\u00e4nner dig sj\u00e4lvs\u00e4ker och st\u00e4rkt varje g\u00e5ng du b\u00e4r den.<\/li>\n\n\n\n<li><strong>Uts\u00f6kt transparent Jacquard<\/strong>: De genomskinliga jacquarddetaljerna l\u00e4gger till en touch av sofistikering och elegans till bodystockingen, vilket g\u00f6r den perfekt f\u00f6r speciella tillf\u00e4llen.<\/li>\n<\/ol>\n\n\n\n<p>Lyft upp din intima kl\u00e4dsel med v\u00e5r strass-utsmyckade bodystocking. Med sin lyxiga design och uppm\u00e4rksamhet p\u00e5 detaljer, lovar detta stycke att f\u00e5 dig att k\u00e4nna dig sj\u00e4lvs\u00e4ker, bemyndigad och oemotst\u00e5ndligt f\u00f6rf\u00f6risk. V\u00e4nta inte, l\u00e4gg till detta m\u00e4sterverk till din samling idag och gl\u00e4nsa som den stj\u00e4rna du \u00e4r!<\/p>","protected":false},"excerpt":{"rendered":"<p>Vi presenterar v\u00e5r <strong>helkroppsstrumpa<\/strong>, prydd med skimrande strass och tillverkad av transparent mesh. Denna ryggl\u00f6sa design, i kombination med en sexig gren och invecklad transparent jacquard, lovar att bli mittpunkten i din intima samling.<\/p>","protected":false},"featured_media":46362,"template":"","meta":[],"product_brand":[],"product_cat":[405,407,408,404],"product_tag":[],"class_list":{"0":"post-46357","1":"product","2":"type-product","3":"status-publish","4":"has-post-thumbnail","6":"product_cat-wholesale-bodystocking","7":"product_cat-wholesale-full-body-stocking","8":"product_cat-wholesale-rhinestone-bodystocking","9":"product_cat-sexy-stocking","10":"pa_color-black","11":"pa_size-free","13":"first","14":"instock","15":"taxable","16":"shipping-taxable","17":"purchasable","18":"product-type-variable"},"tiered_pricing_type":"fixed","tiered_pricing_fixed_rules":[],"tiered_pricing_product_settings":{"layout":"default","base_unit_name":{"singular":null,"plural":null},"default_variation":{}},"tiered_pricing_minimum_quantity":null,"tiered_pricing_roles_data":[],"tiered_pricing_percentage_rules":[],"tiered_pricing_maximum_quantity":null,"tiered_pricing_quantity_step":null,"_links":{"self":[{"href":"https:\/\/gretasexylingerie.com\/sv\/wp-json\/wp\/v2\/product\/46357","targetHints":{"allow":["GET"]}}],"collection":[{"href":"https:\/\/gretasexylingerie.com\/sv\/wp-json\/wp\/v2\/product"}],"about":[{"href":"https:\/\/gretasexylingerie.com\/sv\/wp-json\/wp\/v2\/types\/product"}],"wp:featuredmedia":[{"embeddable":true,"href":"https:\/\/gretasexylingerie.com\/sv\/wp-json\/wp\/v2\/media\/46362"}],"wp:attachment":[{"href":"https:\/\/gretasexylingerie.com\/sv\/wp-json\/wp\/v2\/media?parent=46357"}],"wp:term":[{"taxonomy":"product_brand","embeddable":true,"href":"https:\/\/gretasexylingerie.com\/sv\/wp-json\/wp\/v2\/product_brand?post=46357"},{"taxonomy":"product_cat","embeddable":true,"href":"https:\/\/gretasexylingerie.com\/sv\/wp-json\/wp\/v2\/product_cat?post=46357"},{"taxonomy":"product_tag","embeddable":true,"href":"https:\/\/gretasexylingerie.com\/sv\/wp-json\/wp\/v2\/product_tag?post=46357"}],"curies":[{"name":"wp","href":"https:\/\/api.w.org\/{rel}","templated":true}]}}